{"id":2093,"date":"2019-09-18T08:29:44","date_gmt":"2019-09-18T08:29:44","guid":{"rendered":"https:\/\/vivianfriedrich.info\/?page_id=2093"},"modified":"2025-01-20T21:01:42","modified_gmt":"2025-01-20T21:01:42","slug":"background","status":"publish","type":"page","link":"http:\/\/vivianfriedrich.info\/?page_id=2093&lang=es","title":{"rendered":"Background"},"content":{"rendered":"\t\t<div data-elementor-type=\"wp-page\" data-elementor-id=\"2093\" class=\"elementor elementor-2093 elementor-4\">\n\t\t\t\t\t\t\t\t\t<section class=\"elementor-section elementor-top-section elementor-element elementor-element-2deab5ba elementor-section-boxed elementor-section-height-default elementor-section-height-default\" data-id=\"2deab5ba\" data-element_type=\"section\">\n\t\t\t\t\t\t<div class=\"elementor-container elementor-column-gap-default\">\n\t\t\t\t\t<div class=\"elementor-column elementor-col-100 elementor-top-column elementor-element elementor-element-13a775b\" data-id=\"13a775b\" data-element_type=\"column\">\n\t\t\t<div class=\"elementor-widget-wrap elementor-element-populated\">\n\t\t\t\t\t\t\t\t<div class=\"elementor-element elementor-element-6daff2c6 elementor-widget-divider--view-line elementor-widget elementor-widget-divider\" data-id=\"6daff2c6\" data-element_type=\"widget\" data-widget_type=\"divider.default\">\n\t\t\t\t<div class=\"elementor-widget-container\">\n\t\t\t<style>\/*! elementor - v3.6.0 - 21-03-2022 *\/\n.elementor-widget-divider{--divider-border-style:none;--divider-border-width:1px;--divider-color:#2c2c2c;--divider-icon-size:20px;--divider-element-spacing:10px;--divider-pattern-height:24px;--divider-pattern-size:20px;--divider-pattern-url:none;--divider-pattern-repeat:repeat-x}.elementor-widget-divider .elementor-divider{display:-webkit-box;display:-ms-flexbox;display:flex}.elementor-widget-divider .elementor-divider__text{font-size:15px;line-height:1;max-width:95%}.elementor-widget-divider .elementor-divider__element{margin:0 var(--divider-element-spacing);-ms-flex-negative:0;flex-shrink:0}.elementor-widget-divider .elementor-icon{font-size:var(--divider-icon-size)}.elementor-widget-divider .elementor-divider-separator{display:-webkit-box;display:-ms-flexbox;display:flex;margin:0;direction:ltr}.elementor-widget-divider--view-line_icon .elementor-divider-separator,.elementor-widget-divider--view-line_text .elementor-divider-separator{-webkit-box-align:center;-ms-flex-align:center;align-items:center}.elementor-widget-divider--view-line_icon .elementor-divider-separator:after,.elementor-widget-divider--view-line_icon .elementor-divider-separator:before,.elementor-widget-divider--view-line_text .elementor-divider-separator:after,.elementor-widget-divider--view-line_text .elementor-divider-separator:before{display:block;content:\"\";border-bottom:0;-webkit-box-flex:1;-ms-flex-positive:1;flex-grow:1;border-top:var(--divider-border-width) var(--divider-border-style) var(--divider-color)}.elementor-widget-divider--element-align-left .elementor-divider .elementor-divider-separator>.elementor-divider__svg:first-of-type{-webkit-box-flex:0;-ms-flex-positive:0;flex-grow:0;-ms-flex-negative:100;flex-shrink:100}.elementor-widget-divider--element-align-left .elementor-divider-separator:before{content:none}.elementor-widget-divider--element-align-left .elementor-divider__element{margin-left:0}.elementor-widget-divider--element-align-right .elementor-divider .elementor-divider-separator>.elementor-divider__svg:last-of-type{-webkit-box-flex:0;-ms-flex-positive:0;flex-grow:0;-ms-flex-negative:100;flex-shrink:100}.elementor-widget-divider--element-align-right .elementor-divider-separator:after{content:none}.elementor-widget-divider--element-align-right .elementor-divider__element{margin-right:0}.elementor-widget-divider:not(.elementor-widget-divider--view-line_text):not(.elementor-widget-divider--view-line_icon) .elementor-divider-separator{border-top:var(--divider-border-width) var(--divider-border-style) var(--divider-color)}.elementor-widget-divider--separator-type-pattern{--divider-border-style:none}.elementor-widget-divider--separator-type-pattern.elementor-widget-divider--view-line .elementor-divider-separator,.elementor-widget-divider--separator-type-pattern:not(.elementor-widget-divider--view-line) .elementor-divider-separator:after,.elementor-widget-divider--separator-type-pattern:not(.elementor-widget-divider--view-line) .elementor-divider-separator:before,.elementor-widget-divider--separator-type-pattern:not([class*=elementor-widget-divider--view]) .elementor-divider-separator{width:100%;min-height:var(--divider-pattern-height);-webkit-mask-size:var(--divider-pattern-size) 100%;mask-size:var(--divider-pattern-size) 100%;-webkit-mask-repeat:var(--divider-pattern-repeat);mask-repeat:var(--divider-pattern-repeat);background-color:var(--divider-color);-webkit-mask-image:var(--divider-pattern-url);mask-image:var(--divider-pattern-url)}.elementor-widget-divider--no-spacing{--divider-pattern-size:auto}.elementor-widget-divider--bg-round{--divider-pattern-repeat:round}.rtl .elementor-widget-divider .elementor-divider__text{direction:rtl}<\/style>\t\t<div class=\"elementor-divider\">\n\t\t\t<span class=\"elementor-divider-separator\">\n\t\t\t\t\t\t<\/span>\n\t\t<\/div>\n\t\t\t\t<\/div>\n\t\t\t\t<\/div>\n\t\t\t\t\t<\/div>\n\t\t<\/div>\n\t\t\t\t\t\t\t<\/div>\n\t\t<\/section>\n\t\t\t\t<section class=\"elementor-section elementor-top-section elementor-element elementor-element-3642deff elementor-section-boxed elementor-section-height-default elementor-section-height-default\" data-id=\"3642deff\" data-element_type=\"section\">\n\t\t\t\t\t\t<div class=\"elementor-container elementor-column-gap-default\">\n\t\t\t\t\t<div class=\"elementor-column elementor-col-100 elementor-top-column elementor-element elementor-element-443d4aee\" data-id=\"443d4aee\" data-element_type=\"column\">\n\t\t\t<div class=\"elementor-widget-wrap elementor-element-populated\">\n\t\t\t\t\t\t\t\t<div class=\"elementor-element elementor-element-4bb7f160 elementor-widget elementor-widget-text-editor\" data-id=\"4bb7f160\" data-element_type=\"widget\" data-widget_type=\"text-editor.default\">\n\t\t\t\t<div class=\"elementor-widget-container\">\n\t\t\t<style>\/*! elementor - v3.6.0 - 21-03-2022 *\/\n.elementor-widget-text-editor.elementor-drop-cap-view-stacked .elementor-drop-cap{background-color:#818a91;color:#fff}.elementor-widget-text-editor.elementor-drop-cap-view-framed .elementor-drop-cap{color:#818a91;border:3px solid;background-color:transparent}.elementor-widget-text-editor:not(.elementor-drop-cap-view-default) .elementor-drop-cap{margin-top:8px}.elementor-widget-text-editor:not(.elementor-drop-cap-view-default) .elementor-drop-cap-letter{width:1em;height:1em}.elementor-widget-text-editor .elementor-drop-cap{float:left;text-align:center;line-height:1;font-size:50px}.elementor-widget-text-editor .elementor-drop-cap-letter{display:inline-block}<\/style>\t\t\t\t<h1>Creadora de circo_actriz especialista_Investigadora_ Directora art\u00edstica<\/h1>\t\t\t\t\t\t<\/div>\n\t\t\t\t<\/div>\n\t\t\t\t\t<\/div>\n\t\t<\/div>\n\t\t\t\t\t\t\t<\/div>\n\t\t<\/section>\n\t\t\t\t<section class=\"elementor-section elementor-top-section elementor-element elementor-element-563d3b25 elementor-section-boxed elementor-section-height-default elementor-section-height-default\" data-id=\"563d3b25\" data-element_type=\"section\">\n\t\t\t\t\t\t<div class=\"elementor-container elementor-column-gap-default\">\n\t\t\t\t\t<div class=\"elementor-column elementor-col-50 elementor-top-column elementor-element elementor-element-2e86fc3a\" data-id=\"2e86fc3a\" data-element_type=\"column\">\n\t\t\t<div class=\"elementor-widget-wrap elementor-element-populated\">\n\t\t\t\t\t\t\t\t<div class=\"elementor-element elementor-element-3841bc88 elementor-widget elementor-widget-image\" data-id=\"3841bc88\" data-element_type=\"widget\" data-widget_type=\"image.default\">\n\t\t\t\t<div class=\"elementor-widget-container\">\n\t\t\t<style>\/*! elementor - v3.6.0 - 21-03-2022 *\/\n.elementor-widget-image{text-align:center}.elementor-widget-image a{display:inline-block}.elementor-widget-image a img[src$=\".svg\"]{width:48px}.elementor-widget-image img{vertical-align:middle;display:inline-block}<\/style>\t\t\t\t\t\t\t\t\t\t\t\t<img width=\"1024\" height=\"507\" src=\"http:\/\/vivianfriedrich.info\/wp-content\/uploads\/2022\/07\/VivianFriedrich-copy-1024x507.jpg\" class=\"attachment-large size-large\" alt=\"\" loading=\"lazy\" srcset=\"http:\/\/vivianfriedrich.info\/wp-content\/uploads\/2022\/07\/VivianFriedrich-copy-1024x507.jpg 1024w, http:\/\/vivianfriedrich.info\/wp-content\/uploads\/2022\/07\/VivianFriedrich-copy-300x149.jpg 300w, http:\/\/vivianfriedrich.info\/wp-content\/uploads\/2022\/07\/VivianFriedrich-copy-768x380.jpg 768w, http:\/\/vivianfriedrich.info\/wp-content\/uploads\/2022\/07\/VivianFriedrich-copy-1536x761.jpg 1536w, http:\/\/vivianfriedrich.info\/wp-content\/uploads\/2022\/07\/VivianFriedrich-copy-2048x1014.jpg 2048w\" sizes=\"(max-width: 1024px) 100vw, 1024px\" \/>\t\t\t\t\t\t\t\t\t\t\t\t\t\t\t<\/div>\n\t\t\t\t<\/div>\n\t\t\t\t\t<\/div>\n\t\t<\/div>\n\t\t\t\t<div class=\"elementor-column elementor-col-50 elementor-top-column elementor-element elementor-element-6eba29ac\" data-id=\"6eba29ac\" data-element_type=\"column\">\n\t\t\t<div class=\"elementor-widget-wrap elementor-element-populated\">\n\t\t\t\t\t\t\t\t<div class=\"elementor-element elementor-element-3246cc31 elementor-widget elementor-widget-text-editor\" data-id=\"3246cc31\" data-element_type=\"widget\" data-widget_type=\"text-editor.default\">\n\t\t\t\t<div class=\"elementor-widget-container\">\n\t\t\t\t\t\t\t\t\t\t\t\t\t<\/div>\n\t\t\t\t<\/div>\n\t\t\t\t\t<\/div>\n\t\t<\/div>\n\t\t\t\t\t\t\t<\/div>\n\t\t<\/section>\n\t\t\t\t<section class=\"elementor-section elementor-top-section elementor-element elementor-element-2452bb70 elementor-section-boxed elementor-section-height-default elementor-section-height-default\" data-id=\"2452bb70\" data-element_type=\"section\">\n\t\t\t\t\t\t<div class=\"elementor-container elementor-column-gap-default\">\n\t\t\t\t\t<div class=\"elementor-column elementor-col-100 elementor-top-column elementor-element elementor-element-49891d5b\" data-id=\"49891d5b\" data-element_type=\"column\">\n\t\t\t<div class=\"elementor-widget-wrap elementor-element-populated\">\n\t\t\t\t\t\t\t\t<div class=\"elementor-element elementor-element-63db4974 elementor-widget elementor-widget-text-editor\" data-id=\"63db4974\" data-element_type=\"widget\" data-widget_type=\"text-editor.default\">\n\t\t\t\t<div class=\"elementor-widget-container\">\n\t\t\t\t\t\t\t<p>Trabaj\u00e9 en escena en el&nbsp;KIEZ, el barrio rojo de Hamburgo, y en el&nbsp;Teatro Nacional&nbsp;de T\u00fanez. He estudiado en una escuela de circo en Tilburg (Holanda), complementando esta formaci\u00f3n con estudios de psicolog\u00eda, cursos de danza y teatro f\u00edsico en diferentes lugares como Barcelona, Catalunya, Hamburgo y Schleswig-Holstein (Alemania).<br>El hecho de que nac\u00ed el a\u00f1o en el que cay\u00f3 el Muro de Berl\u00edn ha sido especialmente significativo para m\u00ed, pues este evento me mantiene cuestion\u00e1ndome los l\u00edmites mentales y f\u00edsicos que la humanidad es capaz de establecer. Del mismo modo, el hecho de haber nacido en una familia de vidrieras\/os, conocidas como vidrieros\/as de Bohemia, ha influido en mi fascinaci\u00f3n por las formas y los reflejos.<\/p>\t\t\t\t\t\t<\/div>\n\t\t\t\t<\/div>\n\t\t\t\t\t<\/div>\n\t\t<\/div>\n\t\t\t\t\t\t\t<\/div>\n\t\t<\/section>\n\t\t\t\t<section class=\"elementor-section elementor-top-section elementor-element elementor-element-379c9f4a elementor-section-boxed elementor-section-height-default elementor-section-height-default\" data-id=\"379c9f4a\" data-element_type=\"section\">\n\t\t\t\t\t\t<div class=\"elementor-container elementor-column-gap-extended\">\n\t\t\t\t\t<div class=\"elementor-column elementor-col-66 elementor-top-column elementor-element elementor-element-e7266ad\" data-id=\"e7266ad\" data-element_type=\"column\">\n\t\t\t<div class=\"elementor-widget-wrap elementor-element-populated\">\n\t\t\t\t\t\t\t\t<div class=\"elementor-element elementor-element-5583167a elementor-widget elementor-widget-text-editor\" data-id=\"5583167a\" data-element_type=\"widget\" data-widget_type=\"text-editor.default\">\n\t\t\t\t<div class=\"elementor-widget-container\">\n\t\t\t\t\t\t\t<p>Mi pasi\u00f3n por el circo y mi af\u00e1n por reflexionar sobre este arte como lenguaje fueron los motivos que me impulsaron a poner en marcha el proyecto de las <a href=\"https:\/\/lacentraldelcirc.cat\/es\/creacio-recerca\/nom-projecte-de-reflexio\/\">\u201cJornadas de Intercambio de Dramaturgia y Escritura Esc\u00e9nica\u201d<\/a> en\u00a0La Central del Circ,\u00a0Barcelona.<br \/>Durante estos \u00faltimos a\u00f1os me he dedicado a los procesos creativos, la dramaturgia circense y la investigaci\u00f3n.<\/p><p>Desde el 2023 la <strong>NAU Churuduu<\/strong> es mi espacio de creaci\u00f3n art\u00edstica, investigaci\u00f3n y colaboraci\u00f3n, situado en Manlleu, Osona \u2013 Barcelona.<br \/><br \/>Se trata de un espacio para potenciar el circo como lenguaje de movimiento, explorando nuevas dramaturgias. Adem\u00e1s, quiere estimular y facilitar una fuerte conexi\u00f3n con las artes visuales y la artesan\u00eda. Actualmente es un espacio dedicado especialmente a la investigaci\u00f3n con vidrio.<\/p><p>\u00a0<\/p>\t\t\t\t\t\t<\/div>\n\t\t\t\t<\/div>\n\t\t\t\t\t<\/div>\n\t\t<\/div>\n\t\t\t\t<div class=\"elementor-column elementor-col-33 elementor-top-column elementor-element elementor-element-74063f01\" data-id=\"74063f01\" data-element_type=\"column\">\n\t\t\t<div class=\"elementor-widget-wrap elementor-element-populated\">\n\t\t\t\t\t\t\t\t<div class=\"elementor-element elementor-element-70088f5a elementor-widget elementor-widget-image\" data-id=\"70088f5a\" data-element_type=\"widget\" data-widget_type=\"image.default\">\n\t\t\t\t<div class=\"elementor-widget-container\">\n\t\t\t\t\t\t\t\t\t\t\t\t\t\t\t<img width=\"768\" height=\"1024\" src=\"http:\/\/vivianfriedrich.info\/wp-content\/uploads\/2024\/03\/Nau-Churuduu-2-768x1024.jpg\" class=\"attachment-large size-large\" alt=\"\" loading=\"lazy\" srcset=\"http:\/\/vivianfriedrich.info\/wp-content\/uploads\/2024\/03\/Nau-Churuduu-2-768x1024.jpg 768w, http:\/\/vivianfriedrich.info\/wp-content\/uploads\/2024\/03\/Nau-Churuduu-2-225x300.jpg 225w, http:\/\/vivianfriedrich.info\/wp-content\/uploads\/2024\/03\/Nau-Churuduu-2-1152x1536.jpg 1152w, http:\/\/vivianfriedrich.info\/wp-content\/uploads\/2024\/03\/Nau-Churuduu-2-1536x2048.jpg 1536w, http:\/\/vivianfriedrich.info\/wp-content\/uploads\/2024\/03\/Nau-Churuduu-2-scaled.jpg 1920w\" sizes=\"(max-width: 768px) 100vw, 768px\" \/>\t\t\t\t\t\t\t\t\t\t\t\t\t\t\t<\/div>\n\t\t\t\t<\/div>\n\t\t\t\t\t<\/div>\n\t\t<\/div>\n\t\t\t\t\t\t\t<\/div>\n\t\t<\/section>\n\t\t\t\t<section class=\"elementor-section elementor-top-section elementor-element elementor-element-6bf7c861 elementor-section-boxed elementor-section-height-default elementor-section-height-default\" data-id=\"6bf7c861\" data-element_type=\"section\">\n\t\t\t\t\t\t<div class=\"elementor-container elementor-column-gap-narrow\">\n\t\t\t\t\t<div class=\"elementor-column elementor-col-50 elementor-top-column elementor-element elementor-element-766338b5\" data-id=\"766338b5\" data-element_type=\"column\">\n\t\t\t<div class=\"elementor-widget-wrap elementor-element-populated\">\n\t\t\t\t\t\t\t\t<div class=\"elementor-element elementor-element-737fda0c elementor-widget elementor-widget-text-editor\" data-id=\"737fda0c\" data-element_type=\"widget\" data-widget_type=\"text-editor.default\">\n\t\t\t\t<div class=\"elementor-widget-container\">\n\t\t\t\t\t\t\t\t\t\t\t\t\t<\/div>\n\t\t\t\t<\/div>\n\t\t\t\t\t<\/div>\n\t\t<\/div>\n\t\t\t\t<div class=\"elementor-column elementor-col-25 elementor-top-column elementor-element elementor-element-2cb28ad1\" data-id=\"2cb28ad1\" data-element_type=\"column\">\n\t\t\t<div class=\"elementor-widget-wrap\">\n\t\t\t\t\t\t\t\t\t<\/div>\n\t\t<\/div>\n\t\t\t\t<div class=\"elementor-column elementor-col-25 elementor-top-column elementor-element elementor-element-7dc8484a\" data-id=\"7dc8484a\" data-element_type=\"column\">\n\t\t\t<div class=\"elementor-widget-wrap\">\n\t\t\t\t\t\t\t\t\t<\/div>\n\t\t<\/div>\n\t\t\t\t\t\t\t<\/div>\n\t\t<\/section>\n\t\t\t\t<section class=\"elementor-section elementor-top-section elementor-element elementor-element-561308f8 elementor-section-boxed elementor-section-height-default elementor-section-height-default\" data-id=\"561308f8\" data-element_type=\"section\">\n\t\t\t\t\t\t<div class=\"elementor-container elementor-column-gap-default\">\n\t\t\t\t\t<div class=\"elementor-column elementor-col-66 elementor-top-column elementor-element elementor-element-c3f9ea9\" data-id=\"c3f9ea9\" data-element_type=\"column\">\n\t\t\t<div class=\"elementor-widget-wrap elementor-element-populated\">\n\t\t\t\t\t\t\t\t<div class=\"elementor-element elementor-element-f8b656b elementor-widget elementor-widget-text-editor\" data-id=\"f8b656b\" data-element_type=\"widget\" data-widget_type=\"text-editor.default\">\n\t\t\t\t<div class=\"elementor-widget-container\">\n\t\t\t\t\t\t\t\t\t\t\t\t\t<\/div>\n\t\t\t\t<\/div>\n\t\t\t\t\t<\/div>\n\t\t<\/div>\n\t\t\t\t<div class=\"elementor-column elementor-col-33 elementor-top-column elementor-element elementor-element-b1b7cfc\" data-id=\"b1b7cfc\" data-element_type=\"column\">\n\t\t\t<div class=\"elementor-widget-wrap\">\n\t\t\t\t\t\t\t\t\t<\/div>\n\t\t<\/div>\n\t\t\t\t\t\t\t<\/div>\n\t\t<\/section>\n\t\t\t\t<section class=\"elementor-section elementor-top-section elementor-element elementor-element-24736063 elementor-section-boxed elementor-section-height-default elementor-section-height-default\" data-id=\"24736063\" data-element_type=\"section\">\n\t\t\t\t\t\t<div class=\"elementor-container elementor-column-gap-default\">\n\t\t\t\t\t<div class=\"elementor-column elementor-col-100 elementor-top-column elementor-element elementor-element-1751fc8b\" data-id=\"1751fc8b\" data-element_type=\"column\">\n\t\t\t<div class=\"elementor-widget-wrap elementor-element-populated\">\n\t\t\t\t\t\t\t\t<div class=\"elementor-element elementor-element-44ab49e9 elementor-widget elementor-widget-text-editor\" data-id=\"44ab49e9\" data-element_type=\"widget\" data-widget_type=\"text-editor.default\">\n\t\t\t\t<div class=\"elementor-widget-container\">\n\t\t\t\t\t\t\t<div id=\"primary\" class=\"content-area clr\">\n<div id=\"content\" class=\"site-content clr\">\n<article class=\"single-page-article clr\">\n<div class=\"entry clr\">\n<p><b>Agunos hechos:<br><\/b><\/p>\n<p><strong>2018\/19<\/strong> Circus Dramaturgie Certificate, Centre National des Arts du Cirque Ch\u00e2lons en Champagne (FR) and Ecole Sup\u00e9rieure des Arts du Cirque Brussels<\/p>\n<p><strong>2010- 2015<\/strong> B.Sc. Psychology, (thesis: Regulation of emotions and interhemispheric communication), FernUniversit\u00e4t Hagen<\/p>\n<p><strong>2009-2010<\/strong> \u201cPropedeuse\u201c (dutch diploma) in Circus and Performance Art, Fontys Hogescholen voor de Kunsten, Tilburg, NL<\/p>\n<p>++dance and movement trainings ++<\/p>\n<p><strong>Festivales y teatros donde actu\u00f3 la compa\u00f1\u00eda:<\/strong><\/p>\n<p>Festival OFF Avignon, Mercat de les Flors, Journ\u00e9e Th\u00e9\u00e2trales de Catharge, Fira Mediterranea de Manresa, Teatre Principal de Olot, Sprechwerk Hamburg, Gran Teatro de Caceres, B-FIT in the Street Festival Bucharest, La Muralla en Danza Pamplona, La Bisbal, Fringe Festival Madrid, Theaterspektakel Z\u00fcrich, Umore Azoka, Berlin Circus Festival, Teatro Guimer\u00e1 Santa Cruz de Tenerife, Festival Presente Futuro- Teatro Libero Palermo\u2026.<\/p>\n<p><strong>Residencias and suporte:<\/strong><\/p>\n<p>Generalitat de Catalunya, Premis de Barcelona, Mercat de les Flors, Cirklabo, INAEM, RamonLlull, CircusNext+; EU Circus Incubator Project Montreal and Helsinki; Research scholarship Generalitat de Catalunya; Incubator Scholarship La Central del Circ ; The Arts Printing House Vilnius; KONVENT; Ponderosa Movement and Discovery; La Central del Circ; Lleialtat Santsenca; NunArt Barcelona; Kulturbahnhof Ottersberg; L\u2019Estruch de Sabadell; LaBonita; Centre Civic El Sortidor; Nau Ivanow, Theaterwerkstatt Pilkentafel, Encirca\u2019t Arenys de Munt, LaBau, Can Gassol Matar\u00f3, Fira Mediterr\u00e0nea de Manresa, Fundaci\u00f3n La Plana,, Zirkozaurre, CRAC\u2026<\/p>\n<\/div>\n<\/article>\n<\/div>\n<\/div>\t\t\t\t\t\t<\/div>\n\t\t\t\t<\/div>\n\t\t\t\t\t<\/div>\n\t\t<\/div>\n\t\t\t\t\t\t\t<\/div>\n\t\t<\/section>\n\t\t\t\t\t\t\t<\/div>\n\t\t","protected":false},"excerpt":{"rendered":"<p>Creadora de circo_actriz especialista_Investigadora_ Directora art\u00edstica Trabaj\u00e9 en escena en el&nbsp;KIEZ, el barrio rojo de Hamburgo, y en el&nbsp;Teatro Nacional&nbsp;de T\u00fanez. He estudiado en una escuela de circo en Tilburg (Holanda), complementando esta formaci\u00f3n con estudios de psicolog\u00eda, cursos de danza y teatro f\u00edsico en diferentes lugares como Barcelona, Catalunya, Hamburgo y Schleswig-Holstein (Alemania).El hecho [&hellip;]<\/p>\n","protected":false},"author":1,"featured_media":0,"parent":0,"menu_order":3,"comment_status":"closed","ping_status":"closed","template":"","meta":[],"_links":{"self":[{"href":"http:\/\/vivianfriedrich.info\/index.php?rest_route=\/wp\/v2\/pages\/2093"}],"collection":[{"href":"http:\/\/vivianfriedrich.info\/index.php?rest_route=\/wp\/v2\/pages"}],"about":[{"href":"http:\/\/vivianfriedrich.info\/index.php?rest_route=\/wp\/v2\/types\/page"}],"author":[{"embeddable":true,"href":"http:\/\/vivianfriedrich.info\/index.php?rest_route=\/wp\/v2\/users\/1"}],"replies":[{"embeddable":true,"href":"http:\/\/vivianfriedrich.info\/index.php?rest_route=%2Fwp%2Fv2%2Fcomments&post=2093"}],"version-history":[{"count":19,"href":"http:\/\/vivianfriedrich.info\/index.php?rest_route=\/wp\/v2\/pages\/2093\/revisions"}],"predecessor-version":[{"id":3651,"href":"http:\/\/vivianfriedrich.info\/index.php?rest_route=\/wp\/v2\/pages\/2093\/revisions\/3651"}],"wp:attachment":[{"href":"http:\/\/vivianfriedrich.info\/index.php?rest_route=%2Fwp%2Fv2%2Fmedia&parent=2093"}],"curies":[{"name":"wp","href":"https:\/\/api.w.org\/{rel}","templated":true}]}}