{"id":2117,"date":"2016-11-09T22:50:43","date_gmt":"2016-11-09T22:50:43","guid":{"rendered":"https:\/\/vivianfriedrich.info\/?page_id=2117"},"modified":"2024-10-10T21:29:03","modified_gmt":"2024-10-10T21:29:03","slug":"home","status":"publish","type":"page","link":"http:\/\/vivianfriedrich.info\/?page_id=2117&lang=fr","title":{"rendered":"Home"},"content":{"rendered":"\t\t<div data-elementor-type=\"wp-page\" data-elementor-id=\"2117\" class=\"elementor elementor-2117 elementor-348\">\n\t\t\t\t\t\t\t\t\t<section class=\"elementor-section elementor-top-section elementor-element elementor-element-50nx0rj elementor-section-boxed elementor-section-height-default elementor-section-height-default\" data-id=\"50nx0rj\" data-element_type=\"section\" id=\"work\">\n\t\t\t\t\t\t<div class=\"elementor-container elementor-column-gap-default\">\n\t\t\t\t\t<div class=\"elementor-column elementor-col-50 elementor-top-column elementor-element elementor-element-81146bc\" data-id=\"81146bc\" data-element_type=\"column\">\n\t\t\t<div class=\"elementor-widget-wrap elementor-element-populated\">\n\t\t\t\t\t\t\t\t<section class=\"elementor-section elementor-inner-section elementor-element elementor-element-zj7xa8g elementor-section-boxed elementor-section-height-default elementor-section-height-default\" data-id=\"zj7xa8g\" data-element_type=\"section\">\n\t\t\t\t\t\t<div class=\"elementor-container elementor-column-gap-default\">\n\t\t\t\t\t<div class=\"elementor-column elementor-col-100 elementor-inner-column elementor-element elementor-element-30pnuj9\" data-id=\"30pnuj9\" data-element_type=\"column\">\n\t\t\t<div class=\"elementor-widget-wrap elementor-element-populated\">\n\t\t\t\t\t\t\t\t<div class=\"elementor-element elementor-element-q21zpej elementor-widget elementor-widget-text-editor\" data-id=\"q21zpej\" data-element_type=\"widget\" data-widget_type=\"text-editor.default\">\n\t\t\t\t<div class=\"elementor-widget-container\">\n\t\t\t<style>\/*! elementor - v3.6.0 - 21-03-2022 *\/\n.elementor-widget-text-editor.elementor-drop-cap-view-stacked .elementor-drop-cap{background-color:#818a91;color:#fff}.elementor-widget-text-editor.elementor-drop-cap-view-framed .elementor-drop-cap{color:#818a91;border:3px solid;background-color:transparent}.elementor-widget-text-editor:not(.elementor-drop-cap-view-default) .elementor-drop-cap{margin-top:8px}.elementor-widget-text-editor:not(.elementor-drop-cap-view-default) .elementor-drop-cap-letter{width:1em;height:1em}.elementor-widget-text-editor .elementor-drop-cap{float:left;text-align:center;line-height:1;font-size:50px}.elementor-widget-text-editor .elementor-drop-cap-letter{display:inline-block}<\/style>\t\t\t\t<p>Cirque \/ Art \/ Mouvement<\/p>\n\t\t\t\t\t\t<\/div>\n\t\t\t\t<\/div>\n\t\t\t\t<div class=\"elementor-element elementor-element-jjjhysg elementor-hidden-phone elementor-widget elementor-widget-spacer\" data-id=\"jjjhysg\" data-element_type=\"widget\" data-widget_type=\"spacer.default\">\n\t\t\t\t<div class=\"elementor-widget-container\">\n\t\t\t<style>\/*! elementor - v3.6.0 - 21-03-2022 *\/\n.e-container.e-container--row .elementor-spacer-inner{width:var(--spacer-size)}.e-container.e-container--column .elementor-spacer-inner,.elementor-column .elementor-spacer-inner{height:var(--spacer-size)}<\/style>\t\t<div class=\"elementor-spacer\">\n\t\t\t<div class=\"elementor-spacer-inner\"><\/div>\n\t\t<\/div>\n\t\t\t\t<\/div>\n\t\t\t\t<\/div>\n\t\t\t\t\t<\/div>\n\t\t<\/div>\n\t\t\t\t\t\t\t<\/div>\n\t\t<\/section>\n\t\t\t\t<div class=\"elementor-element elementor-element-kxacs1l elementor-widget elementor-widget-text-editor\" data-id=\"kxacs1l\" data-element_type=\"widget\" data-widget_type=\"text-editor.default\">\n\t\t\t\t<div class=\"elementor-widget-container\">\n\t\t\t\t\t\t\t<p style=\"margin: 30px 0 15px;\">J&#8217;\u00e9cris des mots, j\u2019\u00e9cris du mouvement. Je crois \u00e0 la pens\u00e9e qui \u00e9mane du corps, sans filtre, et la consid\u00e8re comme une forme d\u2019\u00e9criture qui surgit sans l\u2019intervention des fonctions linguistiques du cerveau.<\/p>\n\t\t\t\t\t\t<\/div>\n\t\t\t\t<\/div>\n\t\t\t\t<div class=\"elementor-element elementor-element-1d5349f elementor-hidden-desktop elementor-hidden-tablet elementor-widget elementor-widget-image\" data-id=\"1d5349f\" data-element_type=\"widget\" data-widget_type=\"image.default\">\n\t\t\t\t<div class=\"elementor-widget-container\">\n\t\t\t<style>\/*! elementor - v3.6.0 - 21-03-2022 *\/\n.elementor-widget-image{text-align:center}.elementor-widget-image a{display:inline-block}.elementor-widget-image a img[src$=\".svg\"]{width:48px}.elementor-widget-image img{vertical-align:middle;display:inline-block}<\/style>\t\t\t\t\t\t\t\t\t<figure class=\"wp-caption\">\n\t\t\t\t\t\t\t\t\t\t\t<a href=\"http:\/\/vivianfriedrich.info\/?page_id=2384&#038;lang=fr\">\n\t\t\t\t\t\t\t<img width=\"980\" height=\"551\" src=\"http:\/\/vivianfriedrich.info\/wp-content\/uploads\/2022\/02\/1.jpg\" class=\"attachment-large size-large\" alt=\"\" loading=\"lazy\" srcset=\"http:\/\/vivianfriedrich.info\/wp-content\/uploads\/2022\/02\/1.jpg 980w, http:\/\/vivianfriedrich.info\/wp-content\/uploads\/2022\/02\/1-300x169.jpg 300w, http:\/\/vivianfriedrich.info\/wp-content\/uploads\/2022\/02\/1-768x432.jpg 768w\" sizes=\"(max-width: 980px) 100vw, 980px\" \/>\t\t\t\t\t\t\t\t<\/a>\n\t\t\t\t\t\t\t\t\t\t\t<figcaption class=\"widget-image-caption wp-caption-text\"><\/figcaption>\n\t\t\t\t\t\t\t\t\t\t<\/figure>\n\t\t\t\t\t\t\t\t\t<\/div>\n\t\t\t\t<\/div>\n\t\t\t\t<div class=\"elementor-element elementor-element-8d7abf9 elementor-hidden-desktop elementor-hidden-tablet elementor-widget elementor-widget-image\" data-id=\"8d7abf9\" data-element_type=\"widget\" data-widget_type=\"image.default\">\n\t\t\t\t<div class=\"elementor-widget-container\">\n\t\t\t\t\t\t\t\t\t\t\t\t<figure class=\"wp-caption\">\n\t\t\t\t\t\t\t\t\t\t\t<a href=\"https:\/\/www.somnoise.com\/copia-de-espectaculos\">\n\t\t\t\t\t\t\t<img width=\"960\" height=\"537\" src=\"http:\/\/vivianfriedrich.info\/wp-content\/uploads\/2022\/02\/37235565_2048944348560636_3592412952495390720_n-e1643824948518.jpg\" class=\"attachment-large size-large\" alt=\"\" loading=\"lazy\" srcset=\"http:\/\/vivianfriedrich.info\/wp-content\/uploads\/2022\/02\/37235565_2048944348560636_3592412952495390720_n-e1643824948518.jpg 960w, http:\/\/vivianfriedrich.info\/wp-content\/uploads\/2022\/02\/37235565_2048944348560636_3592412952495390720_n-e1643824948518-300x168.jpg 300w, http:\/\/vivianfriedrich.info\/wp-content\/uploads\/2022\/02\/37235565_2048944348560636_3592412952495390720_n-e1643824948518-768x430.jpg 768w\" sizes=\"(max-width: 960px) 100vw, 960px\" \/>\t\t\t\t\t\t\t\t<\/a>\n\t\t\t\t\t\t\t\t\t\t\t<figcaption class=\"widget-image-caption wp-caption-text\"><\/figcaption>\n\t\t\t\t\t\t\t\t\t\t<\/figure>\n\t\t\t\t\t\t\t\t\t<\/div>\n\t\t\t\t<\/div>\n\t\t\t\t<div class=\"elementor-element elementor-element-bf748de elementor-hidden-desktop elementor-hidden-tablet elementor-widget elementor-widget-image\" data-id=\"bf748de\" data-element_type=\"widget\" data-widget_type=\"image.default\">\n\t\t\t\t<div class=\"elementor-widget-container\">\n\t\t\t\t\t\t\t\t\t\t\t\t<figure class=\"wp-caption\">\n\t\t\t\t\t\t\t\t\t\t\t<a href=\"http:\/\/ilovemycarproject.com\/?page_id=225\">\n\t\t\t\t\t\t\t<img width=\"1024\" height=\"573\" src=\"http:\/\/vivianfriedrich.info\/wp-content\/uploads\/2022\/02\/3.jpg\" class=\"attachment-large size-large\" alt=\"I LOVE MY CAR\" loading=\"lazy\" srcset=\"http:\/\/vivianfriedrich.info\/wp-content\/uploads\/2022\/02\/3.jpg 1024w, http:\/\/vivianfriedrich.info\/wp-content\/uploads\/2022\/02\/3-300x168.jpg 300w, http:\/\/vivianfriedrich.info\/wp-content\/uploads\/2022\/02\/3-768x430.jpg 768w\" sizes=\"(max-width: 1024px) 100vw, 1024px\" \/>\t\t\t\t\t\t\t\t<\/a>\n\t\t\t\t\t\t\t\t\t\t\t<figcaption class=\"widget-image-caption wp-caption-text\"><\/figcaption>\n\t\t\t\t\t\t\t\t\t\t<\/figure>\n\t\t\t\t\t\t\t\t\t<\/div>\n\t\t\t\t<\/div>\n\t\t\t\t<div class=\"elementor-element elementor-element-06456e8 elementor-mobile-align-center elementor-widget elementor-widget-button\" data-id=\"06456e8\" data-element_type=\"widget\" data-widget_type=\"button.default\">\n\t\t\t\t<div class=\"elementor-widget-container\">\n\t\t\t\t\t<div class=\"elementor-button-wrapper\">\n\t\t\t<a href=\"http:\/\/vivianfriedrich.info\/?page_id=2195&#038;lang=fr\" class=\"elementor-button-link elementor-button elementor-size-sm\" role=\"button\">\n\t\t\t\t\t\t<span class=\"elementor-button-content-wrapper\">\n\t\t\t\t\t\t<span class=\"elementor-button-text\">Pi\u00e8ces &amp; Collaborations<br><\/span>\n\t\t<\/span>\n\t\t\t\t\t<\/a>\n\t\t<\/div>\n\t\t\t\t<\/div>\n\t\t\t\t<\/div>\n\t\t\t\t\t<\/div>\n\t\t<\/div>\n\t\t\t\t<div class=\"elementor-column elementor-col-50 elementor-top-column elementor-element elementor-element-bmfwd60 big-margin elementor-hidden-mobile\" data-id=\"bmfwd60\" data-element_type=\"column\">\n\t\t\t<div class=\"elementor-widget-wrap elementor-element-populated\">\n\t\t\t\t\t\t\t\t<div class=\"elementor-element elementor-element-f1bec5a elementor-arrows-position-inside elementor-pagination-position-outside elementor-widget elementor-widget-image-carousel\" data-id=\"f1bec5a\" data-element_type=\"widget\" data-settings=\"{&quot;slides_to_show&quot;:&quot;1&quot;,&quot;navigation&quot;:&quot;both&quot;,&quot;autoplay&quot;:&quot;yes&quot;,&quot;pause_on_hover&quot;:&quot;yes&quot;,&quot;pause_on_interaction&quot;:&quot;yes&quot;,&quot;autoplay_speed&quot;:5000,&quot;infinite&quot;:&quot;yes&quot;,&quot;effect&quot;:&quot;slide&quot;,&quot;speed&quot;:500}\" data-widget_type=\"image-carousel.default\">\n\t\t\t\t<div class=\"elementor-widget-container\">\n\t\t\t<style>\/*! elementor - v3.6.0 - 21-03-2022 *\/\n.elementor-widget-image-carousel .swiper-container{position:static}.elementor-widget-image-carousel .swiper-container .swiper-slide figure{line-height:inherit}.elementor-widget-image-carousel .swiper-slide{text-align:center}.elementor-image-carousel-wrapper:not(.swiper-container-initialized) .swiper-slide{max-width:calc(100% \/ var(--e-image-carousel-slides-to-show, 3))}<\/style>\t\t<div class=\"elementor-image-carousel-wrapper swiper-container\" dir=\"ltr\">\n\t\t\t<div class=\"elementor-image-carousel swiper-wrapper swiper-image-stretch\">\n\t\t\t\t\t\t\t\t<div class=\"swiper-slide\"><a data-elementor-open-lightbox=\"yes\" data-elementor-lightbox-slideshow=\"f1bec5a\" e-action-hash=\"#elementor-action%3Aaction%3Dlightbox%26settings%3DeyJpZCI6NDY2LCJ1cmwiOiJodHRwOlwvXC92aXZpYW5mcmllZHJpY2guaW5mb1wvd3AtY29udGVudFwvdXBsb2Fkc1wvMjAyMlwvMDJcL3ZpdmktYWl0ci1jb3B5LTEtc2NhbGVkLmpwZyIsInNsaWRlc2hvdyI6ImYxYmVjNWEifQ%3D%3D\" href=\"http:\/\/vivianfriedrich.info\/?page_id=2195&#038;lang=fr\"><figure class=\"swiper-slide-inner\"><img class=\"swiper-slide-image\" src=\"http:\/\/vivianfriedrich.info\/wp-content\/uploads\/2022\/02\/vivi-aitr-copy-1-1024x588.jpg\" alt=\"\" \/><\/figure><\/a><\/div>\t\t\t<\/div>\n\t\t\t\t\t<\/div>\n\t\t\t\t<\/div>\n\t\t\t\t<\/div>\n\t\t\t\t<div class=\"elementor-element elementor-element-1dc7342 elementor-widget elementor-widget-text-editor\" data-id=\"1dc7342\" data-element_type=\"widget\" data-widget_type=\"text-editor.default\">\n\t\t\t\t<div class=\"elementor-widget-container\">\n\t\t\t\t\t\t\t\t\t\t\t\t\t<\/div>\n\t\t\t\t<\/div>\n\t\t\t\t\t<\/div>\n\t\t<\/div>\n\t\t\t\t\t\t\t<\/div>\n\t\t<\/section>\n\t\t\t\t\t\t\t<\/div>\n\t\t","protected":false},"excerpt":{"rendered":"<p>Cirque \/ Art \/ Mouvement J&#8217;\u00e9cris des mots, j\u2019\u00e9cris du mouvement. Je crois \u00e0 la pens\u00e9e qui \u00e9mane du corps, sans filtre, et la consid\u00e8re comme une forme d\u2019\u00e9criture qui surgit sans l\u2019intervention des fonctions linguistiques du cerveau. Pi\u00e8ces &amp; Collaborations<\/p>\n","protected":false},"author":1,"featured_media":0,"parent":0,"menu_order":0,"comment_status":"closed","ping_status":"closed","template":"elementor_theme","meta":[],"_links":{"self":[{"href":"http:\/\/vivianfriedrich.info\/index.php?rest_route=\/wp\/v2\/pages\/2117"}],"collection":[{"href":"http:\/\/vivianfriedrich.info\/index.php?rest_route=\/wp\/v2\/pages"}],"about":[{"href":"http:\/\/vivianfriedrich.info\/index.php?rest_route=\/wp\/v2\/types\/page"}],"author":[{"embeddable":true,"href":"http:\/\/vivianfriedrich.info\/index.php?rest_route=\/wp\/v2\/users\/1"}],"replies":[{"embeddable":true,"href":"http:\/\/vivianfriedrich.info\/index.php?rest_route=%2Fwp%2Fv2%2Fcomments&post=2117"}],"version-history":[{"count":16,"href":"http:\/\/vivianfriedrich.info\/index.php?rest_route=\/wp\/v2\/pages\/2117\/revisions"}],"predecessor-version":[{"id":4121,"href":"http:\/\/vivianfriedrich.info\/index.php?rest_route=\/wp\/v2\/pages\/2117\/revisions\/4121"}],"wp:attachment":[{"href":"http:\/\/vivianfriedrich.info\/index.php?rest_route=%2Fwp%2Fv2%2Fmedia&parent=2117"}],"curies":[{"name":"wp","href":"https:\/\/api.w.org\/{rel}","templated":true}]}}