{"id":2138,"date":"2019-09-18T08:19:57","date_gmt":"2019-09-18T08:19:57","guid":{"rendered":"https:\/\/vivianfriedrich.info\/?page_id=2138"},"modified":"2024-02-14T16:06:07","modified_gmt":"2024-02-14T16:06:07","slug":"physical-performer","status":"publish","type":"page","link":"http:\/\/vivianfriedrich.info\/?page_id=2138&lang=ca","title":{"rendered":"Physical Performer"},"content":{"rendered":"\n<p style=\"font-size:14px\"><\/p>\n\n\n\n<p>L&#8217;acci\u00f3 i l&#8217;art del moviment \u00e9s el que em defineix com a actriu especialista, performer i int\u00e8rpret. Treballant amb empreses com Accialt, al Liceu de Barcelona, amb Cucu Us\u00edn, Recam Stunts o amb projectes de la C\u00eda Albadulake, Quim Bigas, Cie Willie Dorner entre d&#8217;altres. Realitzo efectes de vol, treball site-specific, efectes especials amb foc i arts marcials.<\/p>\n\n\n\n<p>Com a artista de circ, he desenvolupat una t\u00e8cnica de moviment basada en elements de corda llisa, corda volant i corda fluixa creant un vocabulari propi.  A m\u00e9s, treballo amb diferents construccions de m\u00faltiples cordes, dansa vertical, teles i Roue Cyr.<\/p>\n\n\n\n<p><\/p>\n\n\n\n<p><\/p>\n\n\n\n<p><\/p>\n\n\n\n<pre class=\"wp-block-verse\">FACES - l'expressi\u00f3 es transforma, les mides seran les mateixes.<\/pre>\n\n\n\n<figure class=\"wp-block-gallery has-nested-images columns-default is-cropped\">\n<figure class=\"wp-block-image size-large is-style-default\"><img loading=\"lazy\" width=\"1024\" height=\"768\" data-id=\"933\"  src=\"http:\/\/vivianfriedrich.info\/wp-content\/uploads\/2022\/07\/Vivian-maquillada-1024x768.jpg\" alt=\"\" class=\"wp-image-933\" srcset=\"http:\/\/vivianfriedrich.info\/wp-content\/uploads\/2022\/07\/Vivian-maquillada-1024x768.jpg 1024w, http:\/\/vivianfriedrich.info\/wp-content\/uploads\/2022\/07\/Vivian-maquillada-300x225.jpg 300w, http:\/\/vivianfriedrich.info\/wp-content\/uploads\/2022\/07\/Vivian-maquillada-768x576.jpg 768w, http:\/\/vivianfriedrich.info\/wp-content\/uploads\/2022\/07\/Vivian-maquillada-1536x1152.jpg 1536w, http:\/\/vivianfriedrich.info\/wp-content\/uploads\/2022\/07\/Vivian-maquillada-2048x1536.jpg 2048w\" sizes=\"(max-width: 1024px) 100vw, 1024px\" \/><\/figure>\n\n\n\n<figure class=\"wp-block-image size-large is-style-default\"><img loading=\"lazy\" width=\"1024\" height=\"683\" data-id=\"945\"  src=\"http:\/\/vivianfriedrich.info\/wp-content\/uploads\/2022\/07\/2K6A0637-1024x683.jpg\" alt=\"\" class=\"wp-image-945\" srcset=\"http:\/\/vivianfriedrich.info\/wp-content\/uploads\/2022\/07\/2K6A0637-1024x683.jpg 1024w, http:\/\/vivianfriedrich.info\/wp-content\/uploads\/2022\/07\/2K6A0637-300x200.jpg 300w, http:\/\/vivianfriedrich.info\/wp-content\/uploads\/2022\/07\/2K6A0637-768x512.jpg 768w, http:\/\/vivianfriedrich.info\/wp-content\/uploads\/2022\/07\/2K6A0637-1536x1024.jpg 1536w, http:\/\/vivianfriedrich.info\/wp-content\/uploads\/2022\/07\/2K6A0637-2048x1365.jpg 2048w\" sizes=\"(max-width: 1024px) 100vw, 1024px\" \/><\/figure>\n\n\n\n<figure class=\"wp-block-image size-full is-style-default\"><img loading=\"lazy\" width=\"1200\" height=\"1600\" data-id=\"928\"  src=\"http:\/\/vivianfriedrich.info\/wp-content\/uploads\/2022\/07\/black-hair-horror-film-copy-1-rotated.jpg\" alt=\"\" class=\"wp-image-928\" srcset=\"http:\/\/vivianfriedrich.info\/wp-content\/uploads\/2022\/07\/black-hair-horror-film-copy-1-rotated.jpg 1200w, http:\/\/vivianfriedrich.info\/wp-content\/uploads\/2022\/07\/black-hair-horror-film-copy-1-225x300.jpg 225w, http:\/\/vivianfriedrich.info\/wp-content\/uploads\/2022\/07\/black-hair-horror-film-copy-1-768x1024.jpg 768w, http:\/\/vivianfriedrich.info\/wp-content\/uploads\/2022\/07\/black-hair-horror-film-copy-1-1152x1536.jpg 1152w\" sizes=\"(max-width: 1200px) 100vw, 1200px\" \/><\/figure>\n\n\n\n<figure class=\"wp-block-image size-full is-style-default\"><img loading=\"lazy\" width=\"960\" height=\"1280\" data-id=\"929\"  src=\"http:\/\/vivianfriedrich.info\/wp-content\/uploads\/2022\/07\/IMG_8805-rotated.jpeg\" alt=\"\" class=\"wp-image-929\" srcset=\"http:\/\/vivianfriedrich.info\/wp-content\/uploads\/2022\/07\/IMG_8805-rotated.jpeg 960w, http:\/\/vivianfriedrich.info\/wp-content\/uploads\/2022\/07\/IMG_8805-225x300.jpeg 225w, http:\/\/vivianfriedrich.info\/wp-content\/uploads\/2022\/07\/IMG_8805-768x1024.jpeg 768w\" sizes=\"(max-width: 960px) 100vw, 960px\" \/><\/figure>\n\n\n\n<figure class=\"wp-block-image size-full is-style-default\"><img loading=\"lazy\" width=\"1200\" height=\"1600\" data-id=\"930\"  src=\"http:\/\/vivianfriedrich.info\/wp-content\/uploads\/2022\/07\/Vivian-horror-movie.jpg\" alt=\"\" class=\"wp-image-930\" srcset=\"http:\/\/vivianfriedrich.info\/wp-content\/uploads\/2022\/07\/Vivian-horror-movie.jpg 1200w, http:\/\/vivianfriedrich.info\/wp-content\/uploads\/2022\/07\/Vivian-horror-movie-225x300.jpg 225w, http:\/\/vivianfriedrich.info\/wp-content\/uploads\/2022\/07\/Vivian-horror-movie-768x1024.jpg 768w, http:\/\/vivianfriedrich.info\/wp-content\/uploads\/2022\/07\/Vivian-horror-movie-1152x1536.jpg 1152w\" sizes=\"(max-width: 1200px) 100vw, 1200px\" \/><\/figure>\n\n\n\n<figure class=\"wp-block-image size-full is-style-default\"><img loading=\"lazy\" width=\"2560\" height=\"1920\" data-id=\"931\"  src=\"http:\/\/vivianfriedrich.info\/wp-content\/uploads\/2022\/07\/air-vivian-1-scaled.jpg\" alt=\"\" class=\"wp-image-931\" srcset=\"http:\/\/vivianfriedrich.info\/wp-content\/uploads\/2022\/07\/air-vivian-1-scaled.jpg 2560w, http:\/\/vivianfriedrich.info\/wp-content\/uploads\/2022\/07\/air-vivian-1-300x225.jpg 300w, http:\/\/vivianfriedrich.info\/wp-content\/uploads\/2022\/07\/air-vivian-1-1024x768.jpg 1024w, http:\/\/vivianfriedrich.info\/wp-content\/uploads\/2022\/07\/air-vivian-1-768x576.jpg 768w, http:\/\/vivianfriedrich.info\/wp-content\/uploads\/2022\/07\/air-vivian-1-1536x1152.jpg 1536w, http:\/\/vivianfriedrich.info\/wp-content\/uploads\/2022\/07\/air-vivian-1-2048x1536.jpg 2048w\" sizes=\"(max-width: 2560px) 100vw, 2560px\" \/><\/figure>\n<\/figure>\n\n\n\n<pre class=\"wp-block-verse\">BODIES - flexibilitat, gravetat i mesures s\u00f3n canviants.<\/pre>\n\n\n\n<figure class=\"wp-block-gallery has-nested-images columns-default is-cropped\">\n<figure class=\"wp-block-image size-large is-style-default\"><img loading=\"lazy\" width=\"2048\" height=\"1280\" data-id=\"938\"  src=\"http:\/\/vivianfriedrich.info\/wp-content\/uploads\/2022\/07\/car-39.jpg\" alt=\"\" class=\"wp-image-938\" srcset=\"http:\/\/vivianfriedrich.info\/wp-content\/uploads\/2022\/07\/car-39.jpg 2048w, http:\/\/vivianfriedrich.info\/wp-content\/uploads\/2022\/07\/car-39-300x188.jpg 300w, http:\/\/vivianfriedrich.info\/wp-content\/uploads\/2022\/07\/car-39-1024x640.jpg 1024w, http:\/\/vivianfriedrich.info\/wp-content\/uploads\/2022\/07\/car-39-768x480.jpg 768w, http:\/\/vivianfriedrich.info\/wp-content\/uploads\/2022\/07\/car-39-1536x960.jpg 1536w\" sizes=\"(max-width: 2048px) 100vw, 2048px\" \/><\/figure>\n\n\n\n<figure class=\"wp-block-image size-large is-style-default\"><img loading=\"lazy\" width=\"1151\" height=\"1151\" data-id=\"937\"  src=\"http:\/\/vivianfriedrich.info\/wp-content\/uploads\/2022\/07\/AWIG2182.jpeg\" alt=\"\" class=\"wp-image-937\" srcset=\"http:\/\/vivianfriedrich.info\/wp-content\/uploads\/2022\/07\/AWIG2182.jpeg 1151w, http:\/\/vivianfriedrich.info\/wp-content\/uploads\/2022\/07\/AWIG2182-300x300.jpeg 300w, http:\/\/vivianfriedrich.info\/wp-content\/uploads\/2022\/07\/AWIG2182-1024x1024.jpeg 1024w, http:\/\/vivianfriedrich.info\/wp-content\/uploads\/2022\/07\/AWIG2182-150x150.jpeg 150w, http:\/\/vivianfriedrich.info\/wp-content\/uploads\/2022\/07\/AWIG2182-768x768.jpeg 768w\" sizes=\"(max-width: 1151px) 100vw, 1151px\" \/><\/figure>\n\n\n\n<figure class=\"wp-block-image size-large is-style-default\"><img loading=\"lazy\" width=\"2560\" height=\"1920\" data-id=\"936\"  src=\"http:\/\/vivianfriedrich.info\/wp-content\/uploads\/2022\/07\/A5-scaled.jpg\" alt=\"\" class=\"wp-image-936\" srcset=\"http:\/\/vivianfriedrich.info\/wp-content\/uploads\/2022\/07\/A5-scaled.jpg 2560w, http:\/\/vivianfriedrich.info\/wp-content\/uploads\/2022\/07\/A5-300x225.jpg 300w, http:\/\/vivianfriedrich.info\/wp-content\/uploads\/2022\/07\/A5-1024x768.jpg 1024w, http:\/\/vivianfriedrich.info\/wp-content\/uploads\/2022\/07\/A5-768x576.jpg 768w, http:\/\/vivianfriedrich.info\/wp-content\/uploads\/2022\/07\/A5-1536x1152.jpg 1536w, http:\/\/vivianfriedrich.info\/wp-content\/uploads\/2022\/07\/A5-2048x1536.jpg 2048w\" sizes=\"(max-width: 2560px) 100vw, 2560px\" \/><\/figure>\n\n\n\n<figure class=\"wp-block-image size-large is-style-default\"><img loading=\"lazy\" width=\"993\" height=\"1914\" data-id=\"939\"  src=\"http:\/\/vivianfriedrich.info\/wp-content\/uploads\/2022\/07\/nbmgh-copy.jpg\" alt=\"\" class=\"wp-image-939\" srcset=\"http:\/\/vivianfriedrich.info\/wp-content\/uploads\/2022\/07\/nbmgh-copy.jpg 993w, http:\/\/vivianfriedrich.info\/wp-content\/uploads\/2022\/07\/nbmgh-copy-156x300.jpg 156w, http:\/\/vivianfriedrich.info\/wp-content\/uploads\/2022\/07\/nbmgh-copy-531x1024.jpg 531w, http:\/\/vivianfriedrich.info\/wp-content\/uploads\/2022\/07\/nbmgh-copy-768x1480.jpg 768w, http:\/\/vivianfriedrich.info\/wp-content\/uploads\/2022\/07\/nbmgh-copy-797x1536.jpg 797w\" sizes=\"(max-width: 993px) 100vw, 993px\" \/><\/figure>\n\n\n\n<figure class=\"wp-block-image size-large is-style-default\"><img loading=\"lazy\" width=\"490\" height=\"735\" data-id=\"59\"  src=\"http:\/\/vivianfriedrich.info\/wp-content\/uploads\/2019\/08\/JAM_6963.spagat.jpg\" alt=\"\" class=\"wp-image-59\" srcset=\"http:\/\/vivianfriedrich.info\/wp-content\/uploads\/2019\/08\/JAM_6963.spagat.jpg 490w, http:\/\/vivianfriedrich.info\/wp-content\/uploads\/2019\/08\/JAM_6963.spagat-200x300.jpg 200w\" sizes=\"(max-width: 490px) 100vw, 490px\" \/><\/figure>\n\n\n\n<figure class=\"wp-block-image size-large is-style-default\"><img loading=\"lazy\" width=\"692\" height=\"1037\" data-id=\"56\"  src=\"http:\/\/vivianfriedrich.info\/wp-content\/uploads\/2019\/08\/ILMC.1.jpg\" alt=\"\" class=\"wp-image-56\" srcset=\"http:\/\/vivianfriedrich.info\/wp-content\/uploads\/2019\/08\/ILMC.1.jpg 692w, http:\/\/vivianfriedrich.info\/wp-content\/uploads\/2019\/08\/ILMC.1-200x300.jpg 200w, http:\/\/vivianfriedrich.info\/wp-content\/uploads\/2019\/08\/ILMC.1-683x1024.jpg 683w\" sizes=\"(max-width: 692px) 100vw, 692px\" \/><\/figure>\n<\/figure>\n\n\n\n<p><\/p>\n\n\n<p><\/p>\n<p><!-- \/wp:gallery --><\/p>\n<p><!-- wp:separator --><!-- \/wp:spacer --><!-- wp:paragraph {\"style\":{\"typography\":{\"fontSize\":14}}} --><\/p>\n<figure>\n<figure><\/figure>\n<p><!-- \/wp:image --><!-- wp:image {\"id\":53,\"linkDestination\":\"media\"} --><\/p>\n<figure><\/figure>\n<p><!-- \/wp:image --><!-- wp:image {\"id\":54,\"linkDestination\":\"media\"} --><\/p>\n<figure><\/figure>\n<p><!-- \/wp:image --><!-- wp:image {\"id\":55,\"linkDestination\":\"media\"} --><\/p>\n<figure><\/figure>\n<p><!-- \/wp:image --><!-- wp:image {\"id\":56,\"linkDestination\":\"media\"} --><\/p>\n<figure><\/figure>\n<p><!-- \/wp:image --><!-- wp:image {\"id\":142,\"linkDestination\":\"media\"} --><\/p>\n<figure><\/figure>\n<p><!-- \/wp:image --><!-- wp:image {\"id\":57,\"linkDestination\":\"media\"} --><\/p>\n<figure><\/figure>\n<p><!-- \/wp:image --><!-- wp:image {\"id\":58,\"linkDestination\":\"media\"} --><\/p>\n<figure><\/figure>\n<p><!-- \/wp:image --><!-- wp:image {\"id\":59,\"linkDestination\":\"media\"} --><\/p>\n<figure><\/figure>\n<p><!-- \/wp:image --><!-- wp:image {\"id\":141,\"linkDestination\":\"media\"} --><\/p>\n<figure><\/figure>\n<p><!-- \/wp:image --><!-- wp:image {\"id\":140,\"linkDestination\":\"media\"} --><\/p>\n<figure><\/figure>\n<p><!-- \/wp:image --><!-- wp:image {\"id\":138,\"linkDestination\":\"media\"} --><\/p>\n<figure><\/figure>\n<p><!-- \/wp:image --><!-- wp:image {\"id\":139,\"linkDestination\":\"media\"} --><\/p>\n<figure><\/figure>\n<p><!-- \/wp:image --><!-- wp:image {\"id\":144,\"linkDestination\":\"media\"} --><\/p>\n<figure><\/figure>\n<p><!-- \/wp:image --><!-- wp:image {\"id\":145,\"linkDestination\":\"media\"} --><\/p>\n<figure><\/figure>\n<p><!-- \/wp:image --><!-- wp:image {\"id\":146,\"linkDestination\":\"media\"} --><\/p>\n<figure><\/figure>\n<p><!-- \/wp:image --><!-- wp:image {\"id\":147,\"linkDestination\":\"media\"} --><\/p>\n<figure><\/figure>\n<p><!-- \/wp:image --><!-- wp:image {\"id\":149,\"linkDestination\":\"media\"} --><\/p>\n<figure><\/figure>\n<p><!-- \/wp:image --><!-- wp:image {\"id\":153,\"linkDestination\":\"media\"} --><\/p>\n<figure><\/figure>\n<p><!-- \/wp:image --><!-- wp:image {\"id\":155,\"linkDestination\":\"media\"} --><\/p>\n<figure><\/figure>\n<p><!-- \/wp:image --><\/p>\n<\/figure>\n<p><!-- \/wp:gallery --><\/p>","protected":false},"excerpt":{"rendered":"<p>L&#8217;acci\u00f3 i l&#8217;art del moviment \u00e9s el que em defineix com a actriu especialista, performer i int\u00e8rpret. Treballant amb empreses com Accialt, al Liceu de Barcelona, amb Cucu Us\u00edn, Recam Stunts o amb projectes de la C\u00eda Albadulake, Quim Bigas, Cie Willie Dorner entre d&#8217;altres. Realitzo efectes de vol, treball site-specific, efectes especials amb foc [&hellip;]<\/p>\n","protected":false},"author":1,"featured_media":1762,"parent":0,"menu_order":2,"comment_status":"closed","ping_status":"closed","template":"","meta":[],"_links":{"self":[{"href":"http:\/\/vivianfriedrich.info\/index.php?rest_route=\/wp\/v2\/pages\/2138"}],"collection":[{"href":"http:\/\/vivianfriedrich.info\/index.php?rest_route=\/wp\/v2\/pages"}],"about":[{"href":"http:\/\/vivianfriedrich.info\/index.php?rest_route=\/wp\/v2\/types\/page"}],"author":[{"embeddable":true,"href":"http:\/\/vivianfriedrich.info\/index.php?rest_route=\/wp\/v2\/users\/1"}],"replies":[{"embeddable":true,"href":"http:\/\/vivianfriedrich.info\/index.php?rest_route=%2Fwp%2Fv2%2Fcomments&post=2138"}],"version-history":[{"count":2,"href":"http:\/\/vivianfriedrich.info\/index.php?rest_route=\/wp\/v2\/pages\/2138\/revisions"}],"predecessor-version":[{"id":2142,"href":"http:\/\/vivianfriedrich.info\/index.php?rest_route=\/wp\/v2\/pages\/2138\/revisions\/2142"}],"wp:featuredmedia":[{"embeddable":true,"href":"http:\/\/vivianfriedrich.info\/index.php?rest_route=\/wp\/v2\/media\/1762"}],"wp:attachment":[{"href":"http:\/\/vivianfriedrich.info\/index.php?rest_route=%2Fwp%2Fv2%2Fmedia&parent=2138"}],"curies":[{"name":"wp","href":"https:\/\/api.w.org\/{rel}","templated":true}]}}