{"id":2160,"date":"2019-09-18T08:29:44","date_gmt":"2019-09-18T08:29:44","guid":{"rendered":"https:\/\/vivianfriedrich.info\/?page_id=2160"},"modified":"2025-07-19T14:30:38","modified_gmt":"2025-07-19T14:30:38","slug":"background","status":"publish","type":"page","link":"http:\/\/vivianfriedrich.info\/?page_id=2160&lang=ca","title":{"rendered":"Background"},"content":{"rendered":"\t\t<div data-elementor-type=\"wp-page\" data-elementor-id=\"2160\" class=\"elementor elementor-2160 elementor-4\">\n\t\t\t\t\t\t\t\t\t<section class=\"elementor-section elementor-top-section elementor-element elementor-element-22c36d87 elementor-section-boxed elementor-section-height-default elementor-section-height-default\" data-id=\"22c36d87\" data-element_type=\"section\">\n\t\t\t\t\t\t<div class=\"elementor-container elementor-column-gap-default\">\n\t\t\t\t\t<div class=\"elementor-column elementor-col-100 elementor-top-column elementor-element elementor-element-51c71ef6\" data-id=\"51c71ef6\" data-element_type=\"column\">\n\t\t\t<div class=\"elementor-widget-wrap elementor-element-populated\">\n\t\t\t\t\t\t\t\t<div class=\"elementor-element elementor-element-63323bfc elementor-widget-divider--view-line elementor-widget elementor-widget-divider\" data-id=\"63323bfc\" data-element_type=\"widget\" data-widget_type=\"divider.default\">\n\t\t\t\t<div class=\"elementor-widget-container\">\n\t\t\t<style>\/*! elementor - v3.6.0 - 21-03-2022 *\/\n.elementor-widget-divider{--divider-border-style:none;--divider-border-width:1px;--divider-color:#2c2c2c;--divider-icon-size:20px;--divider-element-spacing:10px;--divider-pattern-height:24px;--divider-pattern-size:20px;--divider-pattern-url:none;--divider-pattern-repeat:repeat-x}.elementor-widget-divider .elementor-divider{display:-webkit-box;display:-ms-flexbox;display:flex}.elementor-widget-divider .elementor-divider__text{font-size:15px;line-height:1;max-width:95%}.elementor-widget-divider .elementor-divider__element{margin:0 var(--divider-element-spacing);-ms-flex-negative:0;flex-shrink:0}.elementor-widget-divider .elementor-icon{font-size:var(--divider-icon-size)}.elementor-widget-divider .elementor-divider-separator{display:-webkit-box;display:-ms-flexbox;display:flex;margin:0;direction:ltr}.elementor-widget-divider--view-line_icon .elementor-divider-separator,.elementor-widget-divider--view-line_text .elementor-divider-separator{-webkit-box-align:center;-ms-flex-align:center;align-items:center}.elementor-widget-divider--view-line_icon .elementor-divider-separator:after,.elementor-widget-divider--view-line_icon .elementor-divider-separator:before,.elementor-widget-divider--view-line_text .elementor-divider-separator:after,.elementor-widget-divider--view-line_text .elementor-divider-separator:before{display:block;content:\"\";border-bottom:0;-webkit-box-flex:1;-ms-flex-positive:1;flex-grow:1;border-top:var(--divider-border-width) var(--divider-border-style) var(--divider-color)}.elementor-widget-divider--element-align-left .elementor-divider .elementor-divider-separator>.elementor-divider__svg:first-of-type{-webkit-box-flex:0;-ms-flex-positive:0;flex-grow:0;-ms-flex-negative:100;flex-shrink:100}.elementor-widget-divider--element-align-left .elementor-divider-separator:before{content:none}.elementor-widget-divider--element-align-left .elementor-divider__element{margin-left:0}.elementor-widget-divider--element-align-right .elementor-divider .elementor-divider-separator>.elementor-divider__svg:last-of-type{-webkit-box-flex:0;-ms-flex-positive:0;flex-grow:0;-ms-flex-negative:100;flex-shrink:100}.elementor-widget-divider--element-align-right .elementor-divider-separator:after{content:none}.elementor-widget-divider--element-align-right .elementor-divider__element{margin-right:0}.elementor-widget-divider:not(.elementor-widget-divider--view-line_text):not(.elementor-widget-divider--view-line_icon) .elementor-divider-separator{border-top:var(--divider-border-width) var(--divider-border-style) var(--divider-color)}.elementor-widget-divider--separator-type-pattern{--divider-border-style:none}.elementor-widget-divider--separator-type-pattern.elementor-widget-divider--view-line .elementor-divider-separator,.elementor-widget-divider--separator-type-pattern:not(.elementor-widget-divider--view-line) .elementor-divider-separator:after,.elementor-widget-divider--separator-type-pattern:not(.elementor-widget-divider--view-line) .elementor-divider-separator:before,.elementor-widget-divider--separator-type-pattern:not([class*=elementor-widget-divider--view]) .elementor-divider-separator{width:100%;min-height:var(--divider-pattern-height);-webkit-mask-size:var(--divider-pattern-size) 100%;mask-size:var(--divider-pattern-size) 100%;-webkit-mask-repeat:var(--divider-pattern-repeat);mask-repeat:var(--divider-pattern-repeat);background-color:var(--divider-color);-webkit-mask-image:var(--divider-pattern-url);mask-image:var(--divider-pattern-url)}.elementor-widget-divider--no-spacing{--divider-pattern-size:auto}.elementor-widget-divider--bg-round{--divider-pattern-repeat:round}.rtl .elementor-widget-divider .elementor-divider__text{direction:rtl}<\/style>\t\t<div class=\"elementor-divider\">\n\t\t\t<span class=\"elementor-divider-separator\">\n\t\t\t\t\t\t<\/span>\n\t\t<\/div>\n\t\t\t\t<\/div>\n\t\t\t\t<\/div>\n\t\t\t\t\t<\/div>\n\t\t<\/div>\n\t\t\t\t\t\t\t<\/div>\n\t\t<\/section>\n\t\t\t\t<section class=\"elementor-section elementor-top-section elementor-element elementor-element-8bb7bd1 elementor-section-boxed elementor-section-height-default elementor-section-height-default\" data-id=\"8bb7bd1\" data-element_type=\"section\">\n\t\t\t\t\t\t<div class=\"elementor-container elementor-column-gap-default\">\n\t\t\t\t\t<div class=\"elementor-column elementor-col-100 elementor-top-column elementor-element elementor-element-2bc6a7e1\" data-id=\"2bc6a7e1\" data-element_type=\"column\">\n\t\t\t<div class=\"elementor-widget-wrap elementor-element-populated\">\n\t\t\t\t\t\t\t\t<div class=\"elementor-element elementor-element-362c1023 elementor-widget elementor-widget-text-editor\" data-id=\"362c1023\" data-element_type=\"widget\" data-widget_type=\"text-editor.default\">\n\t\t\t\t<div class=\"elementor-widget-container\">\n\t\t\t<style>\/*! elementor - v3.6.0 - 21-03-2022 *\/\n.elementor-widget-text-editor.elementor-drop-cap-view-stacked .elementor-drop-cap{background-color:#818a91;color:#fff}.elementor-widget-text-editor.elementor-drop-cap-view-framed .elementor-drop-cap{color:#818a91;border:3px solid;background-color:transparent}.elementor-widget-text-editor:not(.elementor-drop-cap-view-default) .elementor-drop-cap{margin-top:8px}.elementor-widget-text-editor:not(.elementor-drop-cap-view-default) .elementor-drop-cap-letter{width:1em;height:1em}.elementor-widget-text-editor .elementor-drop-cap{float:left;text-align:center;line-height:1;font-size:50px}.elementor-widget-text-editor .elementor-drop-cap-letter{display:inline-block}<\/style>\t\t\t\t<h1>Creadora de circ_ actriu especialista_ Investigadora_ Directora art\u00edstica<\/h1>\t\t\t\t\t\t<\/div>\n\t\t\t\t<\/div>\n\t\t\t\t\t<\/div>\n\t\t<\/div>\n\t\t\t\t\t\t\t<\/div>\n\t\t<\/section>\n\t\t\t\t<section class=\"elementor-section elementor-top-section elementor-element elementor-element-20d3db46 elementor-section-boxed elementor-section-height-default elementor-section-height-default\" data-id=\"20d3db46\" data-element_type=\"section\">\n\t\t\t\t\t\t<div class=\"elementor-container elementor-column-gap-default\">\n\t\t\t\t\t<div class=\"elementor-column elementor-col-50 elementor-top-column elementor-element elementor-element-3ad8fdb\" data-id=\"3ad8fdb\" data-element_type=\"column\">\n\t\t\t<div class=\"elementor-widget-wrap elementor-element-populated\">\n\t\t\t\t\t\t\t\t<div class=\"elementor-element elementor-element-76de2b9c elementor-widget elementor-widget-image\" data-id=\"76de2b9c\" data-element_type=\"widget\" data-widget_type=\"image.default\">\n\t\t\t\t<div class=\"elementor-widget-container\">\n\t\t\t<style>\/*! elementor - v3.6.0 - 21-03-2022 *\/\n.elementor-widget-image{text-align:center}.elementor-widget-image a{display:inline-block}.elementor-widget-image a img[src$=\".svg\"]{width:48px}.elementor-widget-image img{vertical-align:middle;display:inline-block}<\/style>\t\t\t\t\t\t\t\t\t\t\t\t<img width=\"1024\" height=\"507\" src=\"http:\/\/vivianfriedrich.info\/wp-content\/uploads\/2022\/07\/VivianFriedrich-copy-1024x507.jpg\" class=\"attachment-large size-large\" alt=\"\" loading=\"lazy\" srcset=\"http:\/\/vivianfriedrich.info\/wp-content\/uploads\/2022\/07\/VivianFriedrich-copy-1024x507.jpg 1024w, http:\/\/vivianfriedrich.info\/wp-content\/uploads\/2022\/07\/VivianFriedrich-copy-300x149.jpg 300w, http:\/\/vivianfriedrich.info\/wp-content\/uploads\/2022\/07\/VivianFriedrich-copy-768x380.jpg 768w, http:\/\/vivianfriedrich.info\/wp-content\/uploads\/2022\/07\/VivianFriedrich-copy-1536x761.jpg 1536w, http:\/\/vivianfriedrich.info\/wp-content\/uploads\/2022\/07\/VivianFriedrich-copy-2048x1014.jpg 2048w\" sizes=\"(max-width: 1024px) 100vw, 1024px\" \/>\t\t\t\t\t\t\t\t\t\t\t\t\t\t\t<\/div>\n\t\t\t\t<\/div>\n\t\t\t\t\t<\/div>\n\t\t<\/div>\n\t\t\t\t<div class=\"elementor-column elementor-col-50 elementor-top-column elementor-element elementor-element-68c46e26\" data-id=\"68c46e26\" data-element_type=\"column\">\n\t\t\t<div class=\"elementor-widget-wrap elementor-element-populated\">\n\t\t\t\t\t\t\t\t<div class=\"elementor-element elementor-element-672d2963 elementor-widget elementor-widget-text-editor\" data-id=\"672d2963\" data-element_type=\"widget\" data-widget_type=\"text-editor.default\">\n\t\t\t\t<div class=\"elementor-widget-container\">\n\t\t\t\t\t\t\t\t\t\t\t\t\t<\/div>\n\t\t\t\t<\/div>\n\t\t\t\t\t<\/div>\n\t\t<\/div>\n\t\t\t\t\t\t\t<\/div>\n\t\t<\/section>\n\t\t\t\t<section class=\"elementor-section elementor-top-section elementor-element elementor-element-3c6b7c12 elementor-section-boxed elementor-section-height-default elementor-section-height-default\" data-id=\"3c6b7c12\" data-element_type=\"section\">\n\t\t\t\t\t\t<div class=\"elementor-container elementor-column-gap-default\">\n\t\t\t\t\t<div class=\"elementor-column elementor-col-100 elementor-top-column elementor-element elementor-element-64fb49bd\" data-id=\"64fb49bd\" data-element_type=\"column\">\n\t\t\t<div class=\"elementor-widget-wrap elementor-element-populated\">\n\t\t\t\t\t\t\t\t<div class=\"elementor-element elementor-element-1c76a1f5 elementor-widget elementor-widget-text-editor\" data-id=\"1c76a1f5\" data-element_type=\"widget\" data-widget_type=\"text-editor.default\">\n\t\t\t\t<div class=\"elementor-widget-container\">\n\t\t\t\t\t\t\t<p>Vaig treballar en escena al KIEZ, el barri roig d\u2019 Hamburg, i en el Teatre Nacional de Tunisia. He estudiat en una escola de circ a Tilburg (Holanda), complementant aquesta formaci\u00f3 amb estudis de psicologia, cursos de dansa i teatre f\u00edsic en diferents llocs com Barcelona, Catalunya, Hamburg i Schleswig-Holstein (Alemanya).\u2028El fet que vaig n\u00e9ixer l\u2019any en qu\u00e8 va caure el Mur de Berl\u00edn ha estat especialment significatiu per a mi, ja que aquest esdeveniment em mant\u00e9 q\u00fcestionant-me els l\u00edmits mentals i f\u00edsics que la humanitat \u00e9s capa\u00e7 d\u2019establir. De la mateixa manera, el fet d\u2019haver nascut al si d\u2019una fam\u00edlia de vidrier(e)s, coneguts com a vidrier(e)s de Boh\u00e8mia, ha influ\u00eft en la meva fascinaci\u00f3 per les formes i els reflexos.<\/p><p>\u00a0<\/p>\t\t\t\t\t\t<\/div>\n\t\t\t\t<\/div>\n\t\t\t\t\t<\/div>\n\t\t<\/div>\n\t\t\t\t\t\t\t<\/div>\n\t\t<\/section>\n\t\t\t\t<section class=\"elementor-section elementor-top-section elementor-element elementor-element-6e451c4 elementor-section-boxed elementor-section-height-default elementor-section-height-default\" data-id=\"6e451c4\" data-element_type=\"section\">\n\t\t\t\t\t\t<div class=\"elementor-container elementor-column-gap-extended\">\n\t\t\t\t\t<div class=\"elementor-column elementor-col-66 elementor-top-column elementor-element elementor-element-677c2a29\" data-id=\"677c2a29\" data-element_type=\"column\">\n\t\t\t<div class=\"elementor-widget-wrap elementor-element-populated\">\n\t\t\t\t\t\t\t\t<div class=\"elementor-element elementor-element-46e34878 elementor-widget elementor-widget-text-editor\" data-id=\"46e34878\" data-element_type=\"widget\" data-widget_type=\"text-editor.default\">\n\t\t\t\t<div class=\"elementor-widget-container\">\n\t\t\t\t\t\t\t<p>\u2028La meva passi\u00f3 pel circ i el meu afany per reflexionar sobre aquest art com a llenguatge van ser els motius que em van impulsar a engegar el projecte de les <a href=\"https:\/\/lacentraldelcirc.cat\/es\/creacio-recerca\/nom-projecte-de-reflexio\/\">\u201cJornades d\u2019Intercanvi de Dramat\u00fargia i Escriptura Esc\u00e8nica\u201d<\/a> a La Central del Circ, Barcelona. Durant aquests \u00faltims anys m\u2019he dedicat als processos creatius, la dramat\u00fargia circense i la investigaci\u00f3.<\/p><p>\u00a0<\/p><p>Des del 2023 la<strong> NAU Churuduu<\/strong> \u00e9s el meu espai de creaci\u00f3 art\u00edstica, recerca i col\u00b7laboraci\u00f3, situat a Manlleu, Osona &#8211; Barcelona. Es tracta d&#8217;un espai per potenciar el circ com a llenguatge de moviment, explorant noves dramat\u00fargies. A m\u00e9s, vol estimular i facilitar una forta connexi\u00f3 amb les arts visuals i l&#8217;artesania. Actualment \u00e9s un espai dedicat especialment a la recerca amb vidre.<\/p>\t\t\t\t\t\t<\/div>\n\t\t\t\t<\/div>\n\t\t\t\t\t<\/div>\n\t\t<\/div>\n\t\t\t\t<div class=\"elementor-column elementor-col-33 elementor-top-column elementor-element elementor-element-2fee10fe\" data-id=\"2fee10fe\" data-element_type=\"column\">\n\t\t\t<div class=\"elementor-widget-wrap elementor-element-populated\">\n\t\t\t\t\t\t\t\t<div class=\"elementor-element elementor-element-48d1568a elementor-widget elementor-widget-image\" data-id=\"48d1568a\" data-element_type=\"widget\" data-widget_type=\"image.default\">\n\t\t\t\t<div class=\"elementor-widget-container\">\n\t\t\t\t\t\t\t\t\t\t\t\t\t\t\t<img width=\"768\" height=\"1024\" src=\"http:\/\/vivianfriedrich.info\/wp-content\/uploads\/2024\/03\/Nau-Churuduu-2-768x1024.jpg\" class=\"attachment-large size-large\" alt=\"\" loading=\"lazy\" srcset=\"http:\/\/vivianfriedrich.info\/wp-content\/uploads\/2024\/03\/Nau-Churuduu-2-768x1024.jpg 768w, http:\/\/vivianfriedrich.info\/wp-content\/uploads\/2024\/03\/Nau-Churuduu-2-225x300.jpg 225w, http:\/\/vivianfriedrich.info\/wp-content\/uploads\/2024\/03\/Nau-Churuduu-2-1152x1536.jpg 1152w, http:\/\/vivianfriedrich.info\/wp-content\/uploads\/2024\/03\/Nau-Churuduu-2-1536x2048.jpg 1536w, http:\/\/vivianfriedrich.info\/wp-content\/uploads\/2024\/03\/Nau-Churuduu-2-scaled.jpg 1920w\" sizes=\"(max-width: 768px) 100vw, 768px\" \/>\t\t\t\t\t\t\t\t\t\t\t\t\t\t\t<\/div>\n\t\t\t\t<\/div>\n\t\t\t\t\t<\/div>\n\t\t<\/div>\n\t\t\t\t\t\t\t<\/div>\n\t\t<\/section>\n\t\t\t\t<section class=\"elementor-section elementor-top-section elementor-element elementor-element-2e6d2184 elementor-section-boxed elementor-section-height-default elementor-section-height-default\" data-id=\"2e6d2184\" data-element_type=\"section\">\n\t\t\t\t\t\t<div class=\"elementor-container elementor-column-gap-narrow\">\n\t\t\t\t\t<div class=\"elementor-column elementor-col-50 elementor-top-column elementor-element elementor-element-2c6e6132\" data-id=\"2c6e6132\" data-element_type=\"column\">\n\t\t\t<div class=\"elementor-widget-wrap elementor-element-populated\">\n\t\t\t\t\t\t\t\t<div class=\"elementor-element elementor-element-2c8fd558 elementor-widget elementor-widget-text-editor\" data-id=\"2c8fd558\" data-element_type=\"widget\" data-widget_type=\"text-editor.default\">\n\t\t\t\t<div class=\"elementor-widget-container\">\n\t\t\t\t\t\t\t\t\t\t\t\t\t<\/div>\n\t\t\t\t<\/div>\n\t\t\t\t\t<\/div>\n\t\t<\/div>\n\t\t\t\t<div class=\"elementor-column elementor-col-25 elementor-top-column elementor-element elementor-element-8de3a78\" data-id=\"8de3a78\" data-element_type=\"column\">\n\t\t\t<div class=\"elementor-widget-wrap\">\n\t\t\t\t\t\t\t\t\t<\/div>\n\t\t<\/div>\n\t\t\t\t<div class=\"elementor-column elementor-col-25 elementor-top-column elementor-element elementor-element-571ba234\" data-id=\"571ba234\" data-element_type=\"column\">\n\t\t\t<div class=\"elementor-widget-wrap\">\n\t\t\t\t\t\t\t\t\t<\/div>\n\t\t<\/div>\n\t\t\t\t\t\t\t<\/div>\n\t\t<\/section>\n\t\t\t\t<section class=\"elementor-section elementor-top-section elementor-element elementor-element-7ca6e6d5 elementor-section-boxed elementor-section-height-default elementor-section-height-default\" data-id=\"7ca6e6d5\" data-element_type=\"section\">\n\t\t\t\t\t\t<div class=\"elementor-container elementor-column-gap-default\">\n\t\t\t\t\t<div class=\"elementor-column elementor-col-66 elementor-top-column elementor-element elementor-element-57b9235a\" data-id=\"57b9235a\" data-element_type=\"column\">\n\t\t\t<div class=\"elementor-widget-wrap elementor-element-populated\">\n\t\t\t\t\t\t\t\t<div class=\"elementor-element elementor-element-3213c95 elementor-widget elementor-widget-text-editor\" data-id=\"3213c95\" data-element_type=\"widget\" data-widget_type=\"text-editor.default\">\n\t\t\t\t<div class=\"elementor-widget-container\">\n\t\t\t\t\t\t\t\t\t\t\t\t\t<\/div>\n\t\t\t\t<\/div>\n\t\t\t\t\t<\/div>\n\t\t<\/div>\n\t\t\t\t<div class=\"elementor-column elementor-col-33 elementor-top-column elementor-element elementor-element-25a7b2f4\" data-id=\"25a7b2f4\" data-element_type=\"column\">\n\t\t\t<div class=\"elementor-widget-wrap\">\n\t\t\t\t\t\t\t\t\t<\/div>\n\t\t<\/div>\n\t\t\t\t\t\t\t<\/div>\n\t\t<\/section>\n\t\t\t\t<section class=\"elementor-section elementor-top-section elementor-element elementor-element-b0dbdef elementor-section-boxed elementor-section-height-default elementor-section-height-default\" data-id=\"b0dbdef\" data-element_type=\"section\">\n\t\t\t\t\t\t<div class=\"elementor-container elementor-column-gap-default\">\n\t\t\t\t\t<div class=\"elementor-column elementor-col-100 elementor-top-column elementor-element elementor-element-57d918eb\" data-id=\"57d918eb\" data-element_type=\"column\">\n\t\t\t<div class=\"elementor-widget-wrap elementor-element-populated\">\n\t\t\t\t\t\t\t\t<div class=\"elementor-element elementor-element-a63d4b6 elementor-widget elementor-widget-text-editor\" data-id=\"a63d4b6\" data-element_type=\"widget\" data-widget_type=\"text-editor.default\">\n\t\t\t\t<div class=\"elementor-widget-container\">\n\t\t\t\t\t\t\t<div>\n<div>\n<article>\n<div>\n<p><strong>Alguns fets:<\/strong><\/p>\n<p><strong>2018\/19<\/strong> Circus Dramaturgie Certificate, Centre National des Arts du Cirque Ch\u00e2lons en Champagne (FR) and Ecole Sup\u00e9rieure des Arts du Cirque Brussels<\/p>\n<p><strong>2010- 2015<\/strong> B.Sc. Psychology, (thesis: Regulation of emotions and interhemispheric communication), FernUniversit\u00e4t Hagen<\/p>\n<p><strong>2009-2010<\/strong> \u201cPropedeuse\u201c (dutch diploma) in Circus and Performance Art, Fontys Hogescholen voor de Kunsten, Tilburg, NL<\/p>\n<p>++dance and movement trainings ++<\/p>\n<p><strong>Festivals i teatres on va actuar la companyia:<\/strong><\/p>\n<p>Grec Festival Barcelona, Mercat de les Flors, Festival OFF Avignon, Fira Trapezi, Journ\u00e9e Th\u00e9\u00e2trales de Catharge, La Verrerie, Fira Mediterranea de Manresa, Teatre Principal de Olot, Sprechwerk Hamburg, Gran Teatro de Caceres, B-FIT in the Street Festival Bucharest, La Muralla en Danza Pamplona, La Bisbal, Fringe Festival Madrid, Theaterspektakel Z\u00fcrich, Umore Azoka, Berlin Circus Festival, Teatro Guimer\u00e1 Santa Cruz de Tenerife, Festival Presente Futuro- Teatro Libero Palermo\u2026.<\/p>\n<p><strong>Resid\u00e8ncies i suport:<\/strong><\/p>\n<p>Generalitat de Catalunya, Premis de Barcelona, Mercat de les Flors, INAEM, RamonLlull, Cirqueon, Roca Umbert F\u00e0brica de les Arts, Wroclawski Instytut Kultury &#8211; Mobility Fund, Becas BCN Crea, Convent de les Arts, Cirklabo, CircusNext+, EU Circus Incubator Project Montreal and Helsinki, Research scholarship Generalitat de Catalunya, Incubator Scholarship La Central del Circ, The Arts Printing House Vilnius; KONVENT, Ponderosa Movement and Discovery, La Central del Circ, Lleialtat Santsenca, NunArt Barcelona, Kulturbahnhof Ottersberg, L\u2019Estruch de Sabadell, LaBonita, Centre Civic El Sortidor, Nau Ivanow, Theaterwerkstatt Pilkentafel, Encirca\u2019t Arenys de Munt, LaBau, Can Gassol Matar\u00f3, Fira Mediterr\u00e0nea de Manresa, Fundaci\u00f3n La Plana, Zirkozaurre, CRAC\u2026<\/p>\n<\/div>\n<\/article>\n<\/div>\n<\/div>\t\t\t\t\t\t<\/div>\n\t\t\t\t<\/div>\n\t\t\t\t\t<\/div>\n\t\t<\/div>\n\t\t\t\t\t\t\t<\/div>\n\t\t<\/section>\n\t\t\t\t\t\t\t<\/div>\n\t\t","protected":false},"excerpt":{"rendered":"<p>Creadora de circ_ actriu especialista_ Investigadora_ Directora art\u00edstica Vaig treballar en escena al KIEZ, el barri roig d\u2019 Hamburg, i en el Teatre Nacional de Tunisia. He estudiat en una escola de circ a Tilburg (Holanda), complementant aquesta formaci\u00f3 amb estudis de psicologia, cursos de dansa i teatre f\u00edsic en diferents llocs com Barcelona, Catalunya, [&hellip;]<\/p>\n","protected":false},"author":1,"featured_media":0,"parent":0,"menu_order":3,"comment_status":"closed","ping_status":"closed","template":"","meta":[],"_links":{"self":[{"href":"http:\/\/vivianfriedrich.info\/index.php?rest_route=\/wp\/v2\/pages\/2160"}],"collection":[{"href":"http:\/\/vivianfriedrich.info\/index.php?rest_route=\/wp\/v2\/pages"}],"about":[{"href":"http:\/\/vivianfriedrich.info\/index.php?rest_route=\/wp\/v2\/types\/page"}],"author":[{"embeddable":true,"href":"http:\/\/vivianfriedrich.info\/index.php?rest_route=\/wp\/v2\/users\/1"}],"replies":[{"embeddable":true,"href":"http:\/\/vivianfriedrich.info\/index.php?rest_route=%2Fwp%2Fv2%2Fcomments&post=2160"}],"version-history":[{"count":41,"href":"http:\/\/vivianfriedrich.info\/index.php?rest_route=\/wp\/v2\/pages\/2160\/revisions"}],"predecessor-version":[{"id":4010,"href":"http:\/\/vivianfriedrich.info\/index.php?rest_route=\/wp\/v2\/pages\/2160\/revisions\/4010"}],"wp:attachment":[{"href":"http:\/\/vivianfriedrich.info\/index.php?rest_route=%2Fwp%2Fv2%2Fmedia&parent=2160"}],"curies":[{"name":"wp","href":"https:\/\/api.w.org\/{rel}","templated":true}]}}