{"id":2243,"date":"2019-09-18T08:29:44","date_gmt":"2019-09-18T08:29:44","guid":{"rendered":"https:\/\/vivianfriedrich.info\/?page_id=2243"},"modified":"2024-04-09T08:20:40","modified_gmt":"2024-04-09T08:20:40","slug":"background","status":"publish","type":"page","link":"http:\/\/vivianfriedrich.info\/?page_id=2243&lang=fr","title":{"rendered":"Background"},"content":{"rendered":"\t\t<div data-elementor-type=\"wp-page\" data-elementor-id=\"2243\" class=\"elementor elementor-2243 elementor-4\">\n\t\t\t\t\t\t\t\t\t<section class=\"elementor-section elementor-top-section elementor-element elementor-element-96eb8aa elementor-section-boxed elementor-section-height-default elementor-section-height-default\" data-id=\"96eb8aa\" data-element_type=\"section\">\n\t\t\t\t\t\t<div class=\"elementor-container elementor-column-gap-default\">\n\t\t\t\t\t<div class=\"elementor-column elementor-col-100 elementor-top-column elementor-element elementor-element-5f01fcf7\" data-id=\"5f01fcf7\" data-element_type=\"column\">\n\t\t\t<div class=\"elementor-widget-wrap elementor-element-populated\">\n\t\t\t\t\t\t\t\t<div class=\"elementor-element elementor-element-15bfa2f9 elementor-widget-divider--view-line elementor-widget elementor-widget-divider\" data-id=\"15bfa2f9\" data-element_type=\"widget\" data-widget_type=\"divider.default\">\n\t\t\t\t<div class=\"elementor-widget-container\">\n\t\t\t<style>\/*! elementor - v3.6.0 - 21-03-2022 *\/\n.elementor-widget-divider{--divider-border-style:none;--divider-border-width:1px;--divider-color:#2c2c2c;--divider-icon-size:20px;--divider-element-spacing:10px;--divider-pattern-height:24px;--divider-pattern-size:20px;--divider-pattern-url:none;--divider-pattern-repeat:repeat-x}.elementor-widget-divider .elementor-divider{display:-webkit-box;display:-ms-flexbox;display:flex}.elementor-widget-divider .elementor-divider__text{font-size:15px;line-height:1;max-width:95%}.elementor-widget-divider .elementor-divider__element{margin:0 var(--divider-element-spacing);-ms-flex-negative:0;flex-shrink:0}.elementor-widget-divider .elementor-icon{font-size:var(--divider-icon-size)}.elementor-widget-divider .elementor-divider-separator{display:-webkit-box;display:-ms-flexbox;display:flex;margin:0;direction:ltr}.elementor-widget-divider--view-line_icon .elementor-divider-separator,.elementor-widget-divider--view-line_text .elementor-divider-separator{-webkit-box-align:center;-ms-flex-align:center;align-items:center}.elementor-widget-divider--view-line_icon .elementor-divider-separator:after,.elementor-widget-divider--view-line_icon .elementor-divider-separator:before,.elementor-widget-divider--view-line_text .elementor-divider-separator:after,.elementor-widget-divider--view-line_text .elementor-divider-separator:before{display:block;content:\"\";border-bottom:0;-webkit-box-flex:1;-ms-flex-positive:1;flex-grow:1;border-top:var(--divider-border-width) var(--divider-border-style) var(--divider-color)}.elementor-widget-divider--element-align-left .elementor-divider .elementor-divider-separator>.elementor-divider__svg:first-of-type{-webkit-box-flex:0;-ms-flex-positive:0;flex-grow:0;-ms-flex-negative:100;flex-shrink:100}.elementor-widget-divider--element-align-left .elementor-divider-separator:before{content:none}.elementor-widget-divider--element-align-left .elementor-divider__element{margin-left:0}.elementor-widget-divider--element-align-right .elementor-divider .elementor-divider-separator>.elementor-divider__svg:last-of-type{-webkit-box-flex:0;-ms-flex-positive:0;flex-grow:0;-ms-flex-negative:100;flex-shrink:100}.elementor-widget-divider--element-align-right .elementor-divider-separator:after{content:none}.elementor-widget-divider--element-align-right .elementor-divider__element{margin-right:0}.elementor-widget-divider:not(.elementor-widget-divider--view-line_text):not(.elementor-widget-divider--view-line_icon) .elementor-divider-separator{border-top:var(--divider-border-width) var(--divider-border-style) var(--divider-color)}.elementor-widget-divider--separator-type-pattern{--divider-border-style:none}.elementor-widget-divider--separator-type-pattern.elementor-widget-divider--view-line .elementor-divider-separator,.elementor-widget-divider--separator-type-pattern:not(.elementor-widget-divider--view-line) .elementor-divider-separator:after,.elementor-widget-divider--separator-type-pattern:not(.elementor-widget-divider--view-line) .elementor-divider-separator:before,.elementor-widget-divider--separator-type-pattern:not([class*=elementor-widget-divider--view]) .elementor-divider-separator{width:100%;min-height:var(--divider-pattern-height);-webkit-mask-size:var(--divider-pattern-size) 100%;mask-size:var(--divider-pattern-size) 100%;-webkit-mask-repeat:var(--divider-pattern-repeat);mask-repeat:var(--divider-pattern-repeat);background-color:var(--divider-color);-webkit-mask-image:var(--divider-pattern-url);mask-image:var(--divider-pattern-url)}.elementor-widget-divider--no-spacing{--divider-pattern-size:auto}.elementor-widget-divider--bg-round{--divider-pattern-repeat:round}.rtl .elementor-widget-divider .elementor-divider__text{direction:rtl}<\/style>\t\t<div class=\"elementor-divider\">\n\t\t\t<span class=\"elementor-divider-separator\">\n\t\t\t\t\t\t<\/span>\n\t\t<\/div>\n\t\t\t\t<\/div>\n\t\t\t\t<\/div>\n\t\t\t\t\t<\/div>\n\t\t<\/div>\n\t\t\t\t\t\t\t<\/div>\n\t\t<\/section>\n\t\t\t\t<section class=\"elementor-section elementor-top-section elementor-element elementor-element-48367f2c elementor-section-boxed elementor-section-height-default elementor-section-height-default\" data-id=\"48367f2c\" data-element_type=\"section\">\n\t\t\t\t\t\t<div class=\"elementor-container elementor-column-gap-default\">\n\t\t\t\t\t<div class=\"elementor-column elementor-col-100 elementor-top-column elementor-element elementor-element-36495710\" data-id=\"36495710\" data-element_type=\"column\">\n\t\t\t<div class=\"elementor-widget-wrap elementor-element-populated\">\n\t\t\t\t\t\t\t\t<div class=\"elementor-element elementor-element-26cb6107 elementor-widget elementor-widget-text-editor\" data-id=\"26cb6107\" data-element_type=\"widget\" data-widget_type=\"text-editor.default\">\n\t\t\t\t<div class=\"elementor-widget-container\">\n\t\t\t<style>\/*! elementor - v3.6.0 - 21-03-2022 *\/\n.elementor-widget-text-editor.elementor-drop-cap-view-stacked .elementor-drop-cap{background-color:#818a91;color:#fff}.elementor-widget-text-editor.elementor-drop-cap-view-framed .elementor-drop-cap{color:#818a91;border:3px solid;background-color:transparent}.elementor-widget-text-editor:not(.elementor-drop-cap-view-default) .elementor-drop-cap{margin-top:8px}.elementor-widget-text-editor:not(.elementor-drop-cap-view-default) .elementor-drop-cap-letter{width:1em;height:1em}.elementor-widget-text-editor .elementor-drop-cap{float:left;text-align:center;line-height:1;font-size:50px}.elementor-widget-text-editor .elementor-drop-cap-letter{display:inline-block}<\/style>\t\t\t\t<h1>BACKGROUND \/\/ Circus artist_ Performer_ Researcher_ Artistic director<\/h1>\t\t\t\t\t\t<\/div>\n\t\t\t\t<\/div>\n\t\t\t\t\t<\/div>\n\t\t<\/div>\n\t\t\t\t\t\t\t<\/div>\n\t\t<\/section>\n\t\t\t\t<section class=\"elementor-section elementor-top-section elementor-element elementor-element-4e2c63b3 elementor-section-boxed elementor-section-height-default elementor-section-height-default\" data-id=\"4e2c63b3\" data-element_type=\"section\">\n\t\t\t\t\t\t<div class=\"elementor-container elementor-column-gap-default\">\n\t\t\t\t\t<div class=\"elementor-column elementor-col-50 elementor-top-column elementor-element elementor-element-733f8985\" data-id=\"733f8985\" data-element_type=\"column\">\n\t\t\t<div class=\"elementor-widget-wrap elementor-element-populated\">\n\t\t\t\t\t\t\t\t<div class=\"elementor-element elementor-element-6f208f90 elementor-widget elementor-widget-image\" data-id=\"6f208f90\" data-element_type=\"widget\" data-widget_type=\"image.default\">\n\t\t\t\t<div class=\"elementor-widget-container\">\n\t\t\t<style>\/*! elementor - v3.6.0 - 21-03-2022 *\/\n.elementor-widget-image{text-align:center}.elementor-widget-image a{display:inline-block}.elementor-widget-image a img[src$=\".svg\"]{width:48px}.elementor-widget-image img{vertical-align:middle;display:inline-block}<\/style>\t\t\t\t\t\t\t\t\t\t\t\t<img width=\"1024\" height=\"507\" src=\"http:\/\/vivianfriedrich.info\/wp-content\/uploads\/2022\/07\/VivianFriedrich-copy-1024x507.jpg\" class=\"attachment-large size-large\" alt=\"\" loading=\"lazy\" srcset=\"http:\/\/vivianfriedrich.info\/wp-content\/uploads\/2022\/07\/VivianFriedrich-copy-1024x507.jpg 1024w, http:\/\/vivianfriedrich.info\/wp-content\/uploads\/2022\/07\/VivianFriedrich-copy-300x149.jpg 300w, http:\/\/vivianfriedrich.info\/wp-content\/uploads\/2022\/07\/VivianFriedrich-copy-768x380.jpg 768w, http:\/\/vivianfriedrich.info\/wp-content\/uploads\/2022\/07\/VivianFriedrich-copy-1536x761.jpg 1536w, http:\/\/vivianfriedrich.info\/wp-content\/uploads\/2022\/07\/VivianFriedrich-copy-2048x1014.jpg 2048w\" sizes=\"(max-width: 1024px) 100vw, 1024px\" \/>\t\t\t\t\t\t\t\t\t\t\t\t\t\t\t<\/div>\n\t\t\t\t<\/div>\n\t\t\t\t\t<\/div>\n\t\t<\/div>\n\t\t\t\t<div class=\"elementor-column elementor-col-50 elementor-top-column elementor-element elementor-element-7d59cf16\" data-id=\"7d59cf16\" data-element_type=\"column\">\n\t\t\t<div class=\"elementor-widget-wrap elementor-element-populated\">\n\t\t\t\t\t\t\t\t<div class=\"elementor-element elementor-element-78e7f506 elementor-widget elementor-widget-text-editor\" data-id=\"78e7f506\" data-element_type=\"widget\" data-widget_type=\"text-editor.default\">\n\t\t\t\t<div class=\"elementor-widget-container\">\n\t\t\t\t\t\t\t\t\t\t\t\t\t<\/div>\n\t\t\t\t<\/div>\n\t\t\t\t\t<\/div>\n\t\t<\/div>\n\t\t\t\t\t\t\t<\/div>\n\t\t<\/section>\n\t\t\t\t<section class=\"elementor-section elementor-top-section elementor-element elementor-element-cbd8ca elementor-section-boxed elementor-section-height-default elementor-section-height-default\" data-id=\"cbd8ca\" data-element_type=\"section\">\n\t\t\t\t\t\t<div class=\"elementor-container elementor-column-gap-default\">\n\t\t\t\t\t<div class=\"elementor-column elementor-col-100 elementor-top-column elementor-element elementor-element-7a86e29f\" data-id=\"7a86e29f\" data-element_type=\"column\">\n\t\t\t<div class=\"elementor-widget-wrap elementor-element-populated\">\n\t\t\t\t\t\t\t\t<div class=\"elementor-element elementor-element-7b8e3577 elementor-widget elementor-widget-text-editor\" data-id=\"7b8e3577\" data-element_type=\"widget\" data-widget_type=\"text-editor.default\">\n\t\t\t\t<div class=\"elementor-widget-container\">\n\t\t\t\t\t\t\t<p>J&#8217;ai travaill\u00e9 sur sc\u00e8ne au KIEZ, le quartier rouge de Hambourg, et au Th\u00e9\u00e2tre National de Tunisie; puis \u00e9tudi\u00e9 dans une \u00e9cole de cirque \u00e0 Tilburg (Hollande), avant de compl\u00e9ter cette formation par des \u00e9tudes de psychologie, des cours de danse et de th\u00e9\u00e2tre physique dans diff\u00e9rents lieux, de Barcelone \u00e0 Hambourg et de la r\u00e9gion de Catalogne (Espagne) \u00e0 celle de Schleswig-Holstein (Allemagne).<br \/>Le fait que je sois n\u00e9e l\u2019ann\u00e9e de la chute du mur de Berlin n\u2019est pas rien pour moi, car cet \u00e9v\u00e9nement est en quelque sorte l\u2019\u00e9tincelle qui me pousse depuis des ann\u00e9es \u00e0 m\u2019interroger sur les limites mentales et physiques que l\u2019humanit\u00e9 est capable de d\u00e9cr\u00e9ter.<br \/>De m\u00eame, \u00eatre n\u00e9e dans une famille li\u00e9e \u00e0 la verrerie durant des g\u00e9n\u00e9rations (et connue sous le nom de \u201cverriers de Boh\u00eame\u201d), est sans aucun doute l\u2019une des raisons de ma fascination pour les formes et les reflets.<br \/><br \/><\/p>\t\t\t\t\t\t<\/div>\n\t\t\t\t<\/div>\n\t\t\t\t\t<\/div>\n\t\t<\/div>\n\t\t\t\t\t\t\t<\/div>\n\t\t<\/section>\n\t\t\t\t<section class=\"elementor-section elementor-top-section elementor-element elementor-element-28a02787 elementor-section-boxed elementor-section-height-default elementor-section-height-default\" data-id=\"28a02787\" data-element_type=\"section\">\n\t\t\t\t\t\t<div class=\"elementor-container elementor-column-gap-extended\">\n\t\t\t\t\t<div class=\"elementor-column elementor-col-66 elementor-top-column elementor-element elementor-element-c9e4a4a\" data-id=\"c9e4a4a\" data-element_type=\"column\">\n\t\t\t<div class=\"elementor-widget-wrap elementor-element-populated\">\n\t\t\t\t\t\t\t\t<div class=\"elementor-element elementor-element-50a7e779 elementor-widget elementor-widget-text-editor\" data-id=\"50a7e779\" data-element_type=\"widget\" data-widget_type=\"text-editor.default\">\n\t\t\t\t<div class=\"elementor-widget-container\">\n\t\t\t\t\t\t\t<p>Ma passion pour le cirque et mon d\u00e9sir de r\u00e9fl\u00e9chir sur cet art comme langage m&#8217;ont pouss\u00e9e \u00e0 lancer en 2017 le projet \u00ab Journ\u00e9es d&#8217;\u00e9change sur la dramaturgie et l&#8217;\u00e9criture \u00bb, dont La Central del Circ (Barcelone) a c\u00e9l\u00e9br\u00e9 cette ann\u00e9e la 7\u00e8me \u00e9dition.<\/p><p>Ces derni\u00e8res ann\u00e9es, je me consacre \u00e0 diff\u00e9rents processus cr\u00e9atifs, \u00e0 la dramaturgie circassienne et \u00e0 la recherche.<\/p><p>Depuis 2023, la <strong>NAU Churuduu<\/strong> est mon espace de cr\u00e9ation artistique, de recherche et de collaboration, situ\u00e9 \u00e0 Manlleu, Osona \u2013 Barcelone. Il s&#8217;agit d&#8217;un espace pour renforcer le cirque en tant que langage de mouvement, en explorant de nouvelles dramaturgies. De plus, il veut stimuler et faciliter une forte liaison avec les arts visuels et l&#8217;artisanat. C&#8217;est aujourd&#8217;hui un espace sp\u00e9cialement consacr\u00e9 \u00e0 la recherche en verre.<\/p><p>\u00a0<\/p>\t\t\t\t\t\t<\/div>\n\t\t\t\t<\/div>\n\t\t\t\t\t<\/div>\n\t\t<\/div>\n\t\t\t\t<div class=\"elementor-column elementor-col-33 elementor-top-column elementor-element elementor-element-77b685c6\" data-id=\"77b685c6\" data-element_type=\"column\">\n\t\t\t<div class=\"elementor-widget-wrap elementor-element-populated\">\n\t\t\t\t\t\t\t\t<div class=\"elementor-element elementor-element-8675113 elementor-widget elementor-widget-image\" data-id=\"8675113\" data-element_type=\"widget\" data-widget_type=\"image.default\">\n\t\t\t\t<div class=\"elementor-widget-container\">\n\t\t\t\t\t\t\t\t\t\t\t\t\t\t\t<img width=\"768\" height=\"1024\" src=\"http:\/\/vivianfriedrich.info\/wp-content\/uploads\/2024\/03\/Nau-Churuduu-2-768x1024.jpg\" class=\"attachment-large size-large\" alt=\"\" loading=\"lazy\" srcset=\"http:\/\/vivianfriedrich.info\/wp-content\/uploads\/2024\/03\/Nau-Churuduu-2-768x1024.jpg 768w, http:\/\/vivianfriedrich.info\/wp-content\/uploads\/2024\/03\/Nau-Churuduu-2-225x300.jpg 225w, http:\/\/vivianfriedrich.info\/wp-content\/uploads\/2024\/03\/Nau-Churuduu-2-1152x1536.jpg 1152w, http:\/\/vivianfriedrich.info\/wp-content\/uploads\/2024\/03\/Nau-Churuduu-2-1536x2048.jpg 1536w, http:\/\/vivianfriedrich.info\/wp-content\/uploads\/2024\/03\/Nau-Churuduu-2-scaled.jpg 1920w\" sizes=\"(max-width: 768px) 100vw, 768px\" \/>\t\t\t\t\t\t\t\t\t\t\t\t\t\t\t<\/div>\n\t\t\t\t<\/div>\n\t\t\t\t\t<\/div>\n\t\t<\/div>\n\t\t\t\t\t\t\t<\/div>\n\t\t<\/section>\n\t\t\t\t<section class=\"elementor-section elementor-top-section elementor-element elementor-element-643ea85 elementor-section-boxed elementor-section-height-default elementor-section-height-default\" data-id=\"643ea85\" data-element_type=\"section\">\n\t\t\t\t\t\t<div class=\"elementor-container elementor-column-gap-narrow\">\n\t\t\t\t\t<div class=\"elementor-column elementor-col-50 elementor-top-column elementor-element elementor-element-60538397\" data-id=\"60538397\" data-element_type=\"column\">\n\t\t\t<div class=\"elementor-widget-wrap elementor-element-populated\">\n\t\t\t\t\t\t\t\t<div class=\"elementor-element elementor-element-11e103e elementor-widget elementor-widget-text-editor\" data-id=\"11e103e\" data-element_type=\"widget\" data-widget_type=\"text-editor.default\">\n\t\t\t\t<div class=\"elementor-widget-container\">\n\t\t\t\t\t\t\t\t\t\t\t\t\t<\/div>\n\t\t\t\t<\/div>\n\t\t\t\t\t<\/div>\n\t\t<\/div>\n\t\t\t\t<div class=\"elementor-column elementor-col-25 elementor-top-column elementor-element elementor-element-55298ec2\" data-id=\"55298ec2\" data-element_type=\"column\">\n\t\t\t<div class=\"elementor-widget-wrap\">\n\t\t\t\t\t\t\t\t\t<\/div>\n\t\t<\/div>\n\t\t\t\t<div class=\"elementor-column elementor-col-25 elementor-top-column elementor-element elementor-element-a7f5e10\" data-id=\"a7f5e10\" data-element_type=\"column\">\n\t\t\t<div class=\"elementor-widget-wrap\">\n\t\t\t\t\t\t\t\t\t<\/div>\n\t\t<\/div>\n\t\t\t\t\t\t\t<\/div>\n\t\t<\/section>\n\t\t\t\t<section class=\"elementor-section elementor-top-section elementor-element elementor-element-359edee4 elementor-section-boxed elementor-section-height-default elementor-section-height-default\" data-id=\"359edee4\" data-element_type=\"section\">\n\t\t\t\t\t\t<div class=\"elementor-container elementor-column-gap-default\">\n\t\t\t\t\t<div class=\"elementor-column elementor-col-66 elementor-top-column elementor-element elementor-element-6656958b\" data-id=\"6656958b\" data-element_type=\"column\">\n\t\t\t<div class=\"elementor-widget-wrap elementor-element-populated\">\n\t\t\t\t\t\t\t\t<div class=\"elementor-element elementor-element-1ca13f18 elementor-widget elementor-widget-text-editor\" data-id=\"1ca13f18\" data-element_type=\"widget\" data-widget_type=\"text-editor.default\">\n\t\t\t\t<div class=\"elementor-widget-container\">\n\t\t\t\t\t\t\t\t\t\t\t\t\t<\/div>\n\t\t\t\t<\/div>\n\t\t\t\t\t<\/div>\n\t\t<\/div>\n\t\t\t\t<div class=\"elementor-column elementor-col-33 elementor-top-column elementor-element elementor-element-2d589e82\" data-id=\"2d589e82\" data-element_type=\"column\">\n\t\t\t<div class=\"elementor-widget-wrap\">\n\t\t\t\t\t\t\t\t\t<\/div>\n\t\t<\/div>\n\t\t\t\t\t\t\t<\/div>\n\t\t<\/section>\n\t\t\t\t<section class=\"elementor-section elementor-top-section elementor-element elementor-element-1474d8b2 elementor-section-boxed elementor-section-height-default elementor-section-height-default\" data-id=\"1474d8b2\" data-element_type=\"section\">\n\t\t\t\t\t\t<div class=\"elementor-container elementor-column-gap-default\">\n\t\t\t\t\t<div class=\"elementor-column elementor-col-100 elementor-top-column elementor-element elementor-element-7e020cbd\" data-id=\"7e020cbd\" data-element_type=\"column\">\n\t\t\t<div class=\"elementor-widget-wrap elementor-element-populated\">\n\t\t\t\t\t\t\t\t<div class=\"elementor-element elementor-element-7276308c elementor-widget elementor-widget-text-editor\" data-id=\"7276308c\" data-element_type=\"widget\" data-widget_type=\"text-editor.default\">\n\t\t\t\t<div class=\"elementor-widget-container\">\n\t\t\t\t\t\t\t<p>\u00a0<\/p>\n<div>\n<div>\n<article>\n<div>\n<p><b>Some facts:<\/b><\/p>\n<p><strong>2018\/19<\/strong> Circus Dramaturgie Certificate, Centre National des Arts du Cirque Ch\u00e2lons en Champagne (FR) and Ecole Sup\u00e9rieure des Arts du Cirque Brussels<\/p>\n<p><strong>2010- 2015<\/strong> B.Sc. Psychology, (thesis: Regulation of emotions and interhemispheric communication), FernUniversit\u00e4t Hagen<\/p>\n<p><strong>2009-2010<\/strong> \u201cPropedeuse\u201c (dutch diploma) in Circus and Performance Art, Fontys Hogescholen voor de Kunsten, Tilburg, NL<\/p>\n<p>++dance and movement trainings ++<\/p>\n<p><strong>Festivals\u00a0and venues played on:<\/strong><\/p>\n<p>Festival OFF Avignon, Mercat de les Flors, Journ\u00e9e Th\u00e9\u00e2trales de Catharge, Fira Mediterranea de Manresa, Teatre Principal de Olot, Sprechwerk Hamburg, Gran Teatro de Caceres, B-FIT in the Street Festival Bucharest, La Muralla en Danza Pamplona, La Bisbal, Fringe Festival Madrid, Theaterspektakel Z\u00fcrich, Umore Azoka, Berlin Circus Festival, Teatro Guimer\u00e1 Santa Cruz de Tenerife, Festival Presente Futuro- Teatro Libero Palermo\u2026.<\/p>\n<p><strong>Residences\u00a0and support:<\/strong><\/p>\n<p>Generalitat de Catalunya, Premis de Barcelona, Mercat de les Flors, Cirqueon, Roca Umbert F\u00e0brica de les Arts, Wroclawski Instytut Kultury &#8211; Mobility Fund, Becas BCN Crea, Convent de les Arts, Cirklabo, CircusNext+, EU Circus Incubator Project Montreal and Helsinki, Research scholarship Generalitat de Catalunya, Incubator Scholarship La Central del Circ, The Arts Printing House Vilnius; KONVENT, Ponderosa Movement and Discovery, La Central del Circ, Lleialtat Santsenca, NunArt Barcelona, Kulturbahnhof Ottersberg, L\u2019Estruch de Sabadell, LaBonita, Centre Civic El Sortidor, Nau Ivanow, Theaterwerkstatt Pilkentafel, Encirca\u2019t Arenys de Munt, LaBau, Can Gassol Matar\u00f3, Fira Mediterr\u00e0nea de Manresa, Fundaci\u00f3n La Plana, Zirkozaurre, CRAC\u2026<\/p>\n<\/div>\n<\/article>\n<\/div>\n<\/div>\t\t\t\t\t\t<\/div>\n\t\t\t\t<\/div>\n\t\t\t\t\t<\/div>\n\t\t<\/div>\n\t\t\t\t\t\t\t<\/div>\n\t\t<\/section>\n\t\t\t\t\t\t\t<\/div>\n\t\t","protected":false},"excerpt":{"rendered":"<p>BACKGROUND \/\/ Circus artist_ Performer_ Researcher_ Artistic director J&#8217;ai travaill\u00e9 sur sc\u00e8ne au KIEZ, le quartier rouge de Hambourg, et au Th\u00e9\u00e2tre National de Tunisie; puis \u00e9tudi\u00e9 dans une \u00e9cole de cirque \u00e0 Tilburg (Hollande), avant de compl\u00e9ter cette formation par des \u00e9tudes de psychologie, des cours de danse et de th\u00e9\u00e2tre physique dans diff\u00e9rents [&hellip;]<\/p>\n","protected":false},"author":1,"featured_media":0,"parent":0,"menu_order":3,"comment_status":"closed","ping_status":"closed","template":"","meta":[],"_links":{"self":[{"href":"http:\/\/vivianfriedrich.info\/index.php?rest_route=\/wp\/v2\/pages\/2243"}],"collection":[{"href":"http:\/\/vivianfriedrich.info\/index.php?rest_route=\/wp\/v2\/pages"}],"about":[{"href":"http:\/\/vivianfriedrich.info\/index.php?rest_route=\/wp\/v2\/types\/page"}],"author":[{"embeddable":true,"href":"http:\/\/vivianfriedrich.info\/index.php?rest_route=\/wp\/v2\/users\/1"}],"replies":[{"embeddable":true,"href":"http:\/\/vivianfriedrich.info\/index.php?rest_route=%2Fwp%2Fv2%2Fcomments&post=2243"}],"version-history":[{"count":12,"href":"http:\/\/vivianfriedrich.info\/index.php?rest_route=\/wp\/v2\/pages\/2243\/revisions"}],"predecessor-version":[{"id":2946,"href":"http:\/\/vivianfriedrich.info\/index.php?rest_route=\/wp\/v2\/pages\/2243\/revisions\/2946"}],"wp:attachment":[{"href":"http:\/\/vivianfriedrich.info\/index.php?rest_route=%2Fwp%2Fv2%2Fmedia&parent=2243"}],"curies":[{"name":"wp","href":"https:\/\/api.w.org\/{rel}","templated":true}]}}