{"id":236,"date":"2021-09-19T19:10:57","date_gmt":"2021-09-19T19:10:57","guid":{"rendered":"http:\/\/vivianfriedrich.info\/?page_id=236"},"modified":"2026-01-22T22:55:06","modified_gmt":"2026-01-22T22:55:06","slug":"agenda","status":"publish","type":"page","link":"http:\/\/vivianfriedrich.info\/?page_id=236","title":{"rendered":"Agenda"},"content":{"rendered":"\t\t<div data-elementor-type=\"wp-page\" data-elementor-id=\"236\" class=\"elementor elementor-236\">\n\t\t\t\t\t\t\t\t\t<section class=\"elementor-section elementor-top-section elementor-element elementor-element-42858a99 elementor-section-boxed elementor-section-height-default elementor-section-height-default\" data-id=\"42858a99\" data-element_type=\"section\">\n\t\t\t\t\t\t<div class=\"elementor-container elementor-column-gap-default\">\n\t\t\t\t\t<div class=\"elementor-column elementor-col-100 elementor-top-column elementor-element elementor-element-555eb43d\" data-id=\"555eb43d\" data-element_type=\"column\">\n\t\t\t<div class=\"elementor-widget-wrap elementor-element-populated\">\n\t\t\t\t\t\t\t\t<div class=\"elementor-element elementor-element-63d5dbe9 elementor-widget elementor-widget-text-editor\" data-id=\"63d5dbe9\" data-element_type=\"widget\" data-widget_type=\"text-editor.default\">\n\t\t\t\t<div class=\"elementor-widget-container\">\n\t\t\t<style>\/*! elementor - v3.6.0 - 21-03-2022 *\/\n.elementor-widget-text-editor.elementor-drop-cap-view-stacked .elementor-drop-cap{background-color:#818a91;color:#fff}.elementor-widget-text-editor.elementor-drop-cap-view-framed .elementor-drop-cap{color:#818a91;border:3px solid;background-color:transparent}.elementor-widget-text-editor:not(.elementor-drop-cap-view-default) .elementor-drop-cap{margin-top:8px}.elementor-widget-text-editor:not(.elementor-drop-cap-view-default) .elementor-drop-cap-letter{width:1em;height:1em}.elementor-widget-text-editor .elementor-drop-cap{float:left;text-align:center;line-height:1;font-size:50px}.elementor-widget-text-editor .elementor-drop-cap-letter{display:inline-block}<\/style>\t\t\t\t<p><span style=\"text-decoration: underline;\"><b>2026<\/b><\/span><\/p>\n<p><strong>19-23\/MAR\/26&nbsp; &nbsp;<\/strong>I TRUST YOU <a href=\"https:\/\/fundaciojoanbrossa.cat\/\">@Fundaci\u00f3 Joan Brossa<\/a>, Barcelona<\/p>\n<p><strong>26-29\/MAR\/26&nbsp; <\/strong>&nbsp;I TRUST YOU <a href=\"https:\/\/fundaciojoanbrossa.cat\/\">@Fundaci\u00f3 Joan Brossa<\/a>, Barcelona<\/p>\n<p><strong>24\/APRIL\/26<\/strong>&nbsp; &nbsp; SKLENKA MELTA &nbsp;<a href=\"https:\/\/www.centrecivicporqueres.cat\/ca\/programacio\/c\/419-vivian-friedrich.html\">@CentreC\u00edvicPorqueres, <\/a>Girona<\/p>\n<p><strong>23\/MAY\/26<\/strong>&nbsp; &nbsp;SKLENKA MELTA <a href=\"https:\/\/mercatflors.cat\/\">@Mercat de les Flors<\/a>, Barcelona<\/p>\n<p><strong>24\/MAY\/26<\/strong>&nbsp; &nbsp;SKLENKA MELTA<a href=\"https:\/\/mercatflors.cat\/\"> @Mercat de les Flors<\/a>, Barcelona<\/p>\n<p><\/p>\n<p><strong style=\"font-variant-caps: normal; font-family: &quot;Open Sans&quot;, sans-serif; font-size: 16px; font-style: normal;\"><br><\/strong><\/p><p><strong style=\"font-variant-caps: normal; font-family: &quot;Open Sans&quot;, sans-serif; font-size: 16px; font-style: normal;\"><br><\/strong><\/p><p><strong style=\"font-variant-caps: normal; font-family: &quot;Open Sans&quot;, sans-serif; font-size: 16px; font-style: normal;\">&#8212;&#8211;&nbsp; &nbsp; PAST&#8212;&#8211;<\/strong><span style=\"text-decoration: underline;\"><strong><br><\/strong><\/span><\/p>\n<p><span style=\"text-decoration: underline;\"><strong>2025<\/strong><\/span><\/p>\n<p><strong>JAN-MAR<\/strong>&nbsp; &nbsp; Artistic research&nbsp; I Trust You &#8211; glask\u00f6rper and a breaking point, coproduction <a href=\"https:\/\/fundaciojoanbrossa.cat\/\">@Fundaci\u00f3 Joan Brossa<\/a><\/p>\n<p><strong>15\/MAY\/25 &nbsp;&nbsp;<\/strong>SKLENKA MELTA <a href=\"https:\/\/www.trapezi.cat\/en\/espectacle\/sklenka-melta\">@FiraTrapezi<\/a>, Teatre Bartrina, Reus&nbsp;<\/p>\n<p><strong>23\/MAY\/25<\/strong>&nbsp; &nbsp;SKLENKA MELTA <a href=\"https:\/\/www.festusfestival.cat\/\">@Festus<\/a>, Torell\u00f3<\/p>\n<p><strong>13\/JUNE\/25 &nbsp;<\/strong>FRACCIONS, @LustrFest, Kamenick\u00fd \u0160enov, CZ<\/p>\n<p><strong>14\/JUNE\/25 &nbsp;<\/strong>FRACCIONS, @LustrFest, Kamenick\u00fd \u0160enov, CZ<\/p>\n<p><strong>3\/JULY\/25 &nbsp; &nbsp;&nbsp;<\/strong>SKLENKA MELTA <a href=\"https:\/\/www.barcelona.cat\/grec\/es\/espectaculos\/sklenka-melta\">@FestivalGrec<\/a>, Barcelona<\/p>\n<p><strong>4\/JULY\/25 &nbsp; &nbsp;&nbsp;<\/strong>SKLENKA MELTA <a href=\"https:\/\/www.barcelona.cat\/grec\/es\/espectaculos\/sklenka-melta\">@FestivalGrec<\/a>, Barcelona<\/p>\n<p><strong>23\/JULY- 3\/AUG<\/strong> <strong>\/25<\/strong> Artistic residence I TRUST YOU <a href=\"http:\/\/www.crac-espaciounico.org\/\">@CRAC<\/a>, Extremadura<\/p>\n<p><strong>21\/DEC\/25<\/strong>&nbsp; &nbsp; SKLENKA MELTA non-conventional space Genova Palazzo <a href=\"https:\/\/circumnavigandofestival.it\/\">@CircumnavigandoFestival<\/a><\/p>\n<p><\/p>\n<p><strong><br><\/strong><\/p>\n<p><br><\/p>\n<p><strong><span style=\"text-decoration: underline;\">2024<\/span><\/strong><\/p>\n<p><strong>15-18\/JAN\/24<\/strong>&nbsp; Workshop\/audition Sklenka Melta @ETC Vic<\/p>\n<p><strong>07\/MAR\/24<\/strong>&nbsp; Performance FRACCIONS <a href=\"https:\/\/amicsmda.org\/activitat\/art-en-vidre-de-pilar-aldana-mendez-roser-box-gonzalez-dolors-rosell-mele-maribel-navarro-i-nuria-torrente\/\">@Art-en-Vidre<\/a>, Girona<\/p>\n<p><strong>14\/MAR\/24<\/strong> Performance FRACCIONS <a href=\"https:\/\/amicsmda.org\/activitat\/art-en-vidre-de-pilar-aldana-mendez-roser-box-gonzalez-dolors-rosell-mele-maribel-navarro-i-nuria-torrente\/\">@Art-en-Vidre<\/a>, Girona<\/p>\n<p><strong>21\/MAR\/24<\/strong> Performance FRACCIONS <a href=\"https:\/\/amicsmda.org\/activitat\/art-en-vidre-de-pilar-aldana-mendez-roser-box-gonzalez-dolors-rosell-mele-maribel-navarro-i-nuria-torrente\/\">@Art-en-Vidre<\/a>, Girona<\/p>\n<p><strong>10\/MAY\/24<\/strong> Showcase Sklenka Melta @Fira Trapezi Reus<\/p>\n<p><strong>01\/JUN\/24&nbsp; <\/strong>Fragment Sklenka Melta <a href=\"https:\/\/objetosconvidrio.com\/2-trobada-del-vidre-a-massanes-girona-cataluna\/\">@Trobada de vidre Massanes<\/a><\/p>\n<p><strong>31\/AUG\/24 <\/strong>Glass performance FRACCIONS #8 <a href=\"https:\/\/crystalvalleyweek.cz\/en\">@Crystal Valley Week<\/a>, Liberec<\/p>\n<p><strong>01\/SEP\/24<\/strong>&nbsp; KRISTALL BOH\u00c8ME<a href=\"https:\/\/letniletna.cz\"> @Letn\u00edLetn\u00e1<\/a>, Prague, CZ<\/p>\n<p><strong>21\/SEP\/24&nbsp;<\/strong> In-situ glass performance FRACCIONS [sklenka melta] <a href=\"https:\/\/www.artsenmouvement.fr\">@CIAM Aix-en-Provence<\/a>, FR<\/p>\n<p><strong>08\/NOV\/24<\/strong> Premiere SKLENKA MELTA <a href=\"https:\/\/mercatflors.cat\/es\/\">@Mercat de les Flors, <\/a>Barcelona (postponed)<\/p>\n<p><strong>9-10\/NOV\/24<\/strong> SKLENKA MELTA <a href=\"https:\/\/mercatflors.cat\/es\/\">@Mercat de les Flors, <\/a>Barcelona (postponed)<\/p>\n<p><strong>20-24\/NOV\/24 <\/strong>Kristall Boh\u00e8me [in situ] @Circus M\u00fchle Kelbra<\/p>\n<p><strong><span style=\"text-decoration: underline;\">&nbsp;<\/span><\/strong><\/p>\n<p><strong><span style=\"text-decoration: underline;\">2023<\/span><\/strong><\/p>\n<p><strong>24\/JAN\/23<\/strong>&nbsp; &nbsp;Internationale Kulturb\u00f6rse Freiburg \u2013 Buzz Pitching Session \/\/Kristall Boh\u00e8me<\/p>\n<p><strong>11\/FEB\/23<\/strong> &nbsp;Breach \u2013&nbsp;<a href=\"https:\/\/www.somnoise.com\/copia-de-espectaculos\">SOM NOISE<\/a>&nbsp;\/ @Teatre l\u2019Ateneu, Celr\u00e0<\/p>\n<p><strong>08\/MAR\/23<\/strong> &nbsp;&nbsp;Breach \u2013&nbsp;<a href=\"https:\/\/www.somnoise.com\/copia-de-espectaculos\">SOM NOISE<\/a>&nbsp;\/ @Teatre La Gorga, Palam\u00f3s<\/p>\n<p><strong>19\/MAR\/22<\/strong> &nbsp;Kristall Boh\u00e8me [Excavaci\u00f3n de una Memoria] \/&nbsp;<a href=\"https:\/\/teatreprincipal.cat\/esdeveniments\/krystall-boheme\/\" target=\"_blank\" rel=\"noopener\">@Teatre Principal, Arenys de Mar<\/a><\/p>\n<p><strong>APRIL-SEP 2023 &nbsp;<\/strong>Artistic research between glass, movement and circus FRACCIONS and SKLENKA MELTA&nbsp;<\/p>\n<p><span style=\"font-variant-caps: normal; font-family: 'Open Sans', sans-serif; font-size: 16px; font-style: normal; font-weight: 600;\">15\/OCT\/23 &nbsp;<\/span><span style=\"font-family: 'Open Sans', sans-serif; font-size: 16px; font-style: normal; font-variant-caps: normal;\">Kristall Boh\u00e8me [Excavaci\u00f3n de una Memoria] \/\/&nbsp;<\/span><a href=\"https:\/\/www.nilak.cat\" target=\"_blank\" rel=\"noopener\">@Nilak<\/a><span style=\"font-family: 'Open Sans', sans-serif; font-size: 16px; font-style: normal; font-variant-caps: normal;\">, Vilaller&nbsp;<\/span><\/p>\n<p><span style=\"font-variant-caps: normal; font-family: 'Open Sans', sans-serif; font-size: 16px; font-style: normal; font-weight: 600;\">21-22\/OCT\/23 &nbsp;<\/span><span style=\"font-family: 'Open Sans', sans-serif; font-size: 16px; font-style: normal; font-variant-caps: normal;\">FRACCIONS @XII Jornades Arts del vidre, Escaldes-Engordany, Andorra<\/span><\/p>\n<p style=\"font-variant-caps: normal; font-family: 'Open Sans', sans-serif; font-size: 16px; font-style: normal;\"><span style=\"font-variant-caps: normal; font-family: 'Open Sans', sans-serif; font-size: 16px; font-style: normal; font-weight: 600;\">26\/OCT\/23 &nbsp;<\/span><span style=\"font-variant-caps: normal; font-family: 'Open Sans', sans-serif; font-size: 16px; font-style: normal;\">PITCH Sklenka Melta, Artcena @Festival Circa, Auch, FR<\/span><\/p>\n<p style=\"font-variant-caps: normal; font-family: 'Open Sans', sans-serif; font-size: 16px; font-style: normal;\"><span style=\"font-variant-caps: normal; font-family: 'Open Sans', sans-serif; font-size: 16px; font-style: normal; font-weight: 600;\">13-17\/NOV\/23 &nbsp;<\/span><span style=\"font-variant-caps: normal; font-family: 'Open Sans', sans-serif; font-size: 16px; font-style: normal;\">&nbsp;CircusGlass Lab&nbsp;<\/span>Sklenka Melta \/\/ @LaCentral del Circ, Barcelona<\/p>\n<p style=\"font-variant-caps: normal; font-family: 'Open Sans', sans-serif; font-size: 16px; font-style: normal;\"><strong>29\/NOV- 3\/DEC\/23<\/strong> &nbsp;Creation and Dramaturgy Workshop\/\/ @VIII Encuentro D10, Santiago de Compostelas<\/p>\n<div><span style=\"font-variant-caps: normal; font-family: 'Open Sans', sans-serif; font-size: 16px; font-style: normal;\">&nbsp;<\/span><\/div>\n<div><span style=\"font-variant-caps: normal; font-family: 'Open Sans', sans-serif; font-size: 16px; font-style: normal;\">&nbsp;<\/span><\/div>\n<p><strong style=\"font-size: 16px;\"><span style=\"text-decoration: underline;\">2022<\/span><\/strong><\/p>\n<p><strong>08\/JAN\/22<\/strong>&nbsp; &nbsp;<span style=\"font-family: 'Open Sans', sans-serif; font-size: 16px; font-style: normal; font-variant-caps: normal;\">Breach &#8211;&nbsp;<\/span><a style=\"font-family: 'Open Sans', sans-serif; font-size: 16px; font-style: normal; font-variant-caps: normal;\" href=\"https:\/\/www.somnoise.com\/copia-de-espectaculos\">SOM NOISE<\/a><span style=\"font-family: 'Open Sans', sans-serif; font-size: 16px; font-style: normal; font-variant-caps: normal;\">&nbsp;\/ Argentina<\/span><\/p>\n<p><strong>28-29\/JAN\/22 &nbsp;<\/strong>&nbsp;<span style=\"font-family: 'Open Sans', sans-serif; font-size: 16px; font-style: normal; font-variant-caps: normal;\">&nbsp;<\/span><span style=\"font-variant-caps: normal; font-family: 'Open Sans', sans-serif; font-size: 16px; font-style: normal;\">Breach &#8211;&nbsp;<\/span><a style=\"font-variant-caps: normal; font-family: 'Open Sans', sans-serif; font-size: 16px; font-style: normal;\" href=\"https:\/\/www.somnoise.com\/copia-de-espectaculos\">SOM NOISE<\/a>\/ Escale Catalane <a href=\"https:\/\/la-grainerie.net\">@Grainerie&nbsp;<\/a><\/p>\n<p><span style=\"font-variant-caps: normal; font-family: 'Open Sans', sans-serif; font-size: 16px; font-style: normal; font-weight: 600;\">26\/FEB\/22 &nbsp; &nbsp; &nbsp;<\/span><span style=\"font-family: 'Open Sans', sans-serif; font-size: 16px; font-style: normal; font-variant-caps: normal;\">Performing GenomaB\/ Albadulake <a href=\"https:\/\/www.oviedo.es\/teatro\/-\/calendars\/event\/1659024\/AsN1z6hAlTTE\">@Teatro Filarm\u00f3nica Oviedo<\/a><\/span><\/p>\n<p><span style=\"font-family: 'Open Sans', sans-serif; font-size: 16px; font-style: normal; font-variant-caps: normal; font-weight: 600;\">28\/APR\/22 &nbsp;<\/span><span style=\"font-family: 'Open Sans', sans-serif; font-size: 16px; font-style: normal; font-variant-caps: normal;\">Breach &#8211;&nbsp;<\/span><a style=\"font-family: 'Open Sans', sans-serif; font-size: 16px; font-style: normal; font-variant-caps: normal;\" href=\"https:\/\/www.somnoise.com\/copia-de-espectaculos\">SOM NOISE<\/a>&nbsp;\/ <a href=\"https:\/\/www.girona.cat\/teatremunicipal\/cat\/programacio_fitxa.php?id=3132\">@Teatre Girona<\/a><\/p>\n<p><span style=\"font-family: 'Open Sans', sans-serif; font-size: 16px; font-style: normal; font-variant-caps: normal; font-weight: 600;\">30\/APR\/22 &nbsp;<\/span><span style=\"font-family: 'Open Sans', sans-serif; font-size: 16px; font-style: normal; font-variant-caps: normal;\">FRACCIONS#4 [kristall b.] \/ &nbsp;Festivalet&nbsp;<a href=\"https:\/\/fundaciolaplana.wordpress.com\/2022\/04\/10\/festivalet-de-la-plana-3\/\">@Fundaci\u00f3 LaPlana<\/a><\/span><\/p>\n<p><span style=\"font-family: 'Open Sans', sans-serif; font-size: 16px; font-style: normal; font-variant-caps: normal; font-weight: 600;\">11-12\/MAY\/22&nbsp;<\/span><span style=\"font-family: 'Open Sans', sans-serif; font-size: 16px; font-style: normal; font-variant-caps: normal;\">Kristall Boh\u00e8me [excavaci\u00f3n SUR] \/ <a href=\"https:\/\/www.trapezi.cat\/es\/companyies\/vivian-friedrich-the-schubert-sisters\/\">@Fira Trapezi<\/a><\/span><\/p>\n<p><span style=\"font-family: 'Open Sans', sans-serif; font-size: 16px; font-style: normal; font-variant-caps: normal; font-weight: 600;\">20-22\/MAY\/22 &nbsp;<\/span><span style=\"font-family: 'Open Sans', sans-serif; font-size: 16px; font-style: normal; font-variant-caps: normal;\">Breach &#8211;&nbsp;<\/span><a style=\"font-family: 'Open Sans', sans-serif; font-size: 16px; font-style: normal; font-variant-caps: normal;\" href=\"https:\/\/www.somnoise.com\/copia-de-espectaculos\">SOM NOISE<\/a><span style=\"font-family: 'Open Sans', sans-serif; font-size: 16px; font-style: normal; font-variant-caps: normal;\">&nbsp;\/ <a href=\"https:\/\/mercatflors.cat\/es\/espectacle\/breach\/\">@Mercat de Les Flors<\/a><\/span><\/p>\n<p><span style=\"font-family: 'Open Sans', sans-serif; font-size: 16px; font-style: normal; font-variant-caps: normal; font-weight: 600;\">27\/MAY\/22 &nbsp;&nbsp;<\/span><span style=\"font-family: 'Open Sans', sans-serif; font-size: 16px; font-style: normal; font-variant-caps: normal;\">Kristall Boh\u00e8me [Excavaci\u00f3n de una Memoria] \/ T.E.S.T. &nbsp;<a href=\"http:\/\/Creation Kristal\" data-wplink-url-error=\"true\">@La Central del Circ BCN<\/a><\/span><\/p>\n<p><span style=\"font-variant-caps: normal; font-family: 'Open Sans', sans-serif; font-size: 16px; font-style: normal; font-weight: 600;\">2\/JUN\/22 &nbsp;<\/span><span style=\"font-variant-caps: normal; font-family: 'Open Sans', sans-serif; font-size: 16px; font-style: normal; font-weight: 600;\">&nbsp;<\/span><span style=\"font-variant-caps: normal; font-family: 'Open Sans', sans-serif; font-size: 16px; font-style: normal;\">Breach &#8211;&nbsp;<\/span><a style=\"font-variant-caps: normal; font-family: 'Open Sans', sans-serif; font-size: 16px; font-style: normal;\" href=\"https:\/\/www.somnoise.com\/copia-de-espectaculos\">SOM NOISE<\/a><span style=\"font-variant-caps: normal; font-family: 'Open Sans', sans-serif; font-size: 16px; font-style: normal;\">&nbsp;\/ @Teatre Principal Olot<\/span><\/p>\n<p><span style=\"font-family: 'Open Sans', sans-serif; font-size: 16px; font-style: normal; font-variant-caps: normal; font-weight: 600;\">3-5\/JUN\/22 &nbsp;<\/span><span style=\"font-family: 'Open Sans', sans-serif; font-size: 16px; font-style: normal; font-variant-caps: normal;\">Kristall Boh\u00e8me [Excavaci\u00f3n de una Memoria] \/ <a href=\"https:\/\/mercatflors.cat\/es\/espectacle\/kristall-boheme\/\">@Mercat de les Flors<\/a><\/span><\/p>\n<p><span style=\"font-family: 'Open Sans', sans-serif; font-size: 16px; font-style: normal; font-variant-caps: normal; font-weight: 600;\">9\/JUN\/22 &nbsp; &nbsp;<\/span><span style=\"font-family: 'Open Sans', sans-serif; font-size: 16px; font-style: normal; font-variant-caps: normal;\">Kristall Boh\u00e8me [Excavaci\u00f3n de una Memoria] \/ <a href=\"https:\/\/www.olotcultura.cat\/agenda\/acte\/kristall-boheme\/\">@Teatre Principal Olot<\/a><\/span><\/p>\n<p><span style=\"font-family: 'Open Sans', sans-serif; font-size: 16px; font-style: normal; font-variant-caps: normal; font-weight: 600;\">15\/JUL\/22<\/span><span style=\"font-family: 'Open Sans', sans-serif; font-size: 16px; font-style: normal; font-variant-caps: normal; font-weight: 600;\">&nbsp;<\/span><span style=\"font-family: 'Open Sans', sans-serif; font-size: 16px; font-style: normal; font-variant-caps: normal;\">Breach &#8211;&nbsp;<\/span><a style=\"font-family: 'Open Sans', sans-serif; font-size: 16px; font-style: normal; font-variant-caps: normal;\" href=\"https:\/\/www.somnoise.com\/copia-de-espectaculos\">SOM NOISE<\/a><span style=\"font-family: 'Open Sans', sans-serif; font-size: 16px; font-style: normal; font-variant-caps: normal;\">&nbsp;\/ @FiraCirc La Bisbal<\/span><\/p>\n<p><span style=\"font-family: 'Open Sans', sans-serif; font-size: 16px; font-style: normal; font-variant-caps: normal; font-weight: 600;\">27+28\/AUG\/22&nbsp;<\/span><span style=\"font-family: 'Open Sans', sans-serif; font-size: 16px; font-style: normal; font-variant-caps: normal;\">Workshop MOVEMENT SCORES <a href=\"https:\/\/cirqueon.webooker.eu\/Courses\/Register\/123434?returnUrl=Courses&amp;tabName=detail&amp;fbclid=IwAR2lK5HBu1KCaS4kOFYdw1JCM-DaXfT5aFaF48-2J_kyoyxcZanCUXFrVCc\">@Cirqueon Prague<\/a><\/span><\/p>\n<p><span style=\"font-variant-caps: normal; font-family: 'Open Sans', sans-serif; font-size: 16px; font-style: normal; font-weight: 600;\">16\/SEP\/22 &nbsp;<\/span><span style=\"font-variant-caps: normal; font-family: 'Open Sans', sans-serif; font-size: 16px; font-style: normal;\">Kristall Boh\u00e8me [tranformation d&#8217;un four] \/&nbsp;<a href=\"https:\/\/www.polecirqueverrerie.com\">@LaVerrerie<\/a>&nbsp;d&#8217;Al\u00e8s<\/span><\/p>\n<p><span style=\"font-family: 'Open Sans', sans-serif; font-size: 16px; font-style: normal; font-variant-caps: normal; font-weight: 600;\">14\/OCT\/22 &nbsp;<\/span><span style=\"font-family: 'Open Sans', sans-serif; font-size: 16px; font-style: normal; font-variant-caps: normal;\">Kristall Boh\u00e8me [duette-en-croix] &#8211; in situ \/ <a href=\"https:\/\/www.30cc.be\/en\/cirklabo\">@Cirklabo<\/a><\/span><span style=\"font-variant-caps: normal; font-family: 'Open Sans', sans-serif; font-size: 16px; font-style: normal;\"><br><\/span><\/p>\n<p><span style=\"font-family: 'Open Sans', sans-serif; font-size: 16px; font-style: normal; font-variant-caps: normal; font-weight: 600;\">28\/OCT\/22 &nbsp;<\/span><span style=\"font-family: 'Open Sans', sans-serif; font-size: 16px; font-style: normal; font-variant-caps: normal;\">Kristall Boh\u00e8me [duette-en-croix] \/ @Cuacos de Yuste &#8211; Jornadas Dramaturgias Visuales<\/span><\/p>\n<p><span style=\"font-variant-caps: normal; font-family: 'Open Sans', sans-serif; font-size: 16px; font-style: normal; font-weight: 600;\">5\/NOV\/22 &nbsp; &nbsp;<\/span><span style=\"font-variant-caps: normal; font-family: 'Open Sans', sans-serif; font-size: 16px; font-style: normal;\">Kristall Boh\u00e8me [Excavaci\u00f3n de una Memoria] \/ <a href=\"https:\/\/www.rivasciudad.es\/servicio\/cultura\/2020\/01\/30\/auditorio-pilar-bardem\/862600117917\/\">@Auditorio Pilar Bardem<\/a> Rivas Vaciamadrid<\/span><span style=\"font-family: 'Open Sans', sans-serif; font-size: 16px; font-style: normal; font-variant-caps: normal;\"><br><\/span><\/p>\n<p><span style=\"font-variant-caps: normal; font-family: 'Open Sans', sans-serif; font-size: 16px; font-style: normal; font-weight: 600;\">11+12\/NOV\/22 &nbsp; &nbsp;<\/span><span style=\"font-variant-caps: normal; font-family: 'Open Sans', sans-serif; font-size: 16px; font-style: normal;\">GenomaB &#8211; C\u00eda Albadulake \/ Tondela &#8211; Guarda, Portugal<\/span><\/p>\n<p><span style=\"font-variant-caps: normal; font-family: 'Open Sans', sans-serif; font-size: 16px; font-style: normal; font-weight: 600;\">30\/NOV\/22 &nbsp; &nbsp; &nbsp; &nbsp;&nbsp;<\/span><span style=\"font-variant-caps: normal; font-family: 'Open Sans', sans-serif; font-size: 16px; font-style: normal;\">GenomaB &#8211; C\u00eda Albadulake \/ Sines, Portugal<\/span><\/p>\n<p><span style=\"font-variant-caps: normal;\"><strong>01\/DIC\/22<\/strong> &nbsp; &nbsp; &nbsp; &nbsp;<\/span>GenomaB &#8211; C\u00eda Albadulake \/ Santiago do&nbsp;Cac\u00e9m, Portugal<span style=\"font-variant-caps: normal; font-family: 'Open Sans', sans-serif; font-size: 16px; font-style: normal;\"><br><\/span><\/p>\n<p><span style=\"font-variant-caps: normal;\"><strong>18\/DIC\/22<\/strong> &nbsp; &nbsp; <\/span>&nbsp;Open rehearsal creation Kristall Boh\u00e8me [la huella] &#8211; performative installation \/ Can Gassol, Matar\u00f3<\/p>\t\t\t\t\t\t<\/div>\n\t\t\t\t<\/div>\n\t\t\t\t\t<\/div>\n\t\t<\/div>\n\t\t\t\t\t\t\t<\/div>\n\t\t<\/section>\n\t\t\t\t<section class=\"elementor-section elementor-top-section elementor-element elementor-element-f4649b9 elementor-section-boxed elementor-section-height-default elementor-section-height-default\" data-id=\"f4649b9\" data-element_type=\"section\">\n\t\t\t\t\t\t<div class=\"elementor-container elementor-column-gap-default\">\n\t\t\t\t\t<div class=\"elementor-column elementor-col-100 elementor-top-column elementor-element elementor-element-886c855\" data-id=\"886c855\" data-element_type=\"column\">\n\t\t\t<div class=\"elementor-widget-wrap elementor-element-populated\">\n\t\t\t\t\t\t\t\t<div class=\"elementor-element elementor-element-b245c35 elementor-widget elementor-widget-text-editor\" data-id=\"b245c35\" data-element_type=\"widget\" data-widget_type=\"text-editor.default\">\n\t\t\t\t<div class=\"elementor-widget-container\">\n\t\t\t\t\t\t\t\t\t\t\t\t\t<\/div>\n\t\t\t\t<\/div>\n\t\t\t\t<div class=\"elementor-element elementor-element-6ce103e elementor-widget elementor-widget-text-editor\" data-id=\"6ce103e\" data-element_type=\"widget\" data-widget_type=\"text-editor.default\">\n\t\t\t\t<div class=\"elementor-widget-container\">\n\t\t\t\t\t\t\t<p><\/p>\n<p><span style=\"text-decoration: underline;\"><b>2021<\/b><\/span><\/p>\n<p><strong>20-23\/SEP\/21<\/strong> Creation Kristall Boh\u00e8me \/ LaBau<\/p>\n<p><\/p>\n<p><strong>24\/SEP\/21 <\/strong> Dancing Museums \/ <a href=\"https:\/\/www.fmirobcn.org\/en\/\">Fundaci\u00f3n Mir\u00f3<\/a><\/p>\n<p><\/p>\n<p><strong>27\/SEP- 13\/OCT\/21<\/strong> Creation Kristall Boh\u00e8me \/ <a href=\"https:\/\/labau.net\">LaBau<\/a> + L&#8217;An\u00f3nima Manresa<\/p>\n<p><\/p>\n<p><strong>16 OCT<\/strong> <strong>2021<\/strong> Kristall Boh\u00e8me [excavaci\u00f3n an\u00f3nima] \/ <a href=\"https:\/\/firamediterrania.cat\/es\/next\/2021\/espectacles\/kristall-boheme-excavacion-anonima-vivian-friedrich\">Fira Mediterr\u00e0nea de Manresa<\/a><\/p>\n<p><\/p>\n<p><strong>22\/OCT\/21<\/strong> Breach &#8211; <a href=\"https:\/\/www.somnoise.com\/copia-de-espectaculos\">SOM NOISE<\/a> \/ Terrassa<\/p>\n<p><\/p>\n<p><strong>8-10\/NOV\/21<\/strong> Creaci\u00f3n Vidrio Soplado &#8211; <a href=\"https:\/\/vidriosorribes.com\">Vidrio Sorribes,<\/a> Valencia<\/p>\n<p><\/p>\n<p><strong>15-19\/NOV\/21<\/strong> De lo f\u00edsico al imaginario &#8211; Taller \/ MADPAC <a href=\"https:\/\/www.instagram.com\/el_invernadero_circo\/?hl=es\">@Invernadero<\/a> Madrid<\/p>\n<p><\/p>\n<p><strong>25\/NOV\/21<\/strong> Breach &#8211; <a href=\"https:\/\/www.somnoise.com\/copia-de-espectaculos\">SOM NOISE<\/a> \/ La Lira Tremp<\/p>\n<p><\/p>\n<p><strong>26\/NOV\/21<\/strong> Breach &#8211; <a href=\"https:\/\/www.somnoise.com\/copia-de-espectaculos\">SOM NOISE<\/a> \/ Teatre Auditori Cardedeu<\/p>\n<p><\/p>\n<p><strong>28\/NOV\/21<\/strong> Mesa Redonda &#8211;<a href=\"https:\/\/enlacuerdafloja.com\/programa\/mesaredonda\/\"> En la Cuerda Floja<\/a> \/\/ <a href=\"https:\/\/cdat.es\">CdAT<\/a> , Santander<\/p>\n<p><\/p>\n<p><strong>9-11\/DEC\/21<\/strong> Jornadas Dramaturgia y Escritura Esc\u00e9nica \/ <a href=\"https:\/\/lacentraldelcirc.cat\/jornades-sobre-dramaturgia\/?lang=es\">LaCentraldel Circ BCN<\/a><\/p>\n<p><\/p>\n<p><\/p>\n<p><\/p>\t\t\t\t\t\t<\/div>\n\t\t\t\t<\/div>\n\t\t\t\t\t<\/div>\n\t\t<\/div>\n\t\t\t\t\t\t\t<\/div>\n\t\t<\/section>\n\t\t\t\t<section class=\"elementor-section elementor-top-section elementor-element elementor-element-4ee2743 elementor-section-boxed elementor-section-height-default elementor-section-height-default\" data-id=\"4ee2743\" data-element_type=\"section\">\n\t\t\t\t\t\t<div class=\"elementor-container elementor-column-gap-default\">\n\t\t\t\t\t<div class=\"elementor-column elementor-col-100 elementor-top-column elementor-element elementor-element-7f3929f\" data-id=\"7f3929f\" data-element_type=\"column\">\n\t\t\t<div class=\"elementor-widget-wrap\">\n\t\t\t\t\t\t\t\t\t<\/div>\n\t\t<\/div>\n\t\t\t\t\t\t\t<\/div>\n\t\t<\/section>\n\t\t\t\t\t\t\t<\/div>\n\t\t","protected":false},"excerpt":{"rendered":"<p>2026 19-23\/MAR\/26&nbsp; &nbsp;I TRUST YOU @Fundaci\u00f3 Joan Brossa, Barcelona 26-29\/MAR\/26&nbsp; &nbsp;I TRUST YOU @Fundaci\u00f3 Joan Brossa, Barcelona 24\/APRIL\/26&nbsp; &nbsp; SKLENKA MELTA &nbsp;@CentreC\u00edvicPorqueres, Girona 23\/MAY\/26&nbsp; &nbsp;SKLENKA MELTA @Mercat de les Flors, Barcelona 24\/MAY\/26&nbsp; &nbsp;SKLENKA MELTA @Mercat de les Flors, Barcelona &#8212;&#8211;&nbsp; &nbsp; PAST&#8212;&#8211; 2025 JAN-MAR&nbsp; &nbsp; Artistic research&nbsp; I Trust You &#8211; glask\u00f6rper and a breaking [&hellip;]<\/p>\n","protected":false},"author":1,"featured_media":0,"parent":0,"menu_order":0,"comment_status":"closed","ping_status":"closed","template":"","meta":[],"_links":{"self":[{"href":"http:\/\/vivianfriedrich.info\/index.php?rest_route=\/wp\/v2\/pages\/236"}],"collection":[{"href":"http:\/\/vivianfriedrich.info\/index.php?rest_route=\/wp\/v2\/pages"}],"about":[{"href":"http:\/\/vivianfriedrich.info\/index.php?rest_route=\/wp\/v2\/types\/page"}],"author":[{"embeddable":true,"href":"http:\/\/vivianfriedrich.info\/index.php?rest_route=\/wp\/v2\/users\/1"}],"replies":[{"embeddable":true,"href":"http:\/\/vivianfriedrich.info\/index.php?rest_route=%2Fwp%2Fv2%2Fcomments&post=236"}],"version-history":[{"count":188,"href":"http:\/\/vivianfriedrich.info\/index.php?rest_route=\/wp\/v2\/pages\/236\/revisions"}],"predecessor-version":[{"id":4114,"href":"http:\/\/vivianfriedrich.info\/index.php?rest_route=\/wp\/v2\/pages\/236\/revisions\/4114"}],"wp:attachment":[{"href":"http:\/\/vivianfriedrich.info\/index.php?rest_route=%2Fwp%2Fv2%2Fmedia&parent=236"}],"curies":[{"name":"wp","href":"https:\/\/api.w.org\/{rel}","templated":true}]}}