{"id":2893,"date":"2022-02-09T17:39:39","date_gmt":"2022-02-09T17:39:39","guid":{"rendered":"https:\/\/vivianfriedrich.info\/?page_id=2893"},"modified":"2024-03-18T14:38:21","modified_gmt":"2024-03-18T14:38:21","slug":"lared-colect-fam-lizajous","status":"publish","type":"page","link":"http:\/\/vivianfriedrich.info\/?page_id=2893&lang=fr","title":{"rendered":"LARED &#8211; Colect. Fam.Lizajous"},"content":{"rendered":"\t\t<div data-elementor-type=\"wp-page\" data-elementor-id=\"2893\" class=\"elementor elementor-2893 elementor-234\">\n\t\t\t\t\t\t\t\t\t<section class=\"elementor-section elementor-top-section elementor-element elementor-element-6d9cf3e4 elementor-section-boxed elementor-section-height-default elementor-section-height-default\" data-id=\"6d9cf3e4\" data-element_type=\"section\">\n\t\t\t\t\t\t<div class=\"elementor-container elementor-column-gap-default\">\n\t\t\t\t\t<div class=\"elementor-column elementor-col-100 elementor-top-column elementor-element elementor-element-2055ca57\" data-id=\"2055ca57\" data-element_type=\"column\">\n\t\t\t<div class=\"elementor-widget-wrap elementor-element-populated\">\n\t\t\t\t\t\t\t\t<div class=\"elementor-element elementor-element-57a8b5de elementor-widget elementor-widget-text-editor\" data-id=\"57a8b5de\" data-element_type=\"widget\" data-widget_type=\"text-editor.default\">\n\t\t\t\t<div class=\"elementor-widget-container\">\n\t\t\t<style>\/*! elementor - v3.6.0 - 21-03-2022 *\/\n.elementor-widget-text-editor.elementor-drop-cap-view-stacked .elementor-drop-cap{background-color:#818a91;color:#fff}.elementor-widget-text-editor.elementor-drop-cap-view-framed .elementor-drop-cap{color:#818a91;border:3px solid;background-color:transparent}.elementor-widget-text-editor:not(.elementor-drop-cap-view-default) .elementor-drop-cap{margin-top:8px}.elementor-widget-text-editor:not(.elementor-drop-cap-view-default) .elementor-drop-cap-letter{width:1em;height:1em}.elementor-widget-text-editor .elementor-drop-cap{float:left;text-align:center;line-height:1;font-size:50px}.elementor-widget-text-editor .elementor-drop-cap-letter{display:inline-block}<\/style>\t\t\t\t<p><strong>Fam.Lizajous<\/strong> est une \u00e9quipe internationale d&#8217;artistes interdisciplinaires bas\u00e9e \u00e0 Barcelone (Espagne), explorant diff\u00e9rentes techniques de cirque, conception lumi\u00e8re + son, performance et danse. Le collectif form\u00e9 par Jan Benz, Vivian Friedrich, Steffen Lohrey, Amanda Wilson et Aida Oset, est n\u00e9 de l&#8217;int\u00e9r\u00eat commun de l&#8217;interaction entre des fr\u00e9quences sp\u00e9cifiques provoqu\u00e9es par diff\u00e9rentes sources ; \u00e0 la recherche de mod\u00e8les interactifs dans la lumi\u00e8re, le son, les environnements, les param\u00e8tres mentaux et les mouvements.<\/p><p>En 2014\/2015, la compagnie a cr\u00e9\u00e9 \u00ab LaRED \u00bb, une pi\u00e8ce de th\u00e9\u00e2tre comprenant une installation sonore interactive, deux constructions \u00e0 cordes multiples, une roue cyr et un th\u00e9\u00e2tre physique (version compl\u00e8te de 50 min \/ adaptation de rue de 30 min), jou\u00e9e dans plusieurs lieux. Depuis 2017, les membres du collectif sont principalement impliqu\u00e9s dans d&#8217;autres projets diff\u00e9rents.<\/p><hr class=\"wp-block-separator\" \/><figure class=\"wp-block-gallery has-nested-images columns-default is-cropped\"><figure class=\"wp-block-image size-large\"><img loading=\"lazy\" width=\"1707\" height=\"2560\" class=\"wp-image-1242\" src=\"http:\/\/vivianfriedrich.info\/wp-content\/uploads\/2023\/11\/IMG_8039-scaled.jpg\" alt=\"\" srcset=\"http:\/\/vivianfriedrich.info\/wp-content\/uploads\/2023\/11\/IMG_8039-scaled.jpg 1707w, http:\/\/vivianfriedrich.info\/wp-content\/uploads\/2023\/11\/IMG_8039-200x300.jpg 200w, http:\/\/vivianfriedrich.info\/wp-content\/uploads\/2023\/11\/IMG_8039-683x1024.jpg 683w, http:\/\/vivianfriedrich.info\/wp-content\/uploads\/2023\/11\/IMG_8039-768x1152.jpg 768w, http:\/\/vivianfriedrich.info\/wp-content\/uploads\/2023\/11\/IMG_8039-1024x1536.jpg 1024w, http:\/\/vivianfriedrich.info\/wp-content\/uploads\/2023\/11\/IMG_8039-1365x2048.jpg 1365w\" sizes=\"(max-width: 1707px) 100vw, 1707px\" \/><\/figure><figure class=\"wp-block-image size-large\"><img loading=\"lazy\" width=\"2560\" height=\"1707\" class=\"wp-image-1243\" src=\"http:\/\/vivianfriedrich.info\/wp-content\/uploads\/2023\/11\/IMG_7914-scaled.jpg\" alt=\"\" srcset=\"http:\/\/vivianfriedrich.info\/wp-content\/uploads\/2023\/11\/IMG_7914-scaled.jpg 2560w, http:\/\/vivianfriedrich.info\/wp-content\/uploads\/2023\/11\/IMG_7914-300x200.jpg 300w, http:\/\/vivianfriedrich.info\/wp-content\/uploads\/2023\/11\/IMG_7914-1024x683.jpg 1024w, http:\/\/vivianfriedrich.info\/wp-content\/uploads\/2023\/11\/IMG_7914-768x512.jpg 768w, http:\/\/vivianfriedrich.info\/wp-content\/uploads\/2023\/11\/IMG_7914-1536x1024.jpg 1536w, http:\/\/vivianfriedrich.info\/wp-content\/uploads\/2023\/11\/IMG_7914-2048x1365.jpg 2048w\" sizes=\"(max-width: 2560px) 100vw, 2560px\" \/><\/figure><figure class=\"wp-block-image size-large\"><img loading=\"lazy\" width=\"1707\" height=\"2560\" class=\"wp-image-1244\" src=\"http:\/\/vivianfriedrich.info\/wp-content\/uploads\/2023\/11\/IMG_7873-scaled.jpg\" alt=\"\" srcset=\"http:\/\/vivianfriedrich.info\/wp-content\/uploads\/2023\/11\/IMG_7873-scaled.jpg 1707w, http:\/\/vivianfriedrich.info\/wp-content\/uploads\/2023\/11\/IMG_7873-200x300.jpg 200w, http:\/\/vivianfriedrich.info\/wp-content\/uploads\/2023\/11\/IMG_7873-683x1024.jpg 683w, http:\/\/vivianfriedrich.info\/wp-content\/uploads\/2023\/11\/IMG_7873-768x1152.jpg 768w, http:\/\/vivianfriedrich.info\/wp-content\/uploads\/2023\/11\/IMG_7873-1024x1536.jpg 1024w, http:\/\/vivianfriedrich.info\/wp-content\/uploads\/2023\/11\/IMG_7873-1365x2048.jpg 1365w\" sizes=\"(max-width: 1707px) 100vw, 1707px\" \/><\/figure><figure class=\"wp-block-image size-large\"><img loading=\"lazy\" width=\"1707\" height=\"2560\" class=\"wp-image-1245\" src=\"http:\/\/vivianfriedrich.info\/wp-content\/uploads\/2023\/11\/IMG_7725-scaled.jpg\" alt=\"\" srcset=\"http:\/\/vivianfriedrich.info\/wp-content\/uploads\/2023\/11\/IMG_7725-scaled.jpg 1707w, http:\/\/vivianfriedrich.info\/wp-content\/uploads\/2023\/11\/IMG_7725-200x300.jpg 200w, http:\/\/vivianfriedrich.info\/wp-content\/uploads\/2023\/11\/IMG_7725-683x1024.jpg 683w, http:\/\/vivianfriedrich.info\/wp-content\/uploads\/2023\/11\/IMG_7725-768x1152.jpg 768w, http:\/\/vivianfriedrich.info\/wp-content\/uploads\/2023\/11\/IMG_7725-1024x1536.jpg 1024w, http:\/\/vivianfriedrich.info\/wp-content\/uploads\/2023\/11\/IMG_7725-1365x2048.jpg 1365w\" sizes=\"(max-width: 1707px) 100vw, 1707px\" \/><\/figure><figure class=\"wp-block-image size-large\"><img loading=\"lazy\" width=\"1677\" height=\"2560\" class=\"wp-image-1246\" src=\"http:\/\/vivianfriedrich.info\/wp-content\/uploads\/2023\/11\/vivi-and-amanda-3-bcn-2014-scaled.jpg\" alt=\"\" srcset=\"http:\/\/vivianfriedrich.info\/wp-content\/uploads\/2023\/11\/vivi-and-amanda-3-bcn-2014-scaled.jpg 1677w, http:\/\/vivianfriedrich.info\/wp-content\/uploads\/2023\/11\/vivi-and-amanda-3-bcn-2014-196x300.jpg 196w, http:\/\/vivianfriedrich.info\/wp-content\/uploads\/2023\/11\/vivi-and-amanda-3-bcn-2014-671x1024.jpg 671w, http:\/\/vivianfriedrich.info\/wp-content\/uploads\/2023\/11\/vivi-and-amanda-3-bcn-2014-768x1173.jpg 768w, http:\/\/vivianfriedrich.info\/wp-content\/uploads\/2023\/11\/vivi-and-amanda-3-bcn-2014-1006x1536.jpg 1006w, http:\/\/vivianfriedrich.info\/wp-content\/uploads\/2023\/11\/vivi-and-amanda-3-bcn-2014-1341x2048.jpg 1341w\" sizes=\"(max-width: 1677px) 100vw, 1677px\" \/><\/figure><figure class=\"wp-block-image size-large\"><img loading=\"lazy\" width=\"2560\" height=\"1105\" class=\"wp-image-1247\" src=\"http:\/\/vivianfriedrich.info\/wp-content\/uploads\/2023\/11\/vivi-und-amanda-scaled.jpg\" alt=\"\" srcset=\"http:\/\/vivianfriedrich.info\/wp-content\/uploads\/2023\/11\/vivi-und-amanda-scaled.jpg 2560w, http:\/\/vivianfriedrich.info\/wp-content\/uploads\/2023\/11\/vivi-und-amanda-300x129.jpg 300w, http:\/\/vivianfriedrich.info\/wp-content\/uploads\/2023\/11\/vivi-und-amanda-1024x442.jpg 1024w, http:\/\/vivianfriedrich.info\/wp-content\/uploads\/2023\/11\/vivi-und-amanda-768x331.jpg 768w, http:\/\/vivianfriedrich.info\/wp-content\/uploads\/2023\/11\/vivi-und-amanda-1536x663.jpg 1536w, http:\/\/vivianfriedrich.info\/wp-content\/uploads\/2023\/11\/vivi-und-amanda-2048x884.jpg 2048w\" sizes=\"(max-width: 2560px) 100vw, 2560px\" \/><\/figure><\/figure><hr class=\"wp-block-separator\" \/>\t\t\t\t\t\t<\/div>\n\t\t\t\t<\/div>\n\t\t\t\t\t<\/div>\n\t\t<\/div>\n\t\t\t\t\t\t\t<\/div>\n\t\t<\/section>\n\t\t\t\t<section class=\"elementor-section elementor-top-section elementor-element elementor-element-e5cd822 elementor-section-boxed elementor-section-height-default elementor-section-height-default\" data-id=\"e5cd822\" data-element_type=\"section\">\n\t\t\t\t\t\t<div class=\"elementor-container elementor-column-gap-default\">\n\t\t\t\t\t<div class=\"elementor-column elementor-col-100 elementor-top-column elementor-element elementor-element-486cb26\" data-id=\"486cb26\" data-element_type=\"column\">\n\t\t\t<div class=\"elementor-widget-wrap elementor-element-populated\">\n\t\t\t\t\t\t\t\t<div class=\"elementor-element elementor-element-0d7850b elementor-aspect-ratio-169 elementor-widget elementor-widget-video\" data-id=\"0d7850b\" data-element_type=\"widget\" data-settings=\"{&quot;youtube_url&quot;:&quot;https:\\\/\\\/www.youtube.com\\\/watch?v=joogXze9lTU&quot;,&quot;video_type&quot;:&quot;youtube&quot;,&quot;controls&quot;:&quot;yes&quot;,&quot;aspect_ratio&quot;:&quot;169&quot;}\" data-widget_type=\"video.default\">\n\t\t\t\t<div class=\"elementor-widget-container\">\n\t\t\t<style>\/*! elementor - v3.6.0 - 21-03-2022 *\/\n.elementor-widget-video .elementor-widget-container{overflow:hidden;-webkit-transform:translateZ(0);transform:translateZ(0)}.elementor-widget-video .elementor-open-inline .elementor-custom-embed-image-overlay{position:absolute;top:0;left:0;width:100%;height:100%;background-size:cover;background-position:50%}.elementor-widget-video .elementor-custom-embed-image-overlay{cursor:pointer;text-align:center}.elementor-widget-video .elementor-custom-embed-image-overlay:hover .elementor-custom-embed-play i{opacity:1}.elementor-widget-video .elementor-custom-embed-image-overlay img{display:block;width:100%}.elementor-widget-video .e-hosted-video .elementor-video{-o-object-fit:cover;object-fit:cover}<\/style>\t\t<div class=\"elementor-wrapper elementor-fit-aspect-ratio elementor-open-inline\">\n\t\t\t<div class=\"elementor-video\"><\/div>\t\t<\/div>\n\t\t\t\t<\/div>\n\t\t\t\t<\/div>\n\t\t\t\t\t<\/div>\n\t\t<\/div>\n\t\t\t\t\t\t\t<\/div>\n\t\t<\/section>\n\t\t\t\t\t\t\t<\/div>\n\t\t","protected":false},"excerpt":{"rendered":"<p>Fam.Lizajous est une \u00e9quipe internationale d&#8217;artistes interdisciplinaires bas\u00e9e \u00e0 Barcelone (Espagne), explorant diff\u00e9rentes techniques de cirque, conception lumi\u00e8re + son, performance et danse. Le collectif form\u00e9 par Jan Benz, Vivian Friedrich, Steffen Lohrey, Amanda Wilson et Aida Oset, est n\u00e9 de l&#8217;int\u00e9r\u00eat commun de l&#8217;interaction entre des fr\u00e9quences sp\u00e9cifiques provoqu\u00e9es par diff\u00e9rentes sources ; \u00e0 [&hellip;]<\/p>\n","protected":false},"author":1,"featured_media":0,"parent":0,"menu_order":0,"comment_status":"closed","ping_status":"closed","template":"","meta":[],"_links":{"self":[{"href":"http:\/\/vivianfriedrich.info\/index.php?rest_route=\/wp\/v2\/pages\/2893"}],"collection":[{"href":"http:\/\/vivianfriedrich.info\/index.php?rest_route=\/wp\/v2\/pages"}],"about":[{"href":"http:\/\/vivianfriedrich.info\/index.php?rest_route=\/wp\/v2\/types\/page"}],"author":[{"embeddable":true,"href":"http:\/\/vivianfriedrich.info\/index.php?rest_route=\/wp\/v2\/users\/1"}],"replies":[{"embeddable":true,"href":"http:\/\/vivianfriedrich.info\/index.php?rest_route=%2Fwp%2Fv2%2Fcomments&post=2893"}],"version-history":[{"count":10,"href":"http:\/\/vivianfriedrich.info\/index.php?rest_route=\/wp\/v2\/pages\/2893\/revisions"}],"predecessor-version":[{"id":2904,"href":"http:\/\/vivianfriedrich.info\/index.php?rest_route=\/wp\/v2\/pages\/2893\/revisions\/2904"}],"wp:attachment":[{"href":"http:\/\/vivianfriedrich.info\/index.php?rest_route=%2Fwp%2Fv2%2Fmedia&parent=2893"}],"curies":[{"name":"wp","href":"https:\/\/api.w.org\/{rel}","templated":true}]}}