{"id":4,"date":"2019-09-18T08:29:44","date_gmt":"2019-09-18T08:29:44","guid":{"rendered":"http:\/\/vivianfriedrich.info\/?page_id=4"},"modified":"2025-01-20T19:30:31","modified_gmt":"2025-01-20T19:30:31","slug":"background","status":"publish","type":"page","link":"http:\/\/vivianfriedrich.info\/?page_id=4","title":{"rendered":"Background"},"content":{"rendered":"\t\t<div data-elementor-type=\"wp-page\" data-elementor-id=\"4\" class=\"elementor elementor-4\">\n\t\t\t\t\t\t\t\t\t<section class=\"elementor-section elementor-top-section elementor-element elementor-element-3d413151 elementor-section-boxed elementor-section-height-default elementor-section-height-default\" data-id=\"3d413151\" data-element_type=\"section\">\n\t\t\t\t\t\t<div class=\"elementor-container elementor-column-gap-default\">\n\t\t\t\t\t<div class=\"elementor-column elementor-col-100 elementor-top-column elementor-element elementor-element-79698710\" data-id=\"79698710\" data-element_type=\"column\">\n\t\t\t<div class=\"elementor-widget-wrap elementor-element-populated\">\n\t\t\t\t\t\t\t\t<div class=\"elementor-element elementor-element-2c72bb53 elementor-widget-divider--view-line elementor-widget elementor-widget-divider\" data-id=\"2c72bb53\" data-element_type=\"widget\" data-widget_type=\"divider.default\">\n\t\t\t\t<div class=\"elementor-widget-container\">\n\t\t\t<style>\/*! elementor - v3.6.0 - 21-03-2022 *\/\n.elementor-widget-divider{--divider-border-style:none;--divider-border-width:1px;--divider-color:#2c2c2c;--divider-icon-size:20px;--divider-element-spacing:10px;--divider-pattern-height:24px;--divider-pattern-size:20px;--divider-pattern-url:none;--divider-pattern-repeat:repeat-x}.elementor-widget-divider .elementor-divider{display:-webkit-box;display:-ms-flexbox;display:flex}.elementor-widget-divider .elementor-divider__text{font-size:15px;line-height:1;max-width:95%}.elementor-widget-divider .elementor-divider__element{margin:0 var(--divider-element-spacing);-ms-flex-negative:0;flex-shrink:0}.elementor-widget-divider .elementor-icon{font-size:var(--divider-icon-size)}.elementor-widget-divider .elementor-divider-separator{display:-webkit-box;display:-ms-flexbox;display:flex;margin:0;direction:ltr}.elementor-widget-divider--view-line_icon .elementor-divider-separator,.elementor-widget-divider--view-line_text .elementor-divider-separator{-webkit-box-align:center;-ms-flex-align:center;align-items:center}.elementor-widget-divider--view-line_icon .elementor-divider-separator:after,.elementor-widget-divider--view-line_icon .elementor-divider-separator:before,.elementor-widget-divider--view-line_text .elementor-divider-separator:after,.elementor-widget-divider--view-line_text .elementor-divider-separator:before{display:block;content:\"\";border-bottom:0;-webkit-box-flex:1;-ms-flex-positive:1;flex-grow:1;border-top:var(--divider-border-width) var(--divider-border-style) var(--divider-color)}.elementor-widget-divider--element-align-left .elementor-divider .elementor-divider-separator>.elementor-divider__svg:first-of-type{-webkit-box-flex:0;-ms-flex-positive:0;flex-grow:0;-ms-flex-negative:100;flex-shrink:100}.elementor-widget-divider--element-align-left .elementor-divider-separator:before{content:none}.elementor-widget-divider--element-align-left .elementor-divider__element{margin-left:0}.elementor-widget-divider--element-align-right .elementor-divider .elementor-divider-separator>.elementor-divider__svg:last-of-type{-webkit-box-flex:0;-ms-flex-positive:0;flex-grow:0;-ms-flex-negative:100;flex-shrink:100}.elementor-widget-divider--element-align-right .elementor-divider-separator:after{content:none}.elementor-widget-divider--element-align-right .elementor-divider__element{margin-right:0}.elementor-widget-divider:not(.elementor-widget-divider--view-line_text):not(.elementor-widget-divider--view-line_icon) .elementor-divider-separator{border-top:var(--divider-border-width) var(--divider-border-style) var(--divider-color)}.elementor-widget-divider--separator-type-pattern{--divider-border-style:none}.elementor-widget-divider--separator-type-pattern.elementor-widget-divider--view-line .elementor-divider-separator,.elementor-widget-divider--separator-type-pattern:not(.elementor-widget-divider--view-line) .elementor-divider-separator:after,.elementor-widget-divider--separator-type-pattern:not(.elementor-widget-divider--view-line) .elementor-divider-separator:before,.elementor-widget-divider--separator-type-pattern:not([class*=elementor-widget-divider--view]) .elementor-divider-separator{width:100%;min-height:var(--divider-pattern-height);-webkit-mask-size:var(--divider-pattern-size) 100%;mask-size:var(--divider-pattern-size) 100%;-webkit-mask-repeat:var(--divider-pattern-repeat);mask-repeat:var(--divider-pattern-repeat);background-color:var(--divider-color);-webkit-mask-image:var(--divider-pattern-url);mask-image:var(--divider-pattern-url)}.elementor-widget-divider--no-spacing{--divider-pattern-size:auto}.elementor-widget-divider--bg-round{--divider-pattern-repeat:round}.rtl .elementor-widget-divider .elementor-divider__text{direction:rtl}<\/style>\t\t<div class=\"elementor-divider\">\n\t\t\t<span class=\"elementor-divider-separator\">\n\t\t\t\t\t\t<\/span>\n\t\t<\/div>\n\t\t\t\t<\/div>\n\t\t\t\t<\/div>\n\t\t\t\t\t<\/div>\n\t\t<\/div>\n\t\t\t\t\t\t\t<\/div>\n\t\t<\/section>\n\t\t\t\t<section class=\"elementor-section elementor-top-section elementor-element elementor-element-16fbda4e elementor-section-boxed elementor-section-height-default elementor-section-height-default\" data-id=\"16fbda4e\" data-element_type=\"section\">\n\t\t\t\t\t\t<div class=\"elementor-container elementor-column-gap-default\">\n\t\t\t\t\t<div class=\"elementor-column elementor-col-100 elementor-top-column elementor-element elementor-element-55d463f8\" data-id=\"55d463f8\" data-element_type=\"column\">\n\t\t\t<div class=\"elementor-widget-wrap elementor-element-populated\">\n\t\t\t\t\t\t\t\t<div class=\"elementor-element elementor-element-4d650e8e elementor-widget elementor-widget-text-editor\" data-id=\"4d650e8e\" data-element_type=\"widget\" data-widget_type=\"text-editor.default\">\n\t\t\t\t<div class=\"elementor-widget-container\">\n\t\t\t<style>\/*! elementor - v3.6.0 - 21-03-2022 *\/\n.elementor-widget-text-editor.elementor-drop-cap-view-stacked .elementor-drop-cap{background-color:#818a91;color:#fff}.elementor-widget-text-editor.elementor-drop-cap-view-framed .elementor-drop-cap{color:#818a91;border:3px solid;background-color:transparent}.elementor-widget-text-editor:not(.elementor-drop-cap-view-default) .elementor-drop-cap{margin-top:8px}.elementor-widget-text-editor:not(.elementor-drop-cap-view-default) .elementor-drop-cap-letter{width:1em;height:1em}.elementor-widget-text-editor .elementor-drop-cap{float:left;text-align:center;line-height:1;font-size:50px}.elementor-widget-text-editor .elementor-drop-cap-letter{display:inline-block}<\/style>\t\t\t\t<h1>BACKGROUND \/\/ Circus artist_ Performer_ Researcher_ Artistic director<\/h1>\t\t\t\t\t\t<\/div>\n\t\t\t\t<\/div>\n\t\t\t\t\t<\/div>\n\t\t<\/div>\n\t\t\t\t\t\t\t<\/div>\n\t\t<\/section>\n\t\t\t\t<section class=\"elementor-section elementor-top-section elementor-element elementor-element-3779c9dc elementor-section-boxed elementor-section-height-default elementor-section-height-default\" data-id=\"3779c9dc\" data-element_type=\"section\">\n\t\t\t\t\t\t<div class=\"elementor-container elementor-column-gap-default\">\n\t\t\t\t\t<div class=\"elementor-column elementor-col-50 elementor-top-column elementor-element elementor-element-1fed6375\" data-id=\"1fed6375\" data-element_type=\"column\">\n\t\t\t<div class=\"elementor-widget-wrap elementor-element-populated\">\n\t\t\t\t\t\t\t\t<div class=\"elementor-element elementor-element-9ecc455 elementor-widget elementor-widget-image\" data-id=\"9ecc455\" data-element_type=\"widget\" data-widget_type=\"image.default\">\n\t\t\t\t<div class=\"elementor-widget-container\">\n\t\t\t<style>\/*! elementor - v3.6.0 - 21-03-2022 *\/\n.elementor-widget-image{text-align:center}.elementor-widget-image a{display:inline-block}.elementor-widget-image a img[src$=\".svg\"]{width:48px}.elementor-widget-image img{vertical-align:middle;display:inline-block}<\/style>\t\t\t\t\t\t\t\t\t\t\t\t<img width=\"1024\" height=\"507\" src=\"http:\/\/vivianfriedrich.info\/wp-content\/uploads\/2022\/07\/VivianFriedrich-copy-1024x507.jpg\" class=\"attachment-large size-large\" alt=\"\" loading=\"lazy\" srcset=\"http:\/\/vivianfriedrich.info\/wp-content\/uploads\/2022\/07\/VivianFriedrich-copy-1024x507.jpg 1024w, http:\/\/vivianfriedrich.info\/wp-content\/uploads\/2022\/07\/VivianFriedrich-copy-300x149.jpg 300w, http:\/\/vivianfriedrich.info\/wp-content\/uploads\/2022\/07\/VivianFriedrich-copy-768x380.jpg 768w, http:\/\/vivianfriedrich.info\/wp-content\/uploads\/2022\/07\/VivianFriedrich-copy-1536x761.jpg 1536w, http:\/\/vivianfriedrich.info\/wp-content\/uploads\/2022\/07\/VivianFriedrich-copy-2048x1014.jpg 2048w\" sizes=\"(max-width: 1024px) 100vw, 1024px\" \/>\t\t\t\t\t\t\t\t\t\t\t\t\t\t\t<\/div>\n\t\t\t\t<\/div>\n\t\t\t\t\t<\/div>\n\t\t<\/div>\n\t\t\t\t<div class=\"elementor-column elementor-col-50 elementor-top-column elementor-element elementor-element-38ae51eb\" data-id=\"38ae51eb\" data-element_type=\"column\">\n\t\t\t<div class=\"elementor-widget-wrap elementor-element-populated\">\n\t\t\t\t\t\t\t\t<div class=\"elementor-element elementor-element-61b318af elementor-widget elementor-widget-text-editor\" data-id=\"61b318af\" data-element_type=\"widget\" data-widget_type=\"text-editor.default\">\n\t\t\t\t<div class=\"elementor-widget-container\">\n\t\t\t\t\t\t\t\t\t\t\t\t\t<\/div>\n\t\t\t\t<\/div>\n\t\t\t\t\t<\/div>\n\t\t<\/div>\n\t\t\t\t\t\t\t<\/div>\n\t\t<\/section>\n\t\t\t\t<section class=\"elementor-section elementor-top-section elementor-element elementor-element-4d4058d3 elementor-section-boxed elementor-section-height-default elementor-section-height-default\" data-id=\"4d4058d3\" data-element_type=\"section\">\n\t\t\t\t\t\t<div class=\"elementor-container elementor-column-gap-default\">\n\t\t\t\t\t<div class=\"elementor-column elementor-col-100 elementor-top-column elementor-element elementor-element-60d031c0\" data-id=\"60d031c0\" data-element_type=\"column\">\n\t\t\t<div class=\"elementor-widget-wrap elementor-element-populated\">\n\t\t\t\t\t\t\t\t<div class=\"elementor-element elementor-element-76f3f7db elementor-widget elementor-widget-text-editor\" data-id=\"76f3f7db\" data-element_type=\"widget\" data-widget_type=\"text-editor.default\">\n\t\t\t\t<div class=\"elementor-widget-container\">\n\t\t\t\t\t\t\t<p>I worked at the KIEZ in Hamburg \u2013 the red light district \u2013 and at the National Theatre of Tunis. I studied in a circus school in Tilburg (NL), quit after a while, studied psychology, dance and physical theatre on my own rhythm between Germany and Spain, Catalunya, Barcelona, Hamburg and Schleswig-Holstein. The fact that I was born in the year the Berlin Wall fell, is significant for me, since it keeps me questioning all mental and physical boundaries humankind created. I\u2019m from an ancient glass maker family, also known as Bohemian glass makers, which has influenced my fascination for forms and reflections.\u00a0<\/p><p>\u00a0<\/p>\t\t\t\t\t\t<\/div>\n\t\t\t\t<\/div>\n\t\t\t\t\t<\/div>\n\t\t<\/div>\n\t\t\t\t\t\t\t<\/div>\n\t\t<\/section>\n\t\t\t\t<section class=\"elementor-section elementor-top-section elementor-element elementor-element-dd4af6 elementor-section-boxed elementor-section-height-default elementor-section-height-default\" data-id=\"dd4af6\" data-element_type=\"section\">\n\t\t\t\t\t\t<div class=\"elementor-container elementor-column-gap-extended\">\n\t\t\t\t\t<div class=\"elementor-column elementor-col-66 elementor-top-column elementor-element elementor-element-2eb93c9e\" data-id=\"2eb93c9e\" data-element_type=\"column\">\n\t\t\t<div class=\"elementor-widget-wrap elementor-element-populated\">\n\t\t\t\t\t\t\t\t<div class=\"elementor-element elementor-element-530d31bd elementor-widget elementor-widget-text-editor\" data-id=\"530d31bd\" data-element_type=\"widget\" data-widget_type=\"text-editor.default\">\n\t\t\t\t<div class=\"elementor-widget-container\">\n\t\t\t\t\t\t\t<p>My passion for circus and criticizing it at the same time was the reason to initiate the project #reflexionsdecirc (reflectionsoncircus) and the <a href=\"https:\/\/lacentraldelcirc.cat\/es\/creacio-recerca\/nom-projecte-de-reflexio\/\">dramaturgy exchange days<\/a> at La Central del Circ in Barcelona.<\/p>\n<p>During the last years I focused on circus dramaturgy and the research on creative processes.<\/p>\n<p>Since 2023 the <strong>NAU Churuduu <\/strong>is my space for artistic creation, research and collaboration, situaded in Manlleu, Osona &#8211; Barcelona.<br><\/p>\n<p>It is a space to enhance circus as a movement language, exploring new dramaturgies. Furthermore it wants to stimulate and facilitate a strong connection to visual arts and crafts.&nbsp; Currently it is a space especially dedicated to the research with glass.<\/p>\t\t\t\t\t\t<\/div>\n\t\t\t\t<\/div>\n\t\t\t\t\t<\/div>\n\t\t<\/div>\n\t\t\t\t<div class=\"elementor-column elementor-col-33 elementor-top-column elementor-element elementor-element-df5a489\" data-id=\"df5a489\" data-element_type=\"column\">\n\t\t\t<div class=\"elementor-widget-wrap elementor-element-populated\">\n\t\t\t\t\t\t\t\t<div class=\"elementor-element elementor-element-4184f4d2 elementor-widget elementor-widget-image\" data-id=\"4184f4d2\" data-element_type=\"widget\" data-widget_type=\"image.default\">\n\t\t\t\t<div class=\"elementor-widget-container\">\n\t\t\t\t\t\t\t\t\t\t\t\t\t\t\t<img width=\"768\" height=\"1024\" src=\"http:\/\/vivianfriedrich.info\/wp-content\/uploads\/2024\/03\/Nau-Churuduu-2-768x1024.jpg\" class=\"attachment-large size-large\" alt=\"\" loading=\"lazy\" srcset=\"http:\/\/vivianfriedrich.info\/wp-content\/uploads\/2024\/03\/Nau-Churuduu-2-768x1024.jpg 768w, http:\/\/vivianfriedrich.info\/wp-content\/uploads\/2024\/03\/Nau-Churuduu-2-225x300.jpg 225w, http:\/\/vivianfriedrich.info\/wp-content\/uploads\/2024\/03\/Nau-Churuduu-2-1152x1536.jpg 1152w, http:\/\/vivianfriedrich.info\/wp-content\/uploads\/2024\/03\/Nau-Churuduu-2-1536x2048.jpg 1536w, http:\/\/vivianfriedrich.info\/wp-content\/uploads\/2024\/03\/Nau-Churuduu-2-scaled.jpg 1920w\" sizes=\"(max-width: 768px) 100vw, 768px\" \/>\t\t\t\t\t\t\t\t\t\t\t\t\t\t\t<\/div>\n\t\t\t\t<\/div>\n\t\t\t\t\t<\/div>\n\t\t<\/div>\n\t\t\t\t\t\t\t<\/div>\n\t\t<\/section>\n\t\t\t\t<section class=\"elementor-section elementor-top-section elementor-element elementor-element-6a0fcbb2 elementor-section-boxed elementor-section-height-default elementor-section-height-default\" data-id=\"6a0fcbb2\" data-element_type=\"section\">\n\t\t\t\t\t\t<div class=\"elementor-container elementor-column-gap-narrow\">\n\t\t\t\t\t<div class=\"elementor-column elementor-col-50 elementor-top-column elementor-element elementor-element-45e20764\" data-id=\"45e20764\" data-element_type=\"column\">\n\t\t\t<div class=\"elementor-widget-wrap elementor-element-populated\">\n\t\t\t\t\t\t\t\t<div class=\"elementor-element elementor-element-2cf5381e elementor-widget elementor-widget-text-editor\" data-id=\"2cf5381e\" data-element_type=\"widget\" data-widget_type=\"text-editor.default\">\n\t\t\t\t<div class=\"elementor-widget-container\">\n\t\t\t\t\t\t\t\t\t\t\t\t\t<\/div>\n\t\t\t\t<\/div>\n\t\t\t\t\t<\/div>\n\t\t<\/div>\n\t\t\t\t<div class=\"elementor-column elementor-col-25 elementor-top-column elementor-element elementor-element-758c247d\" data-id=\"758c247d\" data-element_type=\"column\">\n\t\t\t<div class=\"elementor-widget-wrap\">\n\t\t\t\t\t\t\t\t\t<\/div>\n\t\t<\/div>\n\t\t\t\t<div class=\"elementor-column elementor-col-25 elementor-top-column elementor-element elementor-element-2a8e79b4\" data-id=\"2a8e79b4\" data-element_type=\"column\">\n\t\t\t<div class=\"elementor-widget-wrap\">\n\t\t\t\t\t\t\t\t\t<\/div>\n\t\t<\/div>\n\t\t\t\t\t\t\t<\/div>\n\t\t<\/section>\n\t\t\t\t<section class=\"elementor-section elementor-top-section elementor-element elementor-element-535897f6 elementor-section-boxed elementor-section-height-default elementor-section-height-default\" data-id=\"535897f6\" data-element_type=\"section\">\n\t\t\t\t\t\t<div class=\"elementor-container elementor-column-gap-default\">\n\t\t\t\t\t<div class=\"elementor-column elementor-col-66 elementor-top-column elementor-element elementor-element-13e8e131\" data-id=\"13e8e131\" data-element_type=\"column\">\n\t\t\t<div class=\"elementor-widget-wrap elementor-element-populated\">\n\t\t\t\t\t\t\t\t<div class=\"elementor-element elementor-element-6e45b602 elementor-widget elementor-widget-text-editor\" data-id=\"6e45b602\" data-element_type=\"widget\" data-widget_type=\"text-editor.default\">\n\t\t\t\t<div class=\"elementor-widget-container\">\n\t\t\t\t\t\t\t\t\t\t\t\t\t<\/div>\n\t\t\t\t<\/div>\n\t\t\t\t\t<\/div>\n\t\t<\/div>\n\t\t\t\t<div class=\"elementor-column elementor-col-33 elementor-top-column elementor-element elementor-element-75aa696f\" data-id=\"75aa696f\" data-element_type=\"column\">\n\t\t\t<div class=\"elementor-widget-wrap\">\n\t\t\t\t\t\t\t\t\t<\/div>\n\t\t<\/div>\n\t\t\t\t\t\t\t<\/div>\n\t\t<\/section>\n\t\t\t\t<section class=\"elementor-section elementor-top-section elementor-element elementor-element-49d75975 elementor-section-boxed elementor-section-height-default elementor-section-height-default\" data-id=\"49d75975\" data-element_type=\"section\">\n\t\t\t\t\t\t<div class=\"elementor-container elementor-column-gap-default\">\n\t\t\t\t\t<div class=\"elementor-column elementor-col-100 elementor-top-column elementor-element elementor-element-35c359ef\" data-id=\"35c359ef\" data-element_type=\"column\">\n\t\t\t<div class=\"elementor-widget-wrap elementor-element-populated\">\n\t\t\t\t\t\t\t\t<div class=\"elementor-element elementor-element-388654ef elementor-widget elementor-widget-text-editor\" data-id=\"388654ef\" data-element_type=\"widget\" data-widget_type=\"text-editor.default\">\n\t\t\t\t<div class=\"elementor-widget-container\">\n\t\t\t\t\t\t\t<p><\/p>\n<div>\n<div>\n<article>\n<div>\n<p><b>Some facts:<\/b><\/p>\n<p><strong>2018\/19<\/strong> Circus Dramaturgie Certificate, Centre National des Arts du Cirque Ch\u00e2lons en Champagne (FR) and Ecole Sup\u00e9rieure des Arts du Cirque Brussels<\/p>\n<p><strong>2010- 2015<\/strong> B.Sc. Psychology, (thesis: Regulation of emotions and interhemispheric communication), FernUniversit\u00e4t Hagen<\/p>\n<p><strong>2009-2010<\/strong> \u201cPropedeuse\u201c (dutch diploma) in Circus and Performance Art, Fontys Hogescholen voor de Kunsten, Tilburg, NL<\/p>\n<p>++dance and movement trainings ++<\/p>\n<p><strong>Festivals&nbsp;and venues played on:<\/strong><\/p>\n<p>Festival OFF Avignon, Mercat de les Flors, Journ\u00e9e Th\u00e9\u00e2trales de Catharge, Fira Mediterranea de Manresa, Teatre Principal de Olot, Sprechwerk Hamburg, Gran Teatro de Caceres, B-FIT in the Street Festival Bucharest, La Muralla en Danza Pamplona, La Bisbal, Fringe Festival Madrid, Theaterspektakel Z\u00fcrich, Umore Azoka, Berlin Circus Festival, Teatro Guimer\u00e1 Santa Cruz de Tenerife, Festival Presente Futuro- Teatro Libero Palermo\u2026.<\/p>\n<p><strong>Residences&nbsp;and support:<\/strong><\/p>\n<p>Generalitat de Catalunya, Premis de Barcelona, Mercat de les Flors, INAEM, Ramon Llull, Cirqueon, Roca Umbert F\u00e0brica de les Arts, Wroclawski Instytut Kultury &#8211; Mobility Fund, Becas BCN Crea, Convent de les Arts, Cirklabo, CircusNext+, EU Circus Incubator Project Montreal and Helsinki, Research scholarship Generalitat de Catalunya, Incubator Scholarship La Central del Circ, The Arts Printing House Vilnius; KONVENT, Ponderosa Movement and Discovery, La Central del Circ, Lleialtat Santsenca, NunArt Barcelona, Kulturbahnhof Ottersberg, L\u2019Estruch de Sabadell, LaBonita, Centre Civic El Sortidor, Nau Ivanow, Theaterwerkstatt Pilkentafel, Encirca\u2019t Arenys de Munt, LaBau, Can Gassol Matar\u00f3, Fira Mediterr\u00e0nea de Manresa, Fundaci\u00f3n La Plana, Zirkozaurre, CRAC\u2026<\/p>\n<\/div>\n<\/article>\n<\/div>\n<\/div>\t\t\t\t\t\t<\/div>\n\t\t\t\t<\/div>\n\t\t\t\t\t<\/div>\n\t\t<\/div>\n\t\t\t\t\t\t\t<\/div>\n\t\t<\/section>\n\t\t\t\t\t\t\t<\/div>\n\t\t","protected":false},"excerpt":{"rendered":"<p>BACKGROUND \/\/ Circus artist_ Performer_ Researcher_ Artistic director I worked at the KIEZ in Hamburg \u2013 the red light district \u2013 and at the National Theatre of Tunis. I studied in a circus school in Tilburg (NL), quit after a while, studied psychology, dance and physical theatre on my own rhythm between Germany and Spain, [&hellip;]<\/p>\n","protected":false},"author":1,"featured_media":0,"parent":0,"menu_order":3,"comment_status":"closed","ping_status":"closed","template":"","meta":[],"_links":{"self":[{"href":"http:\/\/vivianfriedrich.info\/index.php?rest_route=\/wp\/v2\/pages\/4"}],"collection":[{"href":"http:\/\/vivianfriedrich.info\/index.php?rest_route=\/wp\/v2\/pages"}],"about":[{"href":"http:\/\/vivianfriedrich.info\/index.php?rest_route=\/wp\/v2\/types\/page"}],"author":[{"embeddable":true,"href":"http:\/\/vivianfriedrich.info\/index.php?rest_route=\/wp\/v2\/users\/1"}],"replies":[{"embeddable":true,"href":"http:\/\/vivianfriedrich.info\/index.php?rest_route=%2Fwp%2Fv2%2Fcomments&post=4"}],"version-history":[{"count":64,"href":"http:\/\/vivianfriedrich.info\/index.php?rest_route=\/wp\/v2\/pages\/4\/revisions"}],"predecessor-version":[{"id":3498,"href":"http:\/\/vivianfriedrich.info\/index.php?rest_route=\/wp\/v2\/pages\/4\/revisions\/3498"}],"wp:attachment":[{"href":"http:\/\/vivianfriedrich.info\/index.php?rest_route=%2Fwp%2Fv2%2Fmedia&parent=4"}],"curies":[{"name":"wp","href":"https:\/\/api.w.org\/{rel}","templated":true}]}}