{"id":2260,"date":"2021-09-19T19:10:57","date_gmt":"2021-09-19T19:10:57","guid":{"rendered":"https:\/\/vivianfriedrich.info\/?page_id=2260"},"modified":"2026-01-22T23:00:53","modified_gmt":"2026-01-22T23:00:53","slug":"agenda-2","status":"publish","type":"page","link":"https:\/\/vivianfriedrich.info\/?page_id=2260&lang=fr","title":{"rendered":"Agenda"},"content":{"rendered":"\t\t<div data-elementor-type=\"wp-page\" data-elementor-id=\"2260\" class=\"elementor elementor-2260 elementor-236\">\n\t\t\t\t\t\t\t\t\t<section class=\"elementor-section elementor-top-section elementor-element elementor-element-4b2aadb elementor-section-boxed elementor-section-height-default elementor-section-height-default\" data-id=\"4b2aadb\" data-element_type=\"section\">\n\t\t\t\t\t\t<div class=\"elementor-container elementor-column-gap-default\">\n\t\t\t\t\t<div class=\"elementor-column elementor-col-100 elementor-top-column elementor-element elementor-element-23c7de0\" data-id=\"23c7de0\" data-element_type=\"column\">\n\t\t\t<div class=\"elementor-widget-wrap elementor-element-populated\">\n\t\t\t\t\t\t\t\t<div class=\"elementor-element elementor-element-0d39a5e elementor-widget elementor-widget-text-editor\" data-id=\"0d39a5e\" data-element_type=\"widget\" data-widget_type=\"text-editor.default\">\n\t\t\t\t<div class=\"elementor-widget-container\">\n\t\t\t<style>\/*! elementor - v3.6.0 - 21-03-2022 *\/\n.elementor-widget-text-editor.elementor-drop-cap-view-stacked .elementor-drop-cap{background-color:#818a91;color:#fff}.elementor-widget-text-editor.elementor-drop-cap-view-framed .elementor-drop-cap{color:#818a91;border:3px solid;background-color:transparent}.elementor-widget-text-editor:not(.elementor-drop-cap-view-default) .elementor-drop-cap{margin-top:8px}.elementor-widget-text-editor:not(.elementor-drop-cap-view-default) .elementor-drop-cap-letter{width:1em;height:1em}.elementor-widget-text-editor .elementor-drop-cap{float:left;text-align:center;line-height:1;font-size:50px}.elementor-widget-text-editor .elementor-drop-cap-letter{display:inline-block}<\/style>\t\t\t\t<p style=\"font-variant-caps: normal;\"><span style=\"text-decoration: underline;\"><b>2026<\/b><\/span><\/p><p style=\"font-variant-caps: normal;\"><b style=\"font-size: 16px;\">19-23\/MAR\/26 \u00a0\u00a0<\/b>I TRUST YOU\u00a0<a style=\"font-size: 16px;\" href=\"https:\/\/fundaciojoanbrossa.cat\/\">@Fundaci\u00f3 Joan Brossa<\/a>, Barcelona<\/p><p style=\"font-variant-caps: normal;\"><b style=\"font-size: 16px;\">26-29\/MAR\/26\u00a0\u00a0<\/b>\u00a0I TRUST YOU\u00a0<a style=\"font-size: 16px;\" href=\"https:\/\/fundaciojoanbrossa.cat\/\">@Fundaci\u00f3 Joan Brossa<\/a>, Barcelona<\/p><p style=\"font-variant-caps: normal;\"><strong>24\/AVRIL\/26\u00a0<\/strong>SKLENKA MELTA <a href=\"https:\/\/www.centrecivicporqueres.cat\/ca\/programacio\/c\/419-vivian-friedrich.html\"><span style=\"font-weight: 400;\">@CentreC\u00edvicPorqueres, <\/span><\/a><span style=\"font-weight: 400;\">Girona<\/span><\/p><p style=\"font-variant-caps: normal;\"><b style=\"font-size: 16px;\">23\/MAY\/26<\/b>\u00a0\u00a0 SKLENKA MELTA\u00a0<a style=\"font-size: 16px;\" href=\"https:\/\/mercatflors.cat\/\">@Mercat de les Flors<\/a>, Barcelona<\/p><p style=\"box-sizing: border-box; overflow-wrap: break-word; margin: 0px 0px 20px; padding: 0px; border: 0px; outline: 0px; font-variant-caps: normal; font-stretch: inherit; line-height: inherit; vertical-align: baseline;\"><b style=\"box-sizing: border-box; margin: 0px; padding: 0px; border: 0px; outline: 0px; font-variant-caps: inherit; font-stretch: inherit; line-height: inherit; vertical-align: baseline; font-family: inherit; font-size: 16px; font-style: inherit; font-weight: bold;\">24\/MAY\/26<\/b>\u00a0\u00a0 SKLENKA MELTA<a style=\"box-sizing: border-box; margin: 0px; padding: 0px; border: 0px; outline: 0px; font-variant-caps: inherit; font-stretch: inherit; line-height: inherit; vertical-align: baseline; font-family: inherit; font-size: 16px; font-style: inherit; font-weight: inherit; background-color: transparent; color: #333333; text-decoration: none; transition: all 0.3s ease 0s; -webkit-box-shadow: none; box-shadow: none;\" href=\"https:\/\/mercatflors.cat\/\">\u00a0@Mercat de les Flors<\/a>, Barcelona<\/p><p style=\"box-sizing: border-box; overflow-wrap: break-word; margin: 0px 0px 20px; padding: 0px; border: 0px; outline: 0px; font-variant-caps: normal; font-stretch: inherit; line-height: inherit; vertical-align: baseline;\">\u00a0<\/p>\t\t\t\t\t\t<\/div>\n\t\t\t\t<\/div>\n\t\t\t\t\t<\/div>\n\t\t<\/div>\n\t\t\t\t\t\t\t<\/div>\n\t\t<\/section>\n\t\t\t\t<section class=\"elementor-section elementor-top-section elementor-element elementor-element-5ca10d6b elementor-section-boxed elementor-section-height-default elementor-section-height-default\" data-id=\"5ca10d6b\" data-element_type=\"section\">\n\t\t\t\t\t\t<div class=\"elementor-container elementor-column-gap-default\">\n\t\t\t\t\t<div class=\"elementor-column elementor-col-100 elementor-top-column elementor-element elementor-element-4470ef49\" data-id=\"4470ef49\" data-element_type=\"column\">\n\t\t\t<div class=\"elementor-widget-wrap elementor-element-populated\">\n\t\t\t\t\t\t\t\t<div class=\"elementor-element elementor-element-1fca817 elementor-widget elementor-widget-text-editor\" data-id=\"1fca817\" data-element_type=\"widget\" data-widget_type=\"text-editor.default\">\n\t\t\t\t<div class=\"elementor-widget-container\">\n\t\t\t\t\t\t\t<p><b style=\"font-variant-caps: normal; font-family: &quot;Open Sans&quot;, sans-serif; font-size: 16px; font-style: normal;\">&#8212;- PASS\u00c9 &#8212;-<\/b><span style=\"text-decoration: underline;\"><strong><br><\/strong><\/span><\/p><p><span style=\"text-decoration: underline;\"><strong><br><\/strong><\/span><\/p><p><span style=\"text-decoration: underline;\"><strong>2025<\/strong><\/span><\/p>\n<p><strong>JAN-MAR<\/strong>&nbsp; Recherche artistique I Trust You &#8211; glask\u00f6rper and a breaking point, coproduction <a href=\"https:\/\/fundaciojoanbrossa.cat\/\">@Fundaci\u00f3 Joan Brossa<\/a><\/p>\n<p><b>15\/MAI\/25 &nbsp;<\/b>SKLENKA MELTA <a href=\"https:\/\/www.trapezi.cat\/en\/espectacle\/sklenka-melta\">@FiraTrapezi<\/a>, Teatre Bartrina, Reus&nbsp;<\/p>\n<p><strong>23\/MAI\/25<\/strong>&nbsp; SKLENKA MELTA <a href=\"https:\/\/www.festusfestival.cat\/\">@Festus<\/a>, Torell\u00f3<\/p>\n<p><b>23\/MAIG\/25<\/b>&nbsp; SKLENKA MELTA <a href=\"https:\/\/www.festusfestival.cat\/\">@Festus<\/a>, Torell\u00f3<\/p>\n<p><b>13\/JUN\/25 &nbsp;<\/b>FRACCIONS, @LustrFest, Kamenick\u00fd \u0160enov, CZ<\/p>\n<p><b>14\/JUN\/25 &nbsp;<\/b>FRACCIONS, @LustrFest, Kamenick\u00fd \u0160enov, CZ<\/p>\n<p><b>3\/JUL\/25 &nbsp;&nbsp;<\/b>SKLENKA MELTA <a href=\"https:\/\/www.barcelona.cat\/grec\/es\/espectaculos\/sklenka-melta\">@FestivalGrec<\/a>, Barcelona<\/p>\n<p><b>4\/JUL\/25 &nbsp;&nbsp;<\/b>SKLENKA MELTA <a href=\"https:\/\/www.barcelona.cat\/grec\/es\/espectaculos\/sklenka-melta\">@FestivalGrec<\/a>, Barcelona<\/p>\n<p><b>23\/JUL- 3\/AUG<\/b> <b>\/25<\/b> Artistic residence I TRUST YOU <a href=\"http:\/\/www.crac-espaciounico.org\/\">@CRAC<\/a>, Extremadura<\/p>\n<p><b>21\/DEC\/25<\/b>&nbsp; &nbsp; SKLENKA MELTA non-conventional space Genova Palazzo <a href=\"https:\/\/circumnavigandofestival.it\/\">@CircumnavigandoFestival<\/a><\/p>\n<p><\/p>\n<p><br><\/p><p><br><\/p>\n<p><\/p>\n<p><span style=\"text-decoration: underline;\"><strong>2024<\/strong><\/span><\/p>\n<p><strong>15-18\/JAN\/24<\/strong>&nbsp; Workshop\/audition Sklenka Melta @ETC Vic<\/p>\n<p><strong>07\/MAR\/24<\/strong>&nbsp; Performance FRACCIONS <a href=\"https:\/\/amicsmda.org\/activitat\/art-en-vidre-de-pilar-aldana-mendez-roser-box-gonzalez-dolors-rosell-mele-maribel-navarro-i-nuria-torrente\/\">@Art-en-Vidre<\/a>, Girona<\/p>\n<p><strong>14\/MAR\/24<\/strong> Performance FRACCIONS <a href=\"https:\/\/amicsmda.org\/activitat\/art-en-vidre-de-pilar-aldana-mendez-roser-box-gonzalez-dolors-rosell-mele-maribel-navarro-i-nuria-torrente\/\">@Art-en-Vidre<\/a>, Girona<\/p>\n<p><strong>21\/MAR\/24<\/strong> Performance FRACCIONS <a href=\"https:\/\/amicsmda.org\/activitat\/art-en-vidre-de-pilar-aldana-mendez-roser-box-gonzalez-dolors-rosell-mele-maribel-navarro-i-nuria-torrente\/\">@Art-en-Vidre<\/a>, Girona<\/p>\n<p><b>10\/MAI\/24<\/b> Showcase Sklenka Melta @Fira Trapezi Reus<\/p>\n<p><strong style=\"font-variant-caps: normal;\">01\/JUN\/24&nbsp;&nbsp;<\/strong>Fragment Sklenka Melta&nbsp;<a style=\"font-variant-caps: normal;\" href=\"https:\/\/objetosconvidrio.com\/2-trobada-del-vidre-a-massanes-girona-cataluna\/\">@Trobada de vidre Massanes<\/a><\/p>\n<p><strong>31\/AGO\/24 <\/strong>Glass performance FRACCIONS #8 <a href=\"https:\/\/crystalvalleyweek.cz\/en\">@Crystal Valley Week<\/a>, Liberec<\/p>\n<p><strong>01\/SEP\/24<\/strong>&nbsp; KRISTALL BOH\u00c8ME<a href=\"https:\/\/letniletna.cz\"> @Letn\u00edLetn\u00e1<\/a>, Prague, CZ<\/p>\n<p><strong>21\/SEP\/24&nbsp;<\/strong> In-situ glass performance FRACCIONS [sklenka melta] <a href=\"https:\/\/www.artsenmouvement.fr\">@CIAM Aix-en-Provence<\/a>, FR<\/p>\n<p><strong>08\/NOV\/24<\/strong> Premiere SKLENKA MELTA <a href=\"https:\/\/mercatflors.cat\/es\/\">@Mercat de les Flors, <\/a>Barcelona (ajourn\u00e9)<\/p>\n<p><strong>9-10\/NOV\/24<\/strong> SKLENKA MELTA <a href=\"https:\/\/mercatflors.cat\/es\/\">@Mercat de les Flors, <\/a>Barcelona (ajourn\u00e9)<\/p>\n<p><b>20-24\/NOV\/24 <\/b>Kristall Boh\u00e8me [in situ] @Circus M\u00fchle Kelbra<\/p>\n<p><\/p>\n<p><span style=\"text-decoration: underline;\"><strong><br><\/strong><\/span><\/p><p><span style=\"text-decoration: underline;\"><strong><br><\/strong><\/span><\/p><p><span style=\"text-decoration: underline;\"><strong>2023<\/strong><\/span><\/p>\n<p><strong>24\/JAN\/23<\/strong>&nbsp; &nbsp;Internationale Kulturb\u00f6rse Freiburg \u2013 Buzz Pitching Session \/\/Kristall Boh\u00e8me<\/p>\n<p><strong>11\/F\u00c9V\/23<\/strong> &nbsp;Breach \u2013&nbsp;<a href=\"https:\/\/www.somnoise.com\/copia-de-espectaculos\">SOM NOISE<\/a>&nbsp;\/ @Teatre l\u2019Ateneu, Celr\u00e0<\/p>\n<p><strong>08\/MAR\/23<\/strong> &nbsp;&nbsp;Breach \u2013&nbsp;<a href=\"https:\/\/www.somnoise.com\/copia-de-espectaculos\">SOM NOISE<\/a>&nbsp;\/ @Teatre La Gorga, Palam\u00f3s<\/p>\n<p><strong>19\/MAR\/22<\/strong> &nbsp;Kristall Boh\u00e8me [Excavaci\u00f3n de una Memoria] \/&nbsp;<a href=\"https:\/\/teatreprincipal.cat\/esdeveniments\/krystall-boheme\/\" target=\"_blank\" rel=\"noopener\">@Teatre Principal, Arenys de Mar<\/a><\/p>\n<p><strong>AVRIL-SEP 2023 &nbsp;<\/strong>Artistic research between glass, movement and circus FRACCIONS and SKLENKA MELTA&nbsp;<\/p>\n<p><b>15\/OCT\/23<\/b> &nbsp;Kristall Boh\u00e8me [Excavaci\u00f3n de una Memoria] \/\/&nbsp;<a href=\"https:\/\/www.nilak.cat\" target=\"_blank\" rel=\"noopener\">@Nilak<\/a>, Vilaller&nbsp;<\/p>\n<p><b>21-22\/OCT\/23<\/b> &nbsp;FRACCIONS @XII Jornades Arts del vidre, Escaldes-Engordany, Andorra<\/p>\n<p style=\"font-variant-caps: normal; font-family: 'Open Sans', sans-serif; font-size: 16px; font-style: normal;\"><b>26\/OCT\/23<\/b> &nbsp;PITCH Sklenka Melta, Artcena @Festival Circa, Auch, FR<\/p>\n<p style=\"font-variant-caps: normal; font-family: 'Open Sans', sans-serif; font-size: 16px; font-style: normal;\"><b>13-17\/NOV\/23<\/b> &nbsp;&nbsp;CircusGlass Lab&nbsp;Sklenka Melta \/\/ @LaCentral del Circ, Barcelona<\/p>\n<p style=\"font-variant-caps: normal; font-family: 'Open Sans', sans-serif; font-size: 16px; font-style: normal;\"><strong>29\/NOV- 3\/D\u00c9C\/23<\/strong> &nbsp;Creation and Dramaturgy Workshop\/\/ @VIII Encuentro D10, Santiago de Compostelas<\/p>\n<p><\/p>\n<p><u><strong style=\"font-size: 16px;\"><br><\/strong><\/u><\/p><p><u><strong style=\"font-size: 16px;\"><br><\/strong><\/u><\/p><p><u><strong style=\"font-size: 16px;\">2022<\/strong><\/u><\/p>\n<p><strong>08\/JAN\/22<\/strong>&nbsp; &nbsp;Breach &#8211;&nbsp;<a style=\"font-family: 'Open Sans', sans-serif; font-size: 16px; font-style: normal; font-variant-caps: normal;\" href=\"https:\/\/www.somnoise.com\/copia-de-espectaculos\">SOM NOISE<\/a>&nbsp;\/ Argentina<\/p>\n<p><strong>28-29\/JAN\/22 &nbsp;<\/strong>&nbsp;&nbsp;Breach &#8211;&nbsp;<a style=\"font-variant-caps: normal; font-family: 'Open Sans', sans-serif; font-size: 16px; font-style: normal;\" href=\"https:\/\/www.somnoise.com\/copia-de-espectaculos\">SOM NOISE<\/a>\/ Escale Catalane <a href=\"https:\/\/la-grainerie.net\">@Grainerie&nbsp;<\/a><\/p>\n<p><b>26\/F\u00c9V\/22 <\/b>&nbsp; &nbsp; &nbsp;Performing GenomaB\/ Albadulake <a href=\"https:\/\/www.oviedo.es\/teatro\/-\/calendars\/event\/1659024\/AsN1z6hAlTTE\">@Teatro Filarm\u00f3nica Oviedo<\/a><\/p>\n<p><b>28\/AVR\/22<\/b> &nbsp;Breach &#8211;&nbsp;<a style=\"font-family: 'Open Sans', sans-serif; font-size: 16px; font-style: normal; font-variant-caps: normal;\" href=\"https:\/\/www.somnoise.com\/copia-de-espectaculos\">SOM NOISE<\/a>&nbsp;\/ <a href=\"https:\/\/www.girona.cat\/teatremunicipal\/cat\/programacio_fitxa.php?id=3132\">@Teatre Girona<\/a><\/p>\n<p><b>30\/AVR\/22<\/b> &nbsp;FRACCIONS#4 [kristall b.] \/ &nbsp;Festivalet&nbsp;<a href=\"https:\/\/fundaciolaplana.wordpress.com\/2022\/04\/10\/festivalet-de-la-plana-3\/\">@Fundaci\u00f3 LaPlana<\/a><\/p>\n<p><b>11-12\/PEUT\/22<\/b>&nbsp;Kristall Boh\u00e8me [excavaci\u00f3n SUR] \/ <a href=\"https:\/\/www.trapezi.cat\/es\/companyies\/vivian-friedrich-the-schubert-sisters\/\">@Fira Trapezi<\/a><\/p>\n<p><b>20-22\/PEUT\/22<\/b> &nbsp;Breach &#8211;&nbsp;<a style=\"font-family: 'Open Sans', sans-serif; font-size: 16px; font-style: normal; font-variant-caps: normal;\" href=\"https:\/\/www.somnoise.com\/copia-de-espectaculos\">SOM NOISE<\/a>&nbsp;\/ <a href=\"https:\/\/mercatflors.cat\/es\/espectacle\/breach\/\">@Mercat de Les Flors<\/a><\/p>\n<p><b>27\/PEUT\/22 <\/b>&nbsp;&nbsp;Kristall Boh\u00e8me [Excavaci\u00f3n de una Memoria] \/ T.E.S.T. &nbsp;<a href=\"http:\/\/Creation Kristal\" data-wplink-url-error=\"true\">@La Central del Circ BCN<\/a><\/p>\n<p><b>2\/JUI\/22 <\/b>&nbsp;&nbsp;Breach &#8211;&nbsp;<a style=\"font-variant-caps: normal; font-family: 'Open Sans', sans-serif; font-size: 16px; font-style: normal;\" href=\"https:\/\/www.somnoise.com\/copia-de-espectaculos\">SOM NOISE<\/a>&nbsp;\/ @Teatre Principal Olot<\/p>\n<p><b>3-5\/JUI\/22<\/b> &nbsp;Kristall Boh\u00e8me [Excavaci\u00f3n de una Memoria] \/ <a href=\"https:\/\/mercatflors.cat\/es\/espectacle\/kristall-boheme\/\">@Mercat de les Flors<\/a><\/p>\n<p><b>9\/JUI\/22<\/b> &nbsp; &nbsp;Kristall Boh\u00e8me [Excavaci\u00f3n de una Memoria] \/ <a href=\"https:\/\/www.olotcultura.cat\/agenda\/acte\/kristall-boheme\/\">@Teatre Principal Olot<\/a><\/p>\n<p><b>15\/JUILLET\/22<\/b>&nbsp;Breach &#8211;&nbsp;<a style=\"font-family: 'Open Sans', sans-serif; font-size: 16px; font-style: normal; font-variant-caps: normal;\" href=\"https:\/\/www.somnoise.com\/copia-de-espectaculos\">SOM NOISE<\/a>&nbsp;\/ @FiraCirc La Bisbal<\/p>\n<p><b>27+28\/AO\u00dbT\/22<\/b>&nbsp;Workshop MOVEMENT SCORES <a href=\"https:\/\/cirqueon.webooker.eu\/Courses\/Register\/123434?returnUrl=Courses&amp;tabName=detail&amp;fbclid=IwAR2lK5HBu1KCaS4kOFYdw1JCM-DaXfT5aFaF48-2J_kyoyxcZanCUXFrVCc\">@Cirqueon Prague<\/a><\/p>\n<p><b>16\/SEP\/22<\/b> &nbsp;Kristall Boh\u00e8me [tranformation d&#8217;un four] \/&nbsp;<a href=\"https:\/\/www.polecirqueverrerie.com\">@LaVerrerie<\/a>&nbsp;d&#8217;Al\u00e8s<\/p>\n<p><b>14\/OCT\/22<\/b> &nbsp;Kristall Boh\u00e8me [duette-en-croix] &#8211; in situ \/ <a href=\"https:\/\/www.30cc.be\/en\/cirklabo\">@Cirklabo<\/a><\/p>\n<p><b>28\/OCT\/22<\/b> &nbsp;Kristall Boh\u00e8me [duette-en-croix] \/ @Cuacos de Yuste &#8211; Jornadas Dramaturgias Visuales<\/p>\n<p><b>5\/NOV\/22<\/b> &nbsp; &nbsp;Kristall Boh\u00e8me [Excavaci\u00f3n de una Memoria] \/ <a href=\"https:\/\/www.rivasciudad.es\/servicio\/cultura\/2020\/01\/30\/auditorio-pilar-bardem\/862600117917\/\">@Auditorio Pilar Bardem<\/a> Rivas Vaciamadrid<\/p>\n<p><b>11+12\/NOV\/22<\/b> &nbsp; &nbsp;GenomaB &#8211; C\u00eda Albadulake \/ Tondela &#8211; Guarda, Portugal<\/p>\n<p><b>30\/NOV\/22 <\/b>&nbsp; &nbsp; &nbsp; &nbsp;&nbsp;GenomaB &#8211; C\u00eda Albadulake \/ Sines, Portugal<\/p>\n<p><strong>01\/D\u00c9C\/22<\/strong> &nbsp; &nbsp; &nbsp; &nbsp;GenomaB &#8211; C\u00eda Albadulake \/ Santiago do&nbsp;Cac\u00e9m, Portugal<\/p>\n<p><strong>18\/D\u00c9C\/22<\/strong> &nbsp; &nbsp; &nbsp;Open rehearsal creation Kristall Boh\u00e8me [la huella] &#8211; performative installation \/ Can Gassol, Matar\u00f3<\/p>\n<p><b>&nbsp;<\/b><\/p>\n<p><u><b>2021<\/b><\/u><\/p>\n<p><strong>20-23\/SEP\/21<\/strong> Creation Kristall Boh\u00e8me \/ LaBau<\/p>\n<p><strong>24\/SEP\/21 <\/strong> Dancing Museums \/ <a href=\"https:\/\/www.fmirobcn.org\/en\/\">Fundaci\u00f3n Mir\u00f3<\/a><\/p>\n<p><strong>27\/SEP- 13\/OCT\/21<\/strong> Creation Kristall Boh\u00e8me \/ <a href=\"https:\/\/labau.net\">LaBau<\/a> + L&#8217;An\u00f3nima Manresa<\/p>\n<p><strong>16 OCT<\/strong> <strong>2021<\/strong> Kristall Boh\u00e8me [excavaci\u00f3n an\u00f3nima] \/ <a href=\"https:\/\/firamediterrania.cat\/es\/next\/2021\/espectacles\/kristall-boheme-excavacion-anonima-vivian-friedrich\">Fira Mediterr\u00e0nea de Manresa<\/a><\/p>\n<p><strong>22\/OCT\/21<\/strong> Breach &#8211; <a href=\"https:\/\/www.somnoise.com\/copia-de-espectaculos\">SOM NOISE<\/a> \/ Terrassa<\/p>\n<p><strong>8-10\/NOV\/21<\/strong> Creaci\u00f3n Vidrio Soplado &#8211; <a href=\"https:\/\/vidriosorribes.com\">Vidrio Sorribes,<\/a> Valencia<\/p>\n<p><strong>15-19\/NOV\/21<\/strong> De lo f\u00edsico al imaginario &#8211; Taller \/ MADPAC <a href=\"https:\/\/www.instagram.com\/el_invernadero_circo\/?hl=es\">@Invernadero<\/a> Madrid<\/p>\n<p><strong>25\/NOV\/21<\/strong> Breach &#8211; <a href=\"https:\/\/www.somnoise.com\/copia-de-espectaculos\">SOM NOISE<\/a> \/ La Lira Tremp<\/p>\n<p><strong>26\/NOV\/21<\/strong> Breach &#8211; <a href=\"https:\/\/www.somnoise.com\/copia-de-espectaculos\">SOM NOISE<\/a> \/ Teatre Auditori Cardedeu<\/p>\n<p><strong>28\/NOV\/21<\/strong> Mesa Redonda &#8211;<a href=\"https:\/\/enlacuerdafloja.com\/programa\/mesaredonda\/\"> En la Cuerda Floja<\/a> \/\/ <a href=\"https:\/\/cdat.es\">CdAT<\/a> , Santander<\/p>\n<p><strong>9-11\/D\u00c9C\/21<\/strong> Jornadas Dramaturgia y Escritura Esc\u00e9nica \/ <a href=\"https:\/\/lacentraldelcirc.cat\/jornades-sobre-dramaturgia\/?lang=es\">LaCentraldel Circ BCN<\/a><\/p>\t\t\t\t\t\t<\/div>\n\t\t\t\t<\/div>\n\t\t\t\t\t<\/div>\n\t\t<\/div>\n\t\t\t\t\t\t\t<\/div>\n\t\t<\/section>\n\t\t\t\t\t\t\t<\/div>\n\t\t","protected":false},"excerpt":{"rendered":"<p>2026 19-23\/MAR\/26 \u00a0\u00a0I TRUST YOU\u00a0@Fundaci\u00f3 Joan Brossa, Barcelona 26-29\/MAR\/26\u00a0\u00a0\u00a0I TRUST YOU\u00a0@Fundaci\u00f3 Joan Brossa, Barcelona 24\/AVRIL\/26\u00a0SKLENKA MELTA @CentreC\u00edvicPorqueres, Girona 23\/MAY\/26\u00a0\u00a0 SKLENKA MELTA\u00a0@Mercat de les Flors, Barcelona 24\/MAY\/26\u00a0\u00a0 SKLENKA MELTA\u00a0@Mercat de les Flors, Barcelona \u00a0 &#8212;- PASS\u00c9 &#8212;- 2025 JAN-MAR&nbsp; Recherche artistique I Trust You &#8211; glask\u00f6rper and a breaking point, coproduction @Fundaci\u00f3 Joan Brossa 15\/MAI\/25 &nbsp;SKLENKA [&hellip;]<\/p>\n","protected":false},"author":1,"featured_media":0,"parent":0,"menu_order":0,"comment_status":"closed","ping_status":"closed","template":"","meta":[],"_links":{"self":[{"href":"https:\/\/vivianfriedrich.info\/index.php?rest_route=\/wp\/v2\/pages\/2260"}],"collection":[{"href":"https:\/\/vivianfriedrich.info\/index.php?rest_route=\/wp\/v2\/pages"}],"about":[{"href":"https:\/\/vivianfriedrich.info\/index.php?rest_route=\/wp\/v2\/types\/page"}],"author":[{"embeddable":true,"href":"https:\/\/vivianfriedrich.info\/index.php?rest_route=\/wp\/v2\/users\/1"}],"replies":[{"embeddable":true,"href":"https:\/\/vivianfriedrich.info\/index.php?rest_route=%2Fwp%2Fv2%2Fcomments&post=2260"}],"version-history":[{"count":61,"href":"https:\/\/vivianfriedrich.info\/index.php?rest_route=\/wp\/v2\/pages\/2260\/revisions"}],"predecessor-version":[{"id":4120,"href":"https:\/\/vivianfriedrich.info\/index.php?rest_route=\/wp\/v2\/pages\/2260\/revisions\/4120"}],"wp:attachment":[{"href":"https:\/\/vivianfriedrich.info\/index.php?rest_route=%2Fwp%2Fv2%2Fmedia&parent=2260"}],"curies":[{"name":"wp","href":"https:\/\/api.w.org\/{rel}","templated":true}]}}